{"id":60006,"date":"2023-07-01T12:14:35","date_gmt":"2023-07-01T10:14:35","guid":{"rendered":"http:\/\/www.libraria-occitana.org\/?post_type=product&#038;p=60006"},"modified":"2026-04-29T10:24:59","modified_gmt":"2026-04-29T08:24:59","slug":"riviere-dordogne-tresor-ecologique-sediments-15-les-grands-cahiers-perigord-patrimoines","status":"publish","type":"product","link":"https:\/\/www.libraria-occitana.org\/en\/product\/riviere-dordogne-tresor-ecologique-sediments-15-les-grands-cahiers-perigord-patrimoines\/","title":{"rendered":"Rivi\u00e8re Dordogne, tr\u00e9sor \u00e9cologique \/ S\u00e9diments 15 &#8211; Les grands cahiers P\u00e9rigord Patrimoines"},"content":{"rendered":"<p>La Dordogne est un fleuve.<\/p>\n<p>Pourtant, les gens d\u2019ici l\u2019ont toujours consid\u00e9r\u00e9e comme une rivi\u00e8re, d\u2019une dimension plus facile a\u0300 apprivoiser, a\u0300 tutoyer. Depuis la nuit des temps, elle structure le paysage, assure les grands usages comme la p\u00eache, la circulation des hommes et des biens, bient\u00f4t l\u2019\u00e9nergie, l\u2019irrigation et le tourisme&#8230; Elle est si g\u00e9n\u00e9reuse !<\/p>\n<p>La Dordogne et tout son chevelu d\u2019affluents composent un vaste bassin versant de 24 000 km2, peupl\u00e9 d\u2019un million d\u2019habitants. Les faibles densit\u00e9s humaines l\u2019ont globalement pr\u00e9serv\u00e9e des principaux rejets polluants li\u00e9s aux usages industriels et urbains. La bonne qualit\u00e9 des eaux rend la rivi\u00e8re apte a\u0300 la baignade et a\u0300 la diversit\u00e9 de la vie aquatique. Riverains et visiteurs le mesurent aujourd\u2019hui : c\u2019est un v\u00e9ritable tr\u00e9sor \u00e9cologique qu\u2019ils c\u00f4toient. Son int\u00e9gration dans le r\u00e9seau \u00ab R\u00e9serve de biosph\u00e8re UNESCO \u00bb fut une v\u00e9ritable cons\u00e9cration mondiale en 2012.<\/p>\n<p>Des sources a\u0300 l\u2019estuaire, la vari\u00e9t\u00e9 des poissons est innombrable, parmi lesquels les huit esp\u00e8ces migratrices comme le saumon, l\u2019alose ou encore l\u2019anguille. Petites bestioles, batraciens, oiseaux et mammif\u00e8res vivent dans l\u2019eau ou pr\u00e8s des berges. La loutre, qui avait presque disparue, colonise a\u0300 nouveau les vall\u00e9es. Arbres, arbustes et plantes aquatiques jouent pleinement leur r\u00f4le dans cette mosa\u00efque de milieux a\u0300 la riche biodiversit\u00e9.<\/p>\n<p>N\u00e9anmoins, les probl\u00e8mes ne sont pas inexistants. Les nombreux barrages ont bris\u00e9 la continuit\u00e9 \u00e9cologique et s\u00e9dimentaire. Aussi, au XXe si\u00e8cle, l\u2019extraction massive des sables et galets en lit mineur a aggrav\u00e9 les d\u00e9s\u00e9quilibres. La rivi\u00e8re s\u2019enfonce, se chenalise, se coupe de ses pr\u00e9cieux bras morts. Le pi\u00e9geage des galets par les barrages ajout\u00e9 aux passes a\u0300 poissons parfois inadapt\u00e9es suscitent une forte inqui\u00e9tude sur la p\u00e9rennit\u00e9 de la pr\u00e9sence des poissons migrateurs. Certaines esp\u00e8ces invasives fragilisent animaux et plantes end\u00e9miques. Bref, notre Dordogne r\u00e9clame aujourd\u2019hui tous les soins.<\/p>\n<p>Depuis 30 ans, l\u2019\u00e9tablissement public EPIDOR est au chevet du cours d\u2019eau, corrigeant peu a\u0300 peu les effets n\u00e9gatifs induits par les am\u00e9nagements et activit\u00e9s humaines. Dans un contexte de rar\u00e9faction de la ressource en eau et du d\u00e9r\u00e8glement climatique, collectivit\u00e9s, associations et riverains tentent ainsi de se coordonner pour prot\u00e9ger et restaurer la belle rivi\u00e8re. Et garantir durablement un avenir harmonieux a\u0300 la vall\u00e9e et ses habitants.<\/p>\n<p><strong>Auteurs :<\/strong><\/p>\n<p>Collectif dirig\u00e9 par Roland Thieleke (directeur d\u2019Epidor, \u00e9tablissement public en charge du suivi \u00e9cologique de la Dordogne) et de Romain Bondonneau (\u00e9diteur et auteur de nombreuses publications sur les patrimoines).<\/p>\n<p>Avec la participation de Fr\u00e9d\u00e9ric Hoffmann, Jean-Baptiste Mboungou, R\u00e9mi Labrusse, Androula Michael, Anne-Marie Cocula, Alexandre Pau, EPIDOR, Roland Thieleke, Justine Quetier, Meriem Bouamrane, Ghislain Huyghe, Jean-Claude Martegoutte, Alain Dutartre, Gilles Cl\u00e9ment, Marc Villar, Fr\u00e9d\u00e9ric Moinot, Olivier Guerri, Charles Lemarchand, Pascal Verdeyroux, Matthieu Chanseau, Christophe Aubel, Denis Salles, Jean-Philippe Pierron, Gilbert Cochet.<\/p>\n<p>Pr\u00e9face de Christian Signol.<\/p>\n","protected":false},"excerpt":{"rendered":"<p>La Dordogne est un fleuve. Pourtant, les gens d\u2019ici l\u2019ont toujours consid\u00e9r\u00e9e comme une rivi\u00e8re, d\u2019une dimension plus facile a\u0300 apprivoiser, a\u0300 tutoyer. Depuis la nuit des temps, elle structure le paysage, assure les grands usages comme la p\u00eache, la circulation des hommes et des biens, bient\u00f4t l\u2019\u00e9nergie, l\u2019irrigation et le tourisme&#8230; Elle est si [&hellip;]<\/p>\n","protected":false},"featured_media":60009,"template":"","meta":{"_acf_changed":false,"_genesis_hide_title":false,"_genesis_hide_breadcrumbs":false,"_genesis_hide_singular_image":false,"_genesis_hide_footer_widgets":false,"_genesis_custom_body_class":"","_genesis_custom_post_class":"","_genesis_layout":""},"product_brand":[],"product_cat":[7132,7200,7196],"product_tag":[],"class_list":{"0":"post-60006","1":"product","2":"type-product","3":"status-publish","4":"has-post-thumbnail","6":"product_cat-books","7":"product_cat-nature-gardening-en","8":"product_cat-nature-tourism-en","9":"pa_auteur-bondonneau-romain-en","10":"pa_auteur-collectiu-en-2","11":"pa_auteur-thieleke-roland-en","12":"pa_editeur-les-editions-du-ruisseau-en","13":"pa_langue-francais-en","14":"entry","16":"first","17":"instock","18":"shipping-taxable","19":"purchasable","20":"product-type-simple"},"acf":[],"_links":{"self":[{"href":"https:\/\/www.libraria-occitana.org\/en\/wp-json\/wp\/v2\/product\/60006","targetHints":{"allow":["GET"]}}],"collection":[{"href":"https:\/\/www.libraria-occitana.org\/en\/wp-json\/wp\/v2\/product"}],"about":[{"href":"https:\/\/www.libraria-occitana.org\/en\/wp-json\/wp\/v2\/types\/product"}],"wp:featuredmedia":[{"embeddable":true,"href":"https:\/\/www.libraria-occitana.org\/en\/wp-json\/wp\/v2\/media\/60009"}],"wp:attachment":[{"href":"https:\/\/www.libraria-occitana.org\/en\/wp-json\/wp\/v2\/media?parent=60006"}],"wp:term":[{"taxonomy":"product_brand","embeddable":true,"href":"https:\/\/www.libraria-occitana.org\/en\/wp-json\/wp\/v2\/product_brand?post=60006"},{"taxonomy":"product_cat","embeddable":true,"href":"https:\/\/www.libraria-occitana.org\/en\/wp-json\/wp\/v2\/product_cat?post=60006"},{"taxonomy":"product_tag","embeddable":true,"href":"https:\/\/www.libraria-occitana.org\/en\/wp-json\/wp\/v2\/product_tag?post=60006"}],"curies":[{"name":"wp","href":"https:\/\/api.w.org\/{rel}","templated":true}]}}