{"id":60018,"date":"2023-10-12T12:41:09","date_gmt":"2023-10-12T10:41:09","guid":{"rendered":"http:\/\/www.libraria-occitana.org\/product\/teinture-sauvage-de-la-plante-a-la-couleur-initiation-a-la-teinture-vegetale\/"},"modified":"2026-04-26T20:32:01","modified_gmt":"2026-04-26T18:32:01","slug":"teinture-sauvage-de-la-plante-a-la-couleur-initiation-a-la-teinture-vegetale","status":"publish","type":"product","link":"https:\/\/www.libraria-occitana.org\/en\/product\/teinture-sauvage-de-la-plante-a-la-couleur-initiation-a-la-teinture-vegetale\/","title":{"rendered":"Teinture sauvage : De la plante \u00e0 la couleur, initiation \u00e0 la teinture v\u00e9g\u00e9tale"},"content":{"rendered":"<p>Dans une d\u00e9marche singuli\u00e8re qui associe amour des plantes et go\u00fbt des mati\u00e8res naturelles, po\u00e9sie et artisanat, C\u00e9line Philippe nous initie \u00e0 la teinture v\u00e9g\u00e9tale, et nous m\u00e8ne sur le chemin de la couleur.<\/p>\n<p>En explorant la technique d&#8217;un mordan\u00e7age 100% v\u00e9g\u00e9tal \u2013 sans sel d&#8217;alun ni produits de synth\u00e8se \u2013, vous apprendrez \u00e0 faire vos couleurs uniquement \u00e0 partir de plantes, exp\u00e9rience d&#8217;une philosophie de vie tourn\u00e9e vers l&#8217;\u00e9coute de la nature et du vivant. Des grands principes de la teinture v\u00e9g\u00e9tale jusqu&#8217;\u00e0 leur mise en pratique avec des id\u00e9es de recettes, C\u00e9line Philippe offre au lecteur tous ses conseils et inspirations pour cr\u00e9er et d\u00e9couvrir l&#8217;art de r\u00e9v\u00e9ler la couleur des plantes.<br \/>\n<em>Teinture sauvage<\/em> est une invitation \u00e0 explorer la richesse de notre flore et ses tr\u00e9sors cach\u00e9s, pour mieux l&#8217;aimer et la pr\u00e9server.<\/p>\n<p>C\u00e9line Philippe, d&#8217;origine lyonnaise, est la cr\u00e9atrice de <a href=\"https:\/\/teinturesauvage.fr\/\">Teinture Sauvage<\/a>, un site internet et une page Instagram consacr\u00e9s \u00e0 une production artisanale de couleurs enti\u00e8rement v\u00e9g\u00e9tales sur des fibres textiles naturelles et \u00e9cologiques.<\/p>\n","protected":false},"excerpt":{"rendered":"<p>Dans une d\u00e9marche singuli\u00e8re qui associe amour des plantes et go\u00fbt des mati\u00e8res naturelles, po\u00e9sie et artisanat, C\u00e9line Philippe nous initie \u00e0 la teinture v\u00e9g\u00e9tale, et nous m\u00e8ne sur le chemin de la couleur. En explorant la technique d&#8217;un mordan\u00e7age 100% v\u00e9g\u00e9tal \u2013 sans sel d&#8217;alun ni produits de synth\u00e8se \u2013, vous apprendrez \u00e0 faire [&hellip;]<\/p>\n","protected":false},"featured_media":60013,"template":"","meta":{"_acf_changed":false,"_genesis_hide_title":false,"_genesis_hide_breadcrumbs":false,"_genesis_hide_singular_image":false,"_genesis_hide_footer_widgets":false,"_genesis_custom_body_class":"","_genesis_custom_post_class":"","_genesis_layout":""},"product_brand":[],"product_cat":[7132,7212,7206],"product_tag":[],"class_list":{"0":"post-60018","1":"product","2":"type-product","3":"status-publish","4":"has-post-thumbnail","6":"product_cat-books","7":"product_cat-traditional-skills-savoirs-faire-en","8":"product_cat-traditions-heritage-en","9":"pa_auteur-philippe-celine-en","10":"pa_editeur-hoebeke-en","11":"pa_langue-francais-en","12":"entry","14":"first","15":"outofstock","16":"shipping-taxable","17":"purchasable","18":"product-type-simple"},"acf":[],"_links":{"self":[{"href":"https:\/\/www.libraria-occitana.org\/en\/wp-json\/wp\/v2\/product\/60018","targetHints":{"allow":["GET"]}}],"collection":[{"href":"https:\/\/www.libraria-occitana.org\/en\/wp-json\/wp\/v2\/product"}],"about":[{"href":"https:\/\/www.libraria-occitana.org\/en\/wp-json\/wp\/v2\/types\/product"}],"wp:featuredmedia":[{"embeddable":true,"href":"https:\/\/www.libraria-occitana.org\/en\/wp-json\/wp\/v2\/media\/60013"}],"wp:attachment":[{"href":"https:\/\/www.libraria-occitana.org\/en\/wp-json\/wp\/v2\/media?parent=60018"}],"wp:term":[{"taxonomy":"product_brand","embeddable":true,"href":"https:\/\/www.libraria-occitana.org\/en\/wp-json\/wp\/v2\/product_brand?post=60018"},{"taxonomy":"product_cat","embeddable":true,"href":"https:\/\/www.libraria-occitana.org\/en\/wp-json\/wp\/v2\/product_cat?post=60018"},{"taxonomy":"product_tag","embeddable":true,"href":"https:\/\/www.libraria-occitana.org\/en\/wp-json\/wp\/v2\/product_tag?post=60018"}],"curies":[{"name":"wp","href":"https:\/\/api.w.org\/{rel}","templated":true}]}}