{"id":60024,"date":"2022-10-12T13:11:30","date_gmt":"2022-10-12T11:11:30","guid":{"rendered":"http:\/\/www.libraria-occitana.org\/?post_type=product&#038;p=60024"},"modified":"2025-03-09T00:12:34","modified_gmt":"2025-03-08T23:12:34","slug":"cancons-del-meu-vilatge-chansons-de-mon-village-libre-cd","status":"publish","type":"product","link":"https:\/\/www.libraria-occitana.org\/en\/product\/cancons-del-meu-vilatge-chansons-de-mon-village-libre-cd\/","title":{"rendered":"Can\u00e7ons del meu vilatge &#8211; Chansons de mon village (libre + CD)"},"content":{"rendered":"<p><em>Las can\u00e7ons de vilatges<\/em>, les chansons de village, sorte d\u2019hymnes locaux, se sont multipli\u00e9es en Occitanie \u2013 \u00e0 l\u2019instar d\u2019autres r\u00e9gions \u2013 essentiellement entre 1850 et 1950. L\u2019une des plus anciennes, la Tolosenca, compos\u00e9e par Lucien Mengaud en 1844 a influenc\u00e9 sans nul doute nombre de compositions post\u00e9rieures.<\/p>\n<p>Chanter sa ville ou son village (en occitan en l\u2019occurrence) reste encore aujourd\u2019hui une fa\u00e7on de se positionner par rapport aux autres, aux villes voisines, mais aussi de revendiquer sa culture vis-\u00e0-vis de la langue dominante.<\/p>\n<p>Au-del\u00e0 des clich\u00e9s inh\u00e9rents \u00e0 ce type de compositions, on y d\u00e9couvre de poignants et passionnants t\u00e9moignages historiques, ethnographiques et linguistiques, qui sont autant d\u2019invitations au voyage dans l\u2019espace et dans le temps.<\/p>\n<p>Sur le CD, vous trouverez les collectages des chansons effectu\u00e9s par l&#8217;association CORDAE \/ La Talvera.<\/p>\n","protected":false},"excerpt":{"rendered":"<p>Las can\u00e7ons de vilatges, les chansons de village, sorte d\u2019hymnes locaux, se sont multipli\u00e9es en Occitanie \u2013 \u00e0 l\u2019instar d\u2019autres r\u00e9gions \u2013 essentiellement entre 1850 et 1950. L\u2019une des plus anciennes, la Tolosenca, compos\u00e9e par Lucien Mengaud en 1844 a influenc\u00e9 sans nul doute nombre de compositions post\u00e9rieures. Chanter sa ville ou son village (en [&hellip;]<\/p>\n","protected":false},"featured_media":60022,"template":"","meta":{"_acf_changed":false,"_genesis_hide_title":false,"_genesis_hide_breadcrumbs":false,"_genesis_hide_singular_image":false,"_genesis_hide_footer_widgets":false,"_genesis_custom_body_class":"","_genesis_custom_post_class":"","_genesis_layout":""},"product_brand":[],"product_cat":[7132,7190,7192],"product_tag":[],"class_list":{"0":"post-60024","1":"product","2":"type-product","3":"status-publish","4":"has-post-thumbnail","6":"product_cat-books","7":"product_cat-music-dances-en","8":"product_cat-scores-lyrics-en","9":"pa_auteur-loddo-daniel-en","10":"pa_editeur-cordae-la-talvera-en","11":"pa_langue-occitan-lengadocian-en","12":"pa_langue-occitan-francais-en","13":"entry","15":"first","16":"outofstock","17":"shipping-taxable","18":"purchasable","19":"product-type-simple"},"acf":[],"_links":{"self":[{"href":"https:\/\/www.libraria-occitana.org\/en\/wp-json\/wp\/v2\/product\/60024","targetHints":{"allow":["GET"]}}],"collection":[{"href":"https:\/\/www.libraria-occitana.org\/en\/wp-json\/wp\/v2\/product"}],"about":[{"href":"https:\/\/www.libraria-occitana.org\/en\/wp-json\/wp\/v2\/types\/product"}],"wp:featuredmedia":[{"embeddable":true,"href":"https:\/\/www.libraria-occitana.org\/en\/wp-json\/wp\/v2\/media\/60022"}],"wp:attachment":[{"href":"https:\/\/www.libraria-occitana.org\/en\/wp-json\/wp\/v2\/media?parent=60024"}],"wp:term":[{"taxonomy":"product_brand","embeddable":true,"href":"https:\/\/www.libraria-occitana.org\/en\/wp-json\/wp\/v2\/product_brand?post=60024"},{"taxonomy":"product_cat","embeddable":true,"href":"https:\/\/www.libraria-occitana.org\/en\/wp-json\/wp\/v2\/product_cat?post=60024"},{"taxonomy":"product_tag","embeddable":true,"href":"https:\/\/www.libraria-occitana.org\/en\/wp-json\/wp\/v2\/product_tag?post=60024"}],"curies":[{"name":"wp","href":"https:\/\/api.w.org\/{rel}","templated":true}]}}