{"id":60082,"date":"2006-11-16T17:00:00","date_gmt":"2006-11-16T16:00:00","guid":{"rendered":"http:\/\/www.libraria-occitana.org\/product\/cheval-limousin-chevaux-en-limousin\/"},"modified":"2026-04-19T22:16:26","modified_gmt":"2026-04-19T20:16:26","slug":"cheval-limousin-chevaux-en-limousin","status":"publish","type":"product","link":"https:\/\/www.libraria-occitana.org\/en\/product\/cheval-limousin-chevaux-en-limousin\/","title":{"rendered":"Cheval limousin, Chevaux en Limousin"},"content":{"rendered":"<p>Cet ouvrage collectif se veut la somme des regards critiques port\u00e9s par une \u00e9quipe d\u2019historiens sur ce cheval de grande et tr\u00e8s ancienne r\u00e9putation, toujours d\u00e9crit comme le prototype du cheval \u00e9l\u00e9gant et solide, vaillant au combat et parfaitement adapt\u00e9 \u00e0 ses conditions de vie. Au fil des si\u00e8cles, sa sup\u00e9riorit\u00e9 comme cheval de selle id\u00e9al pour l\u2019\u00e9cuyer, le propri\u00e9taire noble et l\u2019officier de cavalerie l\u00e9g\u00e8re a \u00e9t\u00e9 soulign\u00e9e et entretenue par tous les polygraphes \u00e9questres. Si l\u2019importance prise par la voiture puis la disparition de la cavalerie ont fait chuter les effectifs, les chevaux de selle ne disparaissent pas pour autant du Limousin. Au travers des courses de plat et d\u2019obstacles, qui ont d\u00e9but\u00e9 tr\u00e8s t\u00f4t, de la chasse au sanglier et au loup, des challenges de tous niveaux que s\u2019imposent les militaires, les chevaux limousins se retrouvent vite au centre des nouvelles activit\u00e9s appel\u00e9es aujourd\u2019hui sports \u00e9questres ou de loisir.<br \/>\nC\u2019est cette histoire qu\u2019\u00e9clairent les diff\u00e9rentes contributions tout en proposant un nouveau regard sur ce cheval et sur les hommes qui, en Limousin, l\u2019ont fait na\u00eetre, s\u2019en sont servis et ont su en parler.<\/p>\n","protected":false},"excerpt":{"rendered":"<p>Cet ouvrage collectif se veut la somme des regards critiques port\u00e9s par une \u00e9quipe d\u2019historiens sur ce cheval de grande et tr\u00e8s ancienne r\u00e9putation, toujours d\u00e9crit comme le prototype du cheval \u00e9l\u00e9gant et solide, vaillant au combat et parfaitement adapt\u00e9 \u00e0 ses conditions de vie. Au fil des si\u00e8cles, sa sup\u00e9riorit\u00e9 comme cheval de selle [&hellip;]<\/p>\n","protected":false},"featured_media":60077,"template":"","meta":{"_acf_changed":false,"_genesis_hide_title":false,"_genesis_hide_breadcrumbs":false,"_genesis_hide_singular_image":false,"_genesis_hide_footer_widgets":false,"_genesis_custom_body_class":"","_genesis_custom_post_class":"","_genesis_layout":""},"product_brand":[],"product_cat":[7132,7156,7148],"product_tag":[],"class_list":{"0":"post-60082","1":"product","2":"type-product","3":"status-publish","4":"has-post-thumbnail","6":"product_cat-books","7":"product_cat-general-history-en","8":"product_cat-history-geography-en","9":"pa_auteur-barriere-bernadette-en","10":"pa_auteur-blomac-nicole-de-en","11":"pa_auteur-collectiu-en-2","12":"pa_editeur-pu-limoges-en","13":"pa_langue-francais-en","14":"entry","16":"first","17":"instock","18":"shipping-taxable","19":"purchasable","20":"product-type-simple"},"acf":[],"_links":{"self":[{"href":"https:\/\/www.libraria-occitana.org\/en\/wp-json\/wp\/v2\/product\/60082","targetHints":{"allow":["GET"]}}],"collection":[{"href":"https:\/\/www.libraria-occitana.org\/en\/wp-json\/wp\/v2\/product"}],"about":[{"href":"https:\/\/www.libraria-occitana.org\/en\/wp-json\/wp\/v2\/types\/product"}],"wp:featuredmedia":[{"embeddable":true,"href":"https:\/\/www.libraria-occitana.org\/en\/wp-json\/wp\/v2\/media\/60077"}],"wp:attachment":[{"href":"https:\/\/www.libraria-occitana.org\/en\/wp-json\/wp\/v2\/media?parent=60082"}],"wp:term":[{"taxonomy":"product_brand","embeddable":true,"href":"https:\/\/www.libraria-occitana.org\/en\/wp-json\/wp\/v2\/product_brand?post=60082"},{"taxonomy":"product_cat","embeddable":true,"href":"https:\/\/www.libraria-occitana.org\/en\/wp-json\/wp\/v2\/product_cat?post=60082"},{"taxonomy":"product_tag","embeddable":true,"href":"https:\/\/www.libraria-occitana.org\/en\/wp-json\/wp\/v2\/product_tag?post=60082"}],"curies":[{"name":"wp","href":"https:\/\/api.w.org\/{rel}","templated":true}]}}