{"id":60086,"date":"2023-04-16T17:37:43","date_gmt":"2023-04-16T15:37:43","guid":{"rendered":"http:\/\/www.libraria-occitana.org\/?post_type=product&#038;p=60086"},"modified":"2026-04-19T23:26:15","modified_gmt":"2026-04-19T21:26:15","slug":"la-graulha-de-gran-boca","status":"publish","type":"product","link":"https:\/\/www.libraria-occitana.org\/en\/product\/la-graulha-de-gran-boca\/","title":{"rendered":"La graulha de gran boca"},"content":{"rendered":"<p>Traduction de <em>La grenouille \u00e0 grande bouche<\/em>, d&#8217;\u00c9lodie Nouhen et Francine Vidal, paru en 2001 aux \u00e9ditions Didier Jeunesse.<\/p>\n<p>La grenouille \u00e0 grande bouche gobe des mouches avec sa grande bouche.<br \/>\nElle vit dans une mare sur un n\u00e9nuphar qui lui sert de plongeoir.<\/p>\n","protected":false},"excerpt":{"rendered":"<p>Traduction de La grenouille \u00e0 grande bouche, d&#8217;\u00c9lodie Nouhen et Francine Vidal, paru en 2001 aux \u00e9ditions Didier Jeunesse. La grenouille \u00e0 grande bouche gobe des mouches avec sa grande bouche. Elle vit dans une mare sur un n\u00e9nuphar qui lui sert de plongeoir.<\/p>\n","protected":false},"featured_media":60089,"template":"","meta":{"_acf_changed":false,"_genesis_hide_title":false,"_genesis_hide_breadcrumbs":false,"_genesis_hide_singular_image":false,"_genesis_hide_footer_widgets":false,"_genesis_custom_body_class":"","_genesis_custom_post_class":"","_genesis_layout":""},"product_brand":[],"product_cat":[7132,7170,7164],"product_tag":[],"class_list":{"0":"post-60086","1":"product","2":"type-product","3":"status-publish","4":"has-post-thumbnail","6":"product_cat-books","7":"product_cat-juvenile-en","8":"product_cat-juvenile-and-teen-comics-humour-en","9":"pa_auteur-nouhen-elodie-en","10":"pa_auteur-vidal-francine-en","11":"pa_illustrateur-guilhemjoan-patric-1-en","12":"pa_langue-occitan-en","13":"pa_langue-occitan-gascon-en","14":"entry","16":"first","17":"instock","18":"shipping-taxable","19":"purchasable","20":"product-type-simple"},"acf":[],"_links":{"self":[{"href":"https:\/\/www.libraria-occitana.org\/en\/wp-json\/wp\/v2\/product\/60086","targetHints":{"allow":["GET"]}}],"collection":[{"href":"https:\/\/www.libraria-occitana.org\/en\/wp-json\/wp\/v2\/product"}],"about":[{"href":"https:\/\/www.libraria-occitana.org\/en\/wp-json\/wp\/v2\/types\/product"}],"wp:featuredmedia":[{"embeddable":true,"href":"https:\/\/www.libraria-occitana.org\/en\/wp-json\/wp\/v2\/media\/60089"}],"wp:attachment":[{"href":"https:\/\/www.libraria-occitana.org\/en\/wp-json\/wp\/v2\/media?parent=60086"}],"wp:term":[{"taxonomy":"product_brand","embeddable":true,"href":"https:\/\/www.libraria-occitana.org\/en\/wp-json\/wp\/v2\/product_brand?post=60086"},{"taxonomy":"product_cat","embeddable":true,"href":"https:\/\/www.libraria-occitana.org\/en\/wp-json\/wp\/v2\/product_cat?post=60086"},{"taxonomy":"product_tag","embeddable":true,"href":"https:\/\/www.libraria-occitana.org\/en\/wp-json\/wp\/v2\/product_tag?post=60086"}],"curies":[{"name":"wp","href":"https:\/\/api.w.org\/{rel}","templated":true}]}}