{"id":60127,"date":"2022-11-19T16:51:52","date_gmt":"2022-11-19T15:51:52","guid":{"rendered":"http:\/\/www.libraria-occitana.org\/?post_type=product&#038;p=60127"},"modified":"2026-04-29T10:20:33","modified_gmt":"2026-04-29T08:20:33","slug":"passejadas-toponimicas-los-noms-dels-luocs-doccitania","status":"publish","type":"product","link":"https:\/\/www.libraria-occitana.org\/en\/product\/passejadas-toponimicas-los-noms-dels-luocs-doccitania\/","title":{"rendered":"Passejadas toponimicas : Los noms dels lu\u00f2cs d&#8217;Occitania"},"content":{"rendered":"<p>Les <em>Passejadas toponimicas<\/em> (Promenades toponymiques) de Paul Fabre : un livre de toponymie occitane aussi agr\u00e9able \u00e0 lire que savant. \u00c9crit en langue occitane, il montre, s\u2019il en \u00e9tait besoin, que l\u2019occitan peut \u00eatre une langue d\u2019\u00e9tude et de d\u00e9couverte.<\/p>\n<p>L\u2019auteur a r\u00e9ussi \u00e0 \u00e9crire un livre bas\u00e9 sur des connaissances tr\u00e8s s\u00e9rieuses dans un langage simple, \u00e0 la port\u00e9e du plus grand nombre. Un ouvrage de vulgarisation au bon sens du terme.<br \/>\nTout savant et \u00e9rudit qu\u2019il soit, Paul Fabre sait rire et se moquer des explications de fantaisie que l\u2019on peut trop souvent rencontrer et il corrige avec vigueur les erreurs de ces ignorants ou faux savants.<\/p>\n<p>Tout au long d\u2019une soixantaine de courtes chroniques, les <em>Passejadas toponimicas<\/em> de Paul Fabre sont un voyage amoureux dans la langue d\u2019oc, en passant par collines, combes et vall\u00e9es, au gr\u00e9 des eaux, cheminant par villages, et cit\u00e9s du Pays d\u2019Oc.<\/p>\n","protected":false},"excerpt":{"rendered":"<p>Les Passejadas toponimicas (Promenades toponymiques) de Paul Fabre : un livre de toponymie occitane aussi agr\u00e9able \u00e0 lire que savant. \u00c9crit en langue occitane, il montre, s\u2019il en \u00e9tait besoin, que l\u2019occitan peut \u00eatre une langue d\u2019\u00e9tude et de d\u00e9couverte. L\u2019auteur a r\u00e9ussi \u00e0 \u00e9crire un livre bas\u00e9 sur des connaissances tr\u00e8s s\u00e9rieuses dans un [&hellip;]<\/p>\n","protected":false},"featured_media":60130,"template":"","meta":{"_acf_changed":false,"_genesis_hide_title":false,"_genesis_hide_breadcrumbs":false,"_genesis_hide_singular_image":false,"_genesis_hide_footer_widgets":false,"_genesis_custom_body_class":"","_genesis_custom_post_class":"","_genesis_layout":""},"product_brand":[],"product_cat":[7132,7148,7162],"product_tag":[],"class_list":{"0":"post-60127","1":"product","2":"type-product","3":"status-publish","4":"has-post-thumbnail","6":"product_cat-books","7":"product_cat-history-geography-en","8":"product_cat-place-names-peoples-names-en","9":"pa_auteur-fabre-pau-en","10":"pa_editeur-letras-doc-en","11":"pa_langue-occitan-en","12":"pa_langue-occitan-lengadocian-en","13":"entry","15":"first","16":"instock","17":"shipping-taxable","18":"purchasable","19":"product-type-simple"},"acf":[],"_links":{"self":[{"href":"https:\/\/www.libraria-occitana.org\/en\/wp-json\/wp\/v2\/product\/60127","targetHints":{"allow":["GET"]}}],"collection":[{"href":"https:\/\/www.libraria-occitana.org\/en\/wp-json\/wp\/v2\/product"}],"about":[{"href":"https:\/\/www.libraria-occitana.org\/en\/wp-json\/wp\/v2\/types\/product"}],"wp:featuredmedia":[{"embeddable":true,"href":"https:\/\/www.libraria-occitana.org\/en\/wp-json\/wp\/v2\/media\/60130"}],"wp:attachment":[{"href":"https:\/\/www.libraria-occitana.org\/en\/wp-json\/wp\/v2\/media?parent=60127"}],"wp:term":[{"taxonomy":"product_brand","embeddable":true,"href":"https:\/\/www.libraria-occitana.org\/en\/wp-json\/wp\/v2\/product_brand?post=60127"},{"taxonomy":"product_cat","embeddable":true,"href":"https:\/\/www.libraria-occitana.org\/en\/wp-json\/wp\/v2\/product_cat?post=60127"},{"taxonomy":"product_tag","embeddable":true,"href":"https:\/\/www.libraria-occitana.org\/en\/wp-json\/wp\/v2\/product_tag?post=60127"}],"curies":[{"name":"wp","href":"https:\/\/api.w.org\/{rel}","templated":true}]}}