{"id":60157,"date":"2024-07-23T17:33:04","date_gmt":"2024-07-23T15:33:04","guid":{"rendered":"http:\/\/www.libraria-occitana.org\/?post_type=product&#038;p=60157"},"modified":"2026-04-26T02:31:07","modified_gmt":"2026-04-26T00:31:07","slug":"cabrette-musique-traditionnelle-du-livradois","status":"publish","type":"product","link":"https:\/\/www.libraria-occitana.org\/en\/product\/cabrette-musique-traditionnelle-du-livradois\/","title":{"rendered":"Cabrette : Musique traditionnelle du Livradois"},"content":{"rendered":"<p><strong>C\u00e9dric Bach\u00e8lerie :<\/strong> Cabrette.<\/p>\n<p>Traditionnel : Auvergne (25 titres), Limousin (1 titre), Rouergue (1 titre)<br \/>\nCompositions : Jean-Claude Rieu (1 titre), Guy M\u00e9ge (1 titre), Pierre Arrezzo (1 titre).<\/p>\n<p>C\u00e9dric Bach\u00e8lerie et cabrette, c\u2019est quasiment un pl\u00e9onasme. Qui a \u00e9t\u00e9 invent\u00e9 pour l\u2019autre ? C\u00e9dric est tomb\u00e9 dedans tout petit : d\u00e8s 8 ans membre de son premier groupe (folklorique) : \u00ab Mais c\u2019est surtout, je le sais maintenant, l\u2019attitude du cabretta\u00efre qui m\u2019a fascin\u00e9, sa tenue, assis, le buste inclin\u00e9 vers l\u2019arri\u00e8re, le dos appuy\u00e9 sur le dossier de la chaise, un contact physique \u00e0 l\u2019instrument, une mani\u00e8re unique d\u2019enlacer l\u2019outre, l\u2019instrument li\u00e9 au musicien comme pour le retenir, le ma\u00eetriser, la t\u00eate de la cabrette \u00e0 quelques centim\u00e8tres de la bouche du joueur comme s\u2019il fallait lui parler pour la dompter, les grelots au pied. \u00bb<\/p>\n<p>Cet enfant du Livradois \u2013 depuis plusieurs g\u00e9n\u00e9rations \u2013 nous offre, dans ce CD au livret particuli\u00e8rement bien document\u00e9, un magnifique r\u00e9pertoire principalement issu des collectes effectu\u00e9es dans les ann\u00e9es 1970-1990 dans son pays \u2013 qui est aussi, rappelons-le, celui de Gaspard des montagnes.<br \/>\nSon style alterne sobri\u00e9t\u00e9 et exub\u00e9rance, choix faits \u00e0 chaque fois avec une tr\u00e8s grande s\u00fbret\u00e9 pour avant tout servir ses m\u00e9lodies.<\/p>\n<p>C\u00e9dric esp\u00e8re, mais nous, nous vous l\u2019assurons, que vous allez \u00e9couter chaque morceau comme \u00ab une de ces histoires jolies \u00e0 croire qui courent les veill\u00e9es. La voil\u00e0, sans aucune paraphrase, et chacun en prendra ce qu\u2019il en voudra. \u00bb (Henri Pourrat, Gaspard des Montagnes).<\/p>\n<p><strong>Titres :<\/strong><br \/>\n1. Le Gru\u0308n de Chignore \/ Aubade aux conscrits \/ Valse a\u0300 Loulette (valses) 2\u201951<br \/>\n2. Bourre\u0301e \/ La Vicoise (bourre\u0301es a\u0300 3 temps) 2\u201941<br \/>\n3. Marche nuptiale du pe\u0300re de Laurent Richard \/ Rosalie les larmes aux yeux \/ Le joli mois de mai\/ Jolie Flamande (marches) 2\u201957<br \/>\n4. Le garc\u0327ou que me roundelavo \/ Mazurka a\u0300 Picaud \/ Mazurka a\u0300 Thialier (mazurkas) 3\u201934<br \/>\n5. Bourre\u0301es a\u0300 Fafournoux (bourre\u0301es a\u0300 3 temps) 2\u201948<br \/>\n6. Scottish double a\u0300 Picaud \/ L\u2019ai\u0308go do rotso \/ Scottish a\u0300 Loulette (scottishs) 3\u201915<br \/>\n7. Ma Mi\u0308a \/ Regret a\u0300 Lestrade (regrets) 3\u201935<br \/>\n8. Ai vist lo loup \/ La tournijai\u0308re d\u2019Angles (bourre\u0301es a\u0300 3 temps) 2\u201903<br \/>\n9. Marches nuptiales 3\u201901 du Livradois<br \/>\n10. Valse de Chanturgue \/ \u00c9coutez les voix qui chantent \/ La berge\u0300re aux champs (valses) 4\u201935<br \/>\n11. Suite du Livradois : La quadrette d\u2019Ambert \/ Quand Piare dansavo \/ Lo borda \/ Mon pouaire me marido \/ Lo planzetto \/ Prito lo me\u0301 \/ La Siape (bourre\u0301es a\u0300 3 temps) 2\u201946<\/p>\n","protected":false},"excerpt":{"rendered":"<p>C\u00e9dric Bach\u00e8lerie : Cabrette. Traditionnel : Auvergne (25 titres), Limousin (1 titre), Rouergue (1 titre) Compositions : Jean-Claude Rieu (1 titre), Guy M\u00e9ge (1 titre), Pierre Arrezzo (1 titre). C\u00e9dric Bach\u00e8lerie et cabrette, c\u2019est quasiment un pl\u00e9onasme. Qui a \u00e9t\u00e9 invent\u00e9 pour l\u2019autre ? C\u00e9dric est tomb\u00e9 dedans tout petit : d\u00e8s 8 ans membre [&hellip;]<\/p>\n","protected":false},"featured_media":60160,"template":"","meta":{"_acf_changed":false,"_genesis_hide_title":false,"_genesis_hide_breadcrumbs":false,"_genesis_hide_singular_image":false,"_genesis_hide_footer_widgets":false,"_genesis_custom_body_class":"","_genesis_custom_post_class":"","_genesis_layout":""},"product_brand":[],"product_cat":[7228,7216],"product_tag":[],"class_list":{"0":"post-60157","1":"product","2":"type-product","3":"status-publish","4":"has-post-thumbnail","6":"product_cat-modern-folk-en","7":"product_cat-music-en","8":"pa_auteur-bachelerie-cedric-en","9":"pa_editeur-aepem-en","10":"pa_langue-francais-en","11":"entry","13":"first","14":"instock","15":"shipping-taxable","16":"purchasable","17":"product-type-simple"},"acf":[],"_links":{"self":[{"href":"https:\/\/www.libraria-occitana.org\/en\/wp-json\/wp\/v2\/product\/60157","targetHints":{"allow":["GET"]}}],"collection":[{"href":"https:\/\/www.libraria-occitana.org\/en\/wp-json\/wp\/v2\/product"}],"about":[{"href":"https:\/\/www.libraria-occitana.org\/en\/wp-json\/wp\/v2\/types\/product"}],"wp:featuredmedia":[{"embeddable":true,"href":"https:\/\/www.libraria-occitana.org\/en\/wp-json\/wp\/v2\/media\/60160"}],"wp:attachment":[{"href":"https:\/\/www.libraria-occitana.org\/en\/wp-json\/wp\/v2\/media?parent=60157"}],"wp:term":[{"taxonomy":"product_brand","embeddable":true,"href":"https:\/\/www.libraria-occitana.org\/en\/wp-json\/wp\/v2\/product_brand?post=60157"},{"taxonomy":"product_cat","embeddable":true,"href":"https:\/\/www.libraria-occitana.org\/en\/wp-json\/wp\/v2\/product_cat?post=60157"},{"taxonomy":"product_tag","embeddable":true,"href":"https:\/\/www.libraria-occitana.org\/en\/wp-json\/wp\/v2\/product_tag?post=60157"}],"curies":[{"name":"wp","href":"https:\/\/api.w.org\/{rel}","templated":true}]}}