{"id":60175,"date":"2024-07-23T19:07:35","date_gmt":"2024-07-23T17:07:35","guid":{"rendered":"http:\/\/www.libraria-occitana.org\/?post_type=product&#038;p=60175"},"modified":"2026-04-26T02:27:01","modified_gmt":"2026-04-26T00:27:01","slug":"adiu-amors-musique-traditionnelle-de-gascogne-bearn-et-autres-lieux","status":"publish","type":"product","link":"https:\/\/www.libraria-occitana.org\/en\/product\/adiu-amors-musique-traditionnelle-de-gascogne-bearn-et-autres-lieux\/","title":{"rendered":"Adiu amors ! : Musique traditionnelle de Gascogne, B\u00e9arn et autres lieux"},"content":{"rendered":"<p><strong>Na\u00ebl Tripoli :<\/strong> Boha, accord\u00e9on diatonique, pied<br \/>\n<strong>Ana\u00efs Perrinel :<\/strong> Violon, chant<br \/>\nAvec Alain Cadeillan : Boha (plage 5)<\/p>\n<p>Traditionnel : Gascogne (4 titres), B\u00e9arn (2 titres), Auvergne (2 titres), Limousin (1 titre), Dauphin\u00e9 (1 titre).<br \/>\nCompositions : Duo des cimes (1 titre), Joe Howard (1 titre), Na\u00ebl Tripoli (1 titre).<\/p>\n<p>Le Duo des Cimes, ce sont deux jeunes graines \u2013 oh combien prolifiques \u2013 de la sc\u00e8ne toulousaine des musiques traditionnelles : Ana\u00efs Perrinel, chanteuse et violoniste, et Na\u00ebl Tripoli, accord\u00e9oniste et bohaire (cornemuse des Landes de Gascogne) nous proposent une s\u00e9lection sp\u00e9ciale d\u2019un r\u00e9pertoire \u00e9minemment soign\u00e9. Le choix de celui-ci, les diff\u00e9rents types de cadences, l\u2019interpr\u00e9tation dans le respect des sources et de la danse sont au rendez-vous. On ne peut que souhaiter <em>Roulez jeunesse !<\/em> \u00e0 ces deux-l\u00e0, qui n\u2019ont pas fini de nous faire entendre de la belle musique.<\/p>\n<p style=\"text-align: right;\">AEPEM<\/p>\n<p><strong>Titres :<\/strong><br \/>\n1. L\u2019entorn de ma maison (Valse \u2013 Couserans) 5\u201930<br \/>\n2. Ie\u0301 sou be\u0301u poun d\u2019Abignoun (Rondeau en chai\u0302ne \u2013 Gascogne) 4\u201925<br \/>\n3. Branle en couple (Gascogne) 4\u201902<br \/>\n4. Suite de bourre\u0301es a\u0300 3 temps (Limousin, Auvergne) 5\u201928<br \/>\n5. Pastors de la Borgada (Be\u0301arn) 3\u201937<br \/>\n6. Las femnas de pels pue\u0300chs (Mazurka \u2013 Auvergne) 5\u201918<br \/>\n7. Suite de scottishs (Dauphine\u0301, Gascogne) 3\u201901<br \/>\n8. Adiu amors (Branle \u2013 Be\u0301arn \/ Duo des Cimes) 5\u201903<br \/>\n9. Valse a\u0300 Tarrit \/ Ause\u0300ths deus molins (J. Howard \/ N. Tripoli) 4\u201909<\/p>\n","protected":false},"excerpt":{"rendered":"<p>Na\u00ebl Tripoli : Boha, accord\u00e9on diatonique, pied Ana\u00efs Perrinel : Violon, chant Avec Alain Cadeillan : Boha (plage 5) Traditionnel : Gascogne (4 titres), B\u00e9arn (2 titres), Auvergne (2 titres), Limousin (1 titre), Dauphin\u00e9 (1 titre). Compositions : Duo des cimes (1 titre), Joe Howard (1 titre), Na\u00ebl Tripoli (1 titre). Le Duo des Cimes, [&hellip;]<\/p>\n","protected":false},"featured_media":60178,"template":"","meta":{"_acf_changed":false,"_genesis_hide_title":false,"_genesis_hide_breadcrumbs":false,"_genesis_hide_singular_image":false,"_genesis_hide_footer_widgets":false,"_genesis_custom_body_class":"","_genesis_custom_post_class":"","_genesis_layout":""},"product_brand":[],"product_cat":[7228,7216],"product_tag":[],"class_list":{"0":"post-60175","1":"product","2":"type-product","3":"status-publish","4":"has-post-thumbnail","6":"product_cat-modern-folk-en","7":"product_cat-music-en","8":"pa_auteur-duo-des-cimes-en","9":"pa_editeur-aepem-en","10":"pa_editeur-tradethik-productions-en","11":"pa_langue-occitan-gascon-en","12":"entry","14":"first","15":"instock","16":"shipping-taxable","17":"purchasable","18":"product-type-simple"},"acf":[],"_links":{"self":[{"href":"https:\/\/www.libraria-occitana.org\/en\/wp-json\/wp\/v2\/product\/60175","targetHints":{"allow":["GET"]}}],"collection":[{"href":"https:\/\/www.libraria-occitana.org\/en\/wp-json\/wp\/v2\/product"}],"about":[{"href":"https:\/\/www.libraria-occitana.org\/en\/wp-json\/wp\/v2\/types\/product"}],"wp:featuredmedia":[{"embeddable":true,"href":"https:\/\/www.libraria-occitana.org\/en\/wp-json\/wp\/v2\/media\/60178"}],"wp:attachment":[{"href":"https:\/\/www.libraria-occitana.org\/en\/wp-json\/wp\/v2\/media?parent=60175"}],"wp:term":[{"taxonomy":"product_brand","embeddable":true,"href":"https:\/\/www.libraria-occitana.org\/en\/wp-json\/wp\/v2\/product_brand?post=60175"},{"taxonomy":"product_cat","embeddable":true,"href":"https:\/\/www.libraria-occitana.org\/en\/wp-json\/wp\/v2\/product_cat?post=60175"},{"taxonomy":"product_tag","embeddable":true,"href":"https:\/\/www.libraria-occitana.org\/en\/wp-json\/wp\/v2\/product_tag?post=60175"}],"curies":[{"name":"wp","href":"https:\/\/api.w.org\/{rel}","templated":true}]}}