{"id":60196,"date":"2024-07-24T12:23:16","date_gmt":"2024-07-24T10:23:16","guid":{"rendered":"http:\/\/www.libraria-occitana.org\/product\/canso-epopee-chantee-libre-cd\/"},"modified":"2026-04-18T01:31:14","modified_gmt":"2026-04-17T23:31:14","slug":"canso-epopee-chantee-libre-cd","status":"publish","type":"product","link":"https:\/\/www.libraria-occitana.org\/en\/product\/canso-epopee-chantee-libre-cd\/","title":{"rendered":"Canso : \u00c9pop\u00e9e chant\u00e9e (libre + CD)"},"content":{"rendered":"<p>La Chanson de la Croisade albigeoise, po\u00e8me occitan du XIIIe si\u00e8cle, raconte l&#8217;invasion du Pays d&#8217;Oc par les crois\u00e9s francs au nom de la lutte contre l&#8217;h\u00e9r\u00e9sie cathare, qui aboutira \u00e0 son rattachement d\u00e9finitif \u00e0 la Couronne de France.<br \/>\nUne histoire de conqu\u00eate, de fils, de p\u00e8res, de langue et d&#8217;h\u00e9ritages sur fond de guerre de religions.<\/p>\n<p>Avec <em>Canso<\/em>, F\u00e9lix Jousserand, accompagn\u00e9 du guitariste Gilles Coronado et du batteur Christophe Lavergne, se r\u00e9approprie cette \u00e9pop\u00e9e chant\u00e9e m\u00e9dievale, v\u00e9ritable reportage de guerre, dans une langue vivante et populaire. En fran\u00e7ais avec quelques passages en occitan.<\/p>\n<p>Traduction et adaptation de Thomas Dupuy-Ostermann, Caroline Masini, F\u00e9lix Jousserand. Compositions de Gilles Coronado.<\/p>\n","protected":false},"excerpt":{"rendered":"<p>La Chanson de la Croisade albigeoise, po\u00e8me occitan du XIIIe si\u00e8cle, raconte l&#8217;invasion du Pays d&#8217;Oc par les crois\u00e9s francs au nom de la lutte contre l&#8217;h\u00e9r\u00e9sie cathare, qui aboutira \u00e0 son rattachement d\u00e9finitif \u00e0 la Couronne de France. Une histoire de conqu\u00eate, de fils, de p\u00e8res, de langue et d&#8217;h\u00e9ritages sur fond de guerre [&hellip;]<\/p>\n","protected":false},"featured_media":60194,"template":"","meta":{"_acf_changed":false,"_genesis_hide_title":false,"_genesis_hide_breadcrumbs":false,"_genesis_hide_singular_image":false,"_genesis_hide_footer_widgets":false,"_genesis_custom_body_class":"","_genesis_custom_post_class":"","_genesis_layout":""},"product_brand":[],"product_cat":[7132,7148,7174,7160,7180],"product_tag":[],"class_list":{"0":"post-60196","1":"product","2":"type-product","3":"status-publish","4":"has-post-thumbnail","6":"product_cat-books","7":"product_cat-history-geography-en","8":"product_cat-literature-en","9":"product_cat-medieval-history-en","10":"product_cat-poetry-en","11":"pa_auteur-coronado-gilles-en","12":"pa_auteur-jousserand-felix-en","13":"pa_auteur-lavergne-christophe-en","14":"pa_editeur-au-diable-vauvert-en","15":"pa_langue-francais-en","16":"pa_langue-occitan-en","17":"pa_langue-occitan-lengadocian-en","18":"entry","20":"first","21":"instock","22":"shipping-taxable","23":"purchasable","24":"product-type-simple"},"acf":[],"_links":{"self":[{"href":"https:\/\/www.libraria-occitana.org\/en\/wp-json\/wp\/v2\/product\/60196","targetHints":{"allow":["GET"]}}],"collection":[{"href":"https:\/\/www.libraria-occitana.org\/en\/wp-json\/wp\/v2\/product"}],"about":[{"href":"https:\/\/www.libraria-occitana.org\/en\/wp-json\/wp\/v2\/types\/product"}],"wp:featuredmedia":[{"embeddable":true,"href":"https:\/\/www.libraria-occitana.org\/en\/wp-json\/wp\/v2\/media\/60194"}],"wp:attachment":[{"href":"https:\/\/www.libraria-occitana.org\/en\/wp-json\/wp\/v2\/media?parent=60196"}],"wp:term":[{"taxonomy":"product_brand","embeddable":true,"href":"https:\/\/www.libraria-occitana.org\/en\/wp-json\/wp\/v2\/product_brand?post=60196"},{"taxonomy":"product_cat","embeddable":true,"href":"https:\/\/www.libraria-occitana.org\/en\/wp-json\/wp\/v2\/product_cat?post=60196"},{"taxonomy":"product_tag","embeddable":true,"href":"https:\/\/www.libraria-occitana.org\/en\/wp-json\/wp\/v2\/product_tag?post=60196"}],"curies":[{"name":"wp","href":"https:\/\/api.w.org\/{rel}","templated":true}]}}