{"id":60200,"date":"2024-07-24T12:34:56","date_gmt":"2024-07-24T10:34:56","guid":{"rendered":"http:\/\/www.libraria-occitana.org\/?post_type=product&#038;p=60200"},"modified":"2026-04-17T21:32:05","modified_gmt":"2026-04-17T19:32:05","slug":"cathares-encyclopedie-dune-resistance-occitane","status":"publish","type":"product","link":"https:\/\/www.libraria-occitana.org\/en\/product\/cathares-encyclopedie-dune-resistance-occitane\/","title":{"rendered":"Cathares : Encyclop\u00e9die d&#8217;une r\u00e9sistance occitane"},"content":{"rendered":"<p>Qu&#8217;est-ce que la religion cathare ? Pourquoi est-elle li\u00e9e \u00e0 l&#8217;identit\u00e9 occitane ? Qui \u00e9taient les Parfaits ?<\/p>\n<p>Avec <em>Cathares, encyclop\u00e9die d&#8217;une r\u00e9sistance occitane<\/em>, \u0153uvre magistrale et in\u00e9dite, Michel Roquebert l\u00e8gue la somme du savoir de toute une vie. Il rend palpable le quotidien de cathares marquants, interroge les concepts de leur religion, son organisation, sa g\u00e9ographie, explore les sites touch\u00e9s par la croisade et l&#8217;Inquisition.<\/p>\n<p>Gr\u00e2ce \u00e0 la richesse de ses 215 entr\u00e9es, cette encyclop\u00e9die posthume, achev\u00e9e par Patrice Teisseire-Dufour et illustr\u00e9e par les gravures de Marie-Am\u00e9lie Giamarchi, apporte une vision compl\u00e8te de ce qu&#8217;il faut conna\u00eetre du catharisme aujourd&#8217;hui.<\/p>\n","protected":false},"excerpt":{"rendered":"<p>Qu&#8217;est-ce que la religion cathare ? Pourquoi est-elle li\u00e9e \u00e0 l&#8217;identit\u00e9 occitane ? Qui \u00e9taient les Parfaits ? Avec Cathares, encyclop\u00e9die d&#8217;une r\u00e9sistance occitane, \u0153uvre magistrale et in\u00e9dite, Michel Roquebert l\u00e8gue la somme du savoir de toute une vie. Il rend palpable le quotidien de cathares marquants, interroge les concepts de leur religion, son organisation, [&hellip;]<\/p>\n","protected":false},"featured_media":60203,"template":"","meta":{"_acf_changed":false,"_genesis_hide_title":false,"_genesis_hide_breadcrumbs":false,"_genesis_hide_singular_image":false,"_genesis_hide_footer_widgets":false,"_genesis_custom_body_class":"","_genesis_custom_post_class":"","_genesis_layout":""},"product_brand":[],"product_cat":[7132,7148,7160],"product_tag":[],"class_list":{"0":"post-60200","1":"product","2":"type-product","3":"status-publish","4":"has-post-thumbnail","6":"product_cat-books","7":"product_cat-history-geography-en","8":"product_cat-medieval-history-en","9":"pa_auteur-roquebert-michel-en","10":"pa_editeur-privat-en","11":"pa_langue-francais-en","12":"entry","14":"first","15":"instock","16":"shipping-taxable","17":"purchasable","18":"product-type-simple"},"acf":[],"_links":{"self":[{"href":"https:\/\/www.libraria-occitana.org\/en\/wp-json\/wp\/v2\/product\/60200","targetHints":{"allow":["GET"]}}],"collection":[{"href":"https:\/\/www.libraria-occitana.org\/en\/wp-json\/wp\/v2\/product"}],"about":[{"href":"https:\/\/www.libraria-occitana.org\/en\/wp-json\/wp\/v2\/types\/product"}],"wp:featuredmedia":[{"embeddable":true,"href":"https:\/\/www.libraria-occitana.org\/en\/wp-json\/wp\/v2\/media\/60203"}],"wp:attachment":[{"href":"https:\/\/www.libraria-occitana.org\/en\/wp-json\/wp\/v2\/media?parent=60200"}],"wp:term":[{"taxonomy":"product_brand","embeddable":true,"href":"https:\/\/www.libraria-occitana.org\/en\/wp-json\/wp\/v2\/product_brand?post=60200"},{"taxonomy":"product_cat","embeddable":true,"href":"https:\/\/www.libraria-occitana.org\/en\/wp-json\/wp\/v2\/product_cat?post=60200"},{"taxonomy":"product_tag","embeddable":true,"href":"https:\/\/www.libraria-occitana.org\/en\/wp-json\/wp\/v2\/product_tag?post=60200"}],"curies":[{"name":"wp","href":"https:\/\/api.w.org\/{rel}","templated":true}]}}