{"id":60206,"date":"2023-07-24T12:48:45","date_gmt":"2023-07-24T10:48:45","guid":{"rendered":"http:\/\/www.libraria-occitana.org\/?post_type=product&#038;p=60206"},"modified":"2026-04-19T01:41:25","modified_gmt":"2026-04-18T23:41:25","slug":"les-troubadours-3","status":"publish","type":"product","link":"https:\/\/www.libraria-occitana.org\/en\/product\/les-troubadours-3\/","title":{"rendered":"Les troubadours"},"content":{"rendered":"<p><em>Les Troubadours<\/em> est un ouvrage \u00e9crit par Joseph Anglade, un \u00e9rudit et philologue fran\u00e7ais sp\u00e9cialis\u00e9 dans les \u00e9tudes occitanes et la litt\u00e9rature m\u00e9di\u00e9vale.<\/p>\n<p>Ce livre explore le monde fascinant des troubadours, ces po\u00e8tes-musiciens m\u00e9di\u00e9vaux d&#8217;expression occitane. Joseph Anglade offre une analyse d\u00e9taill\u00e9e de la vie, de la po\u00e9sie et de la musique des troubadours, ainsi que de leur influence sur la litt\u00e9rature et la culture m\u00e9di\u00e9vales en g\u00e9n\u00e9ral.<\/p>\n<p>\u00c0 travers <em>Les Troubadours<\/em>, Anglade met en lumi\u00e8re la richesse de la tradition litt\u00e9raire occitane et l&#8217;importance des troubadours dans le d\u00e9veloppement de la po\u00e9sie lyrique au Moyen \u00c2ge. Cet ouvrage est reconnu pour sa contribution \u00e0 la compr\u00e9hension et \u00e0 l&#8217;appr\u00e9ciation de cet aspect crucial de l&#8217;histoire litt\u00e9raire m\u00e9di\u00e9vale.<\/p>\n","protected":false},"excerpt":{"rendered":"<p>Les Troubadours est un ouvrage \u00e9crit par Joseph Anglade, un \u00e9rudit et philologue fran\u00e7ais sp\u00e9cialis\u00e9 dans les \u00e9tudes occitanes et la litt\u00e9rature m\u00e9di\u00e9vale. Ce livre explore le monde fascinant des troubadours, ces po\u00e8tes-musiciens m\u00e9di\u00e9vaux d&#8217;expression occitane. Joseph Anglade offre une analyse d\u00e9taill\u00e9e de la vie, de la po\u00e9sie et de la musique des troubadours, ainsi [&hellip;]<\/p>\n","protected":false},"featured_media":60209,"template":"","meta":{"_acf_changed":false,"_genesis_hide_title":false,"_genesis_hide_breadcrumbs":false,"_genesis_hide_singular_image":false,"_genesis_hide_footer_widgets":false,"_genesis_custom_body_class":"","_genesis_custom_post_class":"","_genesis_layout":""},"product_brand":[],"product_cat":[7188,7132,7174],"product_tag":[],"class_list":{"0":"post-60206","1":"product","2":"type-product","3":"status-publish","4":"has-post-thumbnail","6":"product_cat-arts-studies-en","7":"product_cat-books","8":"product_cat-literature-en","9":"pa_auteur-anglade-joseph-en","10":"pa_editeur-culturea-en","11":"pa_langue-francais-en","12":"entry","14":"first","15":"instock","16":"shipping-taxable","17":"purchasable","18":"product-type-simple"},"acf":[],"_links":{"self":[{"href":"https:\/\/www.libraria-occitana.org\/en\/wp-json\/wp\/v2\/product\/60206","targetHints":{"allow":["GET"]}}],"collection":[{"href":"https:\/\/www.libraria-occitana.org\/en\/wp-json\/wp\/v2\/product"}],"about":[{"href":"https:\/\/www.libraria-occitana.org\/en\/wp-json\/wp\/v2\/types\/product"}],"wp:featuredmedia":[{"embeddable":true,"href":"https:\/\/www.libraria-occitana.org\/en\/wp-json\/wp\/v2\/media\/60209"}],"wp:attachment":[{"href":"https:\/\/www.libraria-occitana.org\/en\/wp-json\/wp\/v2\/media?parent=60206"}],"wp:term":[{"taxonomy":"product_brand","embeddable":true,"href":"https:\/\/www.libraria-occitana.org\/en\/wp-json\/wp\/v2\/product_brand?post=60206"},{"taxonomy":"product_cat","embeddable":true,"href":"https:\/\/www.libraria-occitana.org\/en\/wp-json\/wp\/v2\/product_cat?post=60206"},{"taxonomy":"product_tag","embeddable":true,"href":"https:\/\/www.libraria-occitana.org\/en\/wp-json\/wp\/v2\/product_tag?post=60206"}],"curies":[{"name":"wp","href":"https:\/\/api.w.org\/{rel}","templated":true}]}}