{"id":60225,"date":"2024-07-30T13:01:16","date_gmt":"2024-07-30T11:01:16","guid":{"rendered":"http:\/\/www.libraria-occitana.org\/?post_type=product&#038;p=60225"},"modified":"2026-04-16T00:11:59","modified_gmt":"2026-04-15T22:11:59","slug":"la-romeca-occitanofoba-conte-acide-e-risolier-la-roumeque-occitanophobe-conte-acide-et-rejouissant","status":"publish","type":"product","link":"https:\/\/www.libraria-occitana.org\/en\/product\/la-romeca-occitanofoba-conte-acide-e-risolier-la-roumeque-occitanophobe-conte-acide-et-rejouissant\/","title":{"rendered":"La Rom\u00e8ca occitanof\u00f2ba : C\u00f2nte acide e risolier &#8211; La Roum\u00e8que occitanophobe : Conte acide et r\u00e9jouissant"},"content":{"rendered":"<p>Josiane Ubaud, Proven\u00e7ale \u00e9tablie en Languedoc, est lexicographe et ethnobotaniste. Elle conna\u00eet particuli\u00e8rement bien le probl\u00e8me du d\u00e9nigrement politique des langues dites r\u00e9gionales. Elle nous livre ici un pamphlet, sous la forme d&#8217;un conte acide, noir, humoristique et aill\u00e9, qui \u00e9gr\u00e8ne quelques attaques r\u00e9elles faites aux langues r\u00e9gionales par les politiques, \u00e9crivains, journalistes, humoristes, etc., \u00ab dans la langue de la libert\u00e9 \u00bb.<\/p>\n<p>Traduction en fran\u00e7ais de l&#8217;auteure.<\/p>\n","protected":false},"excerpt":{"rendered":"<p>Josiane Ubaud, Proven\u00e7ale \u00e9tablie en Languedoc, est lexicographe et ethnobotaniste. Elle conna\u00eet particuli\u00e8rement bien le probl\u00e8me du d\u00e9nigrement politique des langues dites r\u00e9gionales. Elle nous livre ici un pamphlet, sous la forme d&#8217;un conte acide, noir, humoristique et aill\u00e9, qui \u00e9gr\u00e8ne quelques attaques r\u00e9elles faites aux langues r\u00e9gionales par les politiques, \u00e9crivains, journalistes, humoristes, etc., [&hellip;]<\/p>\n","protected":false},"featured_media":60228,"template":"","meta":{"_acf_changed":false,"_genesis_hide_title":false,"_genesis_hide_breadcrumbs":false,"_genesis_hide_singular_image":false,"_genesis_hide_footer_widgets":false,"_genesis_custom_body_class":"","_genesis_custom_post_class":"","_genesis_layout":""},"product_brand":[],"product_cat":[7132,7174,7202,7176],"product_tag":[],"class_list":{"0":"post-60225","1":"product","2":"type-product","3":"status-publish","4":"has-post-thumbnail","6":"product_cat-books","7":"product_cat-literature-en","8":"product_cat-politics-sociology-current-affairs-en","9":"product_cat-tales-fables-en","10":"pa_auteur-ubaud-josiana-en","11":"pa_editeur-lauceu-libre-en","12":"pa_langue-occitan-provencau-en","13":"pa_langue-occitan-francais-en","14":"entry","16":"first","17":"instock","18":"shipping-taxable","19":"purchasable","20":"product-type-simple"},"acf":[],"_links":{"self":[{"href":"https:\/\/www.libraria-occitana.org\/en\/wp-json\/wp\/v2\/product\/60225","targetHints":{"allow":["GET"]}}],"collection":[{"href":"https:\/\/www.libraria-occitana.org\/en\/wp-json\/wp\/v2\/product"}],"about":[{"href":"https:\/\/www.libraria-occitana.org\/en\/wp-json\/wp\/v2\/types\/product"}],"wp:featuredmedia":[{"embeddable":true,"href":"https:\/\/www.libraria-occitana.org\/en\/wp-json\/wp\/v2\/media\/60228"}],"wp:attachment":[{"href":"https:\/\/www.libraria-occitana.org\/en\/wp-json\/wp\/v2\/media?parent=60225"}],"wp:term":[{"taxonomy":"product_brand","embeddable":true,"href":"https:\/\/www.libraria-occitana.org\/en\/wp-json\/wp\/v2\/product_brand?post=60225"},{"taxonomy":"product_cat","embeddable":true,"href":"https:\/\/www.libraria-occitana.org\/en\/wp-json\/wp\/v2\/product_cat?post=60225"},{"taxonomy":"product_tag","embeddable":true,"href":"https:\/\/www.libraria-occitana.org\/en\/wp-json\/wp\/v2\/product_tag?post=60225"}],"curies":[{"name":"wp","href":"https:\/\/api.w.org\/{rel}","templated":true}]}}