{"id":60236,"date":"2022-05-30T17:19:52","date_gmt":"2022-05-30T15:19:52","guid":{"rendered":"http:\/\/www.libraria-occitana.org\/product\/languiment\/"},"modified":"2026-04-18T05:41:54","modified_gmt":"2026-04-18T03:41:54","slug":"languiment","status":"publish","type":"product","link":"https:\/\/www.libraria-occitana.org\/en\/product\/languiment\/","title":{"rendered":"Languiment"},"content":{"rendered":"<p>\u00ab Le \u00ab languiment \u00bb, \u00e0 la fois nostalgie et tristesse de se sentir loin du pays ou de quelqu&#8217;un, mais aussi attente du retour de quelqu&#8217;un ou de quelque chose comme on se languit de l&#8217;arriv\u00e9e d&#8217;un ami, sorte de <em>saudade<\/em> occitane, ou \u00ab nostalgie du futur \u00bb.<\/p>\n<p>\u00c0 travers mon \u0153uvre, je cherche \u00e0 r\u00e9v\u00e9ler les sentiments les plus personnels et universels \u00e0 la fois, dire du monde les flux qui me traversent, entre murmure et cri, entre d\u00e9sesp\u00e9rance et volont\u00e9 de lutte, entre douleur et douceur. \u00bb<\/p>\n<p>Dans ce nouvel album,\u00a0 quelques chansons de Prima\u00ebl d\u00e9j\u00e0 un peu connues (Libertat, Cant de rua), une majorit\u00e9 de nouveaut\u00e9s en gascon, un duo avec la chanteuse franco-malgache Fifaliana Defontaines (Un jardin), la chanson en catalan Caminant qui a gagn\u00e9 le prix de la meilleure chanson en catalan au festival M\u00fasica i Lletra de X\u00e0tiva 2021 (Pa\u00eds Valencian), une chanson en espagnol pour faire honneur \u00e0 ses influences latino-am\u00e9ricaines et une chanson en fran\u00e7ais pour une \u00e9vocation po\u00e9tique du Canal de Brienne a Toulouse.<\/p>\n<p>Vous y \u00e9couterez des instruments vari\u00e9s comme la guitare classique, la guitare portugaise, le oud, la darbouka, le cajon, et le daf, tous jou\u00e9s par le multi-instrumentiste franco-tunisien Chokri Trabelsi, et le violoncelle dans les mains de la musicienne parisiano-rouergate Mathilde Comoy-Robert. La guitare classique, le piano et l\u2019accord\u00e9on chromatique l&#8217;accompagnent aussi.<\/p>\n<p>Les dix chansons sont de sa composition, inspir\u00e9es du <em>fado<\/em>, de la chanson orientale, de la <em>morna<\/em> capverdienne, de la <em>bossa<\/em>, de la <em>trova<\/em> latine et du <em>folksong<\/em>.<\/p>\n<p>Pour d\u00e9couvrir les paroles des chansons de l&#8217;album : <a href=\"https:\/\/trobasons.viasona.cat\/a\/1533\">https:\/\/trobasons.viasona.cat\/a\/1533<\/a><\/p>\n<p><iframe loading=\"lazy\" title=\"YouTube video player\" src=\"https:\/\/www.youtube.com\/embed\/qjbucQvTNYg?si=SuKQ5E18dxKlXfTf\" width=\"560\" height=\"315\" frameborder=\"0\" allowfullscreen=\"allowfullscreen\"><\/iframe><\/p>\n<p><strong>Titres :<\/strong><br \/>\n1. Cant De Rua 3&#8217;42<br \/>\n2. Un Jardin 4&#8217;07<br \/>\n3. Caminant 3&#8217;47<br \/>\n4. Matin 4&#8217;24<br \/>\n5. Languiment 3&#8217;05<br \/>\n6. Canal De Brienne 4&#8217;01<br \/>\n7. Vida Ajena 3&#8217;02<br \/>\n8. Libertat 4&#8217;08<br \/>\n9. Tornar\u00e8i (Ma T\u00e8rra Gascona) 2&#8217;29<br \/>\n10. Can\u00e7on De La Primaubor 3&#8217;16<\/p>\n","protected":false},"excerpt":{"rendered":"<p>\u00ab Le \u00ab languiment \u00bb, \u00e0 la fois nostalgie et tristesse de se sentir loin du pays ou de quelqu&#8217;un, mais aussi attente du retour de quelqu&#8217;un ou de quelque chose comme on se languit de l&#8217;arriv\u00e9e d&#8217;un ami, sorte de saudade occitane, ou \u00ab nostalgie du futur \u00bb. \u00c0 travers mon \u0153uvre, je cherche [&hellip;]<\/p>\n","protected":false},"featured_media":60239,"template":"","meta":{"_acf_changed":false,"_genesis_hide_title":false,"_genesis_hide_breadcrumbs":false,"_genesis_hide_singular_image":false,"_genesis_hide_footer_widgets":false,"_genesis_custom_body_class":"","_genesis_custom_post_class":"","_genesis_layout":""},"product_brand":[],"product_cat":[7216,7218],"product_tag":[],"class_list":{"0":"post-60236","1":"product","2":"type-product","3":"status-publish","4":"has-post-thumbnail","6":"product_cat-music-en","7":"product_cat-voice-en","8":"pa_auteur-montgauzi-primael-en","9":"pa_editeur-primael-montgauzi-en","10":"pa_langue-autras-lingas-en","11":"pa_langue-occitan-en","12":"pa_langue-occitan-gascon-en","13":"entry","15":"first","16":"outofstock","17":"shipping-taxable","18":"purchasable","19":"product-type-simple"},"acf":[],"_links":{"self":[{"href":"https:\/\/www.libraria-occitana.org\/en\/wp-json\/wp\/v2\/product\/60236","targetHints":{"allow":["GET"]}}],"collection":[{"href":"https:\/\/www.libraria-occitana.org\/en\/wp-json\/wp\/v2\/product"}],"about":[{"href":"https:\/\/www.libraria-occitana.org\/en\/wp-json\/wp\/v2\/types\/product"}],"wp:featuredmedia":[{"embeddable":true,"href":"https:\/\/www.libraria-occitana.org\/en\/wp-json\/wp\/v2\/media\/60239"}],"wp:attachment":[{"href":"https:\/\/www.libraria-occitana.org\/en\/wp-json\/wp\/v2\/media?parent=60236"}],"wp:term":[{"taxonomy":"product_brand","embeddable":true,"href":"https:\/\/www.libraria-occitana.org\/en\/wp-json\/wp\/v2\/product_brand?post=60236"},{"taxonomy":"product_cat","embeddable":true,"href":"https:\/\/www.libraria-occitana.org\/en\/wp-json\/wp\/v2\/product_cat?post=60236"},{"taxonomy":"product_tag","embeddable":true,"href":"https:\/\/www.libraria-occitana.org\/en\/wp-json\/wp\/v2\/product_tag?post=60236"}],"curies":[{"name":"wp","href":"https:\/\/api.w.org\/{rel}","templated":true}]}}