{"id":60303,"date":"2017-02-13T11:46:52","date_gmt":"2017-02-13T10:46:52","guid":{"rendered":"http:\/\/www.libraria-occitana.org\/product\/curiosites-geologiques-de-la-haute-vienne-limousin\/"},"modified":"2026-04-25T22:01:20","modified_gmt":"2026-04-25T20:01:20","slug":"curiosites-geologiques-de-la-haute-vienne-limousin","status":"publish","type":"product","link":"https:\/\/www.libraria-occitana.org\/en\/product\/curiosites-geologiques-de-la-haute-vienne-limousin\/","title":{"rendered":"Curiosit\u00e9s g\u00e9ologiques de la Haute-Vienne (Limousin)"},"content":{"rendered":"<p>Tors, dolmens et menhirs des monts de Blond sont le th\u00e9\u00e2tre de la reine des roches limousines, le granite. Tourbi\u00e8res, \u00e9tangs et sources, kaolin, or ou uranium : des ressources naturelles qui ont particip\u00e9 \u00e0 l&#8217;essor du d\u00e9partement. La Haute-Vienne rec\u00e8le aussi des t\u00e9moins uniques en France d&#8217;un cataclysme g\u00e9ologique li\u00e9 \u00e0 l&#8217;impact d&#8217;une m\u00e9t\u00e9orite il y a environ 200 millions d&#8217;ann\u00e9es.<\/p>\n<p>Des paysages naturels issus de plusieurs millions d&#8217;ann\u00e9es d&#8217;\u00e9volution reposant sur un sous-sol dont le patrimoine g\u00e9ologique constitue le socle pour tous les autres.<\/p>\n<p>Indissociable de celle du Massif central, l&#8217;histoire g\u00e9ologique de la Haute-Vienne r\u00e9sulte d&#8217;une \u00e9volution complexe sur pr\u00e8s de 550 millions d&#8217;ann\u00e9es !<\/p>\n<p>20 sites remarquables vous feront d\u00e9couvrir la g\u00e9odiversit\u00e9 \u00e0 l&#8217;origine des magnifiques paysages de cette partie du Limousin.<\/p>\n<p>Et pour parfaire ce tour d&#8217;horizon g\u00e9ologique, un aper\u00e7u de la biodiversit\u00e9 haut-viennoise.<\/p>\n","protected":false},"excerpt":{"rendered":"<p>Tors, dolmens et menhirs des monts de Blond sont le th\u00e9\u00e2tre de la reine des roches limousines, le granite. Tourbi\u00e8res, \u00e9tangs et sources, kaolin, or ou uranium : des ressources naturelles qui ont particip\u00e9 \u00e0 l&#8217;essor du d\u00e9partement. La Haute-Vienne rec\u00e8le aussi des t\u00e9moins uniques en France d&#8217;un cataclysme g\u00e9ologique li\u00e9 \u00e0 l&#8217;impact d&#8217;une m\u00e9t\u00e9orite [&hellip;]<\/p>\n","protected":false},"featured_media":60301,"template":"","meta":{"_acf_changed":false,"_genesis_hide_title":false,"_genesis_hide_breadcrumbs":false,"_genesis_hide_singular_image":false,"_genesis_hide_footer_widgets":false,"_genesis_custom_body_class":"","_genesis_custom_post_class":"","_genesis_layout":""},"product_brand":[],"product_cat":[7132,7198,7196],"product_tag":[],"class_list":{"0":"post-60303","1":"product","2":"type-product","3":"status-publish","4":"has-post-thumbnail","6":"product_cat-books","7":"product_cat-guides-tourism-en","8":"product_cat-nature-tourism-en","9":"pa_auteur-bost-nicolas-en","10":"pa_auteur-charles-nicolas-en","11":"pa_editeur-brgm-editions-en","12":"pa_langue-francais-en","13":"entry","15":"first","16":"outofstock","17":"shipping-taxable","18":"purchasable","19":"product-type-simple"},"acf":[],"_links":{"self":[{"href":"https:\/\/www.libraria-occitana.org\/en\/wp-json\/wp\/v2\/product\/60303","targetHints":{"allow":["GET"]}}],"collection":[{"href":"https:\/\/www.libraria-occitana.org\/en\/wp-json\/wp\/v2\/product"}],"about":[{"href":"https:\/\/www.libraria-occitana.org\/en\/wp-json\/wp\/v2\/types\/product"}],"wp:featuredmedia":[{"embeddable":true,"href":"https:\/\/www.libraria-occitana.org\/en\/wp-json\/wp\/v2\/media\/60301"}],"wp:attachment":[{"href":"https:\/\/www.libraria-occitana.org\/en\/wp-json\/wp\/v2\/media?parent=60303"}],"wp:term":[{"taxonomy":"product_brand","embeddable":true,"href":"https:\/\/www.libraria-occitana.org\/en\/wp-json\/wp\/v2\/product_brand?post=60303"},{"taxonomy":"product_cat","embeddable":true,"href":"https:\/\/www.libraria-occitana.org\/en\/wp-json\/wp\/v2\/product_cat?post=60303"},{"taxonomy":"product_tag","embeddable":true,"href":"https:\/\/www.libraria-occitana.org\/en\/wp-json\/wp\/v2\/product_tag?post=60303"}],"curies":[{"name":"wp","href":"https:\/\/api.w.org\/{rel}","templated":true}]}}