{"id":60307,"date":"2024-08-13T12:22:46","date_gmt":"2024-08-13T10:22:46","guid":{"rendered":"http:\/\/www.libraria-occitana.org\/?post_type=product&#038;p=60307"},"modified":"2026-04-17T22:16:19","modified_gmt":"2026-04-17T20:16:19","slug":"correze-les-30-plus-beaux-sentiers-chamina","status":"publish","type":"product","link":"https:\/\/www.libraria-occitana.org\/en\/product\/correze-les-30-plus-beaux-sentiers-chamina\/","title":{"rendered":"Corr\u00e8ze : Les 30 plus beaux sentiers Chamina"},"content":{"rendered":"<p>Le territoire explor\u00e9 dans ce guide s&#8217;\u00e9tend des rives de la Dordogne \u00e0 l&#8217;est du d\u00e9partement, jusqu&#8217;\u00e0 la fronti\u00e8re avec la Haute-Vienne \u00e0 l&#8217;ouest. De quoi d\u00e9couvrir les beaut\u00e9s m\u00e9connues de ce d\u00e9partement riche de sa nature pr\u00e9serv\u00e9e (rives de la V\u00e9z\u00e8re et de la Corr\u00e8ze, lac du Causse) et de son patrimoine b\u00e2ti et historique.<\/p>\n<p>Points forts :<\/p>\n<ul>\n<li>30 itin\u00e9raires entre 1 h 10 et 6 h 15 pour une pratique familiale et sportive.<\/li>\n<li>Cartographie sur fond IGN au 1 : 25 000 pour se rep\u00e9rer facilement.<\/li>\n<li>D\u00e9tail des centres d&#8217;int\u00e9r\u00eats.<\/li>\n<li>Renseignements pratiques et adresses utiles.<\/li>\n<\/ul>\n","protected":false},"excerpt":{"rendered":"<p>Le territoire explor\u00e9 dans ce guide s&#8217;\u00e9tend des rives de la Dordogne \u00e0 l&#8217;est du d\u00e9partement, jusqu&#8217;\u00e0 la fronti\u00e8re avec la Haute-Vienne \u00e0 l&#8217;ouest. De quoi d\u00e9couvrir les beaut\u00e9s m\u00e9connues de ce d\u00e9partement riche de sa nature pr\u00e9serv\u00e9e (rives de la V\u00e9z\u00e8re et de la Corr\u00e8ze, lac du Causse) et de son patrimoine b\u00e2ti et [&hellip;]<\/p>\n","protected":false},"featured_media":60310,"template":"","meta":{"_acf_changed":false,"_genesis_hide_title":false,"_genesis_hide_breadcrumbs":false,"_genesis_hide_singular_image":false,"_genesis_hide_footer_widgets":false,"_genesis_custom_body_class":"","_genesis_custom_post_class":"","_genesis_layout":""},"product_brand":[],"product_cat":[7132,7198,7196],"product_tag":[],"class_list":{"0":"post-60307","1":"product","2":"type-product","3":"status-publish","4":"has-post-thumbnail","6":"product_cat-books","7":"product_cat-guides-tourism-en","8":"product_cat-nature-tourism-en","9":"pa_auteur-talon-emilie-en","10":"pa_editeur-chamina-edition-en","11":"pa_illustrateur-collectiu-illustrateur-en","12":"pa_langue-francais-en","13":"entry","15":"first","16":"instock","17":"shipping-taxable","18":"purchasable","19":"product-type-simple"},"acf":[],"_links":{"self":[{"href":"https:\/\/www.libraria-occitana.org\/en\/wp-json\/wp\/v2\/product\/60307","targetHints":{"allow":["GET"]}}],"collection":[{"href":"https:\/\/www.libraria-occitana.org\/en\/wp-json\/wp\/v2\/product"}],"about":[{"href":"https:\/\/www.libraria-occitana.org\/en\/wp-json\/wp\/v2\/types\/product"}],"wp:featuredmedia":[{"embeddable":true,"href":"https:\/\/www.libraria-occitana.org\/en\/wp-json\/wp\/v2\/media\/60310"}],"wp:attachment":[{"href":"https:\/\/www.libraria-occitana.org\/en\/wp-json\/wp\/v2\/media?parent=60307"}],"wp:term":[{"taxonomy":"product_brand","embeddable":true,"href":"https:\/\/www.libraria-occitana.org\/en\/wp-json\/wp\/v2\/product_brand?post=60307"},{"taxonomy":"product_cat","embeddable":true,"href":"https:\/\/www.libraria-occitana.org\/en\/wp-json\/wp\/v2\/product_cat?post=60307"},{"taxonomy":"product_tag","embeddable":true,"href":"https:\/\/www.libraria-occitana.org\/en\/wp-json\/wp\/v2\/product_tag?post=60307"}],"curies":[{"name":"wp","href":"https:\/\/api.w.org\/{rel}","templated":true}]}}