{"id":60313,"date":"2023-02-13T12:39:04","date_gmt":"2023-02-13T11:39:04","guid":{"rendered":"http:\/\/www.libraria-occitana.org\/?post_type=product&#038;p=60313"},"modified":"2026-04-29T10:36:21","modified_gmt":"2026-04-29T08:36:21","slug":"la-creuse-les-incontournables-balades-a-pied-2","status":"publish","type":"product","link":"https:\/\/www.libraria-occitana.org\/en\/product\/la-creuse-les-incontournables-balades-a-pied-2\/","title":{"rendered":"La Creuse : Les incontournables, Balades \u00e0 pied"},"content":{"rendered":"<p>Le territoire concern\u00e9 s&#8217;\u00e9tend de Fresselines au nord \u00e0 Gentioux-Pigerolles au sud, et de Saint-Goussaud \u00e0 l&#8217;ouest \u00e0 \u00c9vaux-les-Bains \u00e0 l&#8217;est.<\/p>\n<p>Terre occitane, la Creuse offre au marcheur une immersion dans une campagne vivace, une nature paisible, une histoire rurale. Il randonnera ainsi dans la vall\u00e9e des peintres, \u00e0 la confluence de<br \/>\nla Creuse et de la Petite Creuse qui accueillit et inspira Claude Monet. Il d\u00e9couvrira le bocage, le grand et le petit patrimoine typiques comme la lanterne des morts de Saint-Goussaud, mais \u00e9galement les ch\u00e2teaux, les tourbi\u00e8res, les cascades qui font de la Creuse une destination familiale id\u00e9ale.<\/p>\n","protected":false},"excerpt":{"rendered":"<p>Le territoire concern\u00e9 s&#8217;\u00e9tend de Fresselines au nord \u00e0 Gentioux-Pigerolles au sud, et de Saint-Goussaud \u00e0 l&#8217;ouest \u00e0 \u00c9vaux-les-Bains \u00e0 l&#8217;est. Terre occitane, la Creuse offre au marcheur une immersion dans une campagne vivace, une nature paisible, une histoire rurale. Il randonnera ainsi dans la vall\u00e9e des peintres, \u00e0 la confluence de la Creuse et [&hellip;]<\/p>\n","protected":false},"featured_media":60316,"template":"","meta":{"_acf_changed":false,"_genesis_hide_title":false,"_genesis_hide_breadcrumbs":false,"_genesis_hide_singular_image":false,"_genesis_hide_footer_widgets":false,"_genesis_custom_body_class":"","_genesis_custom_post_class":"","_genesis_layout":""},"product_brand":[],"product_cat":[7132,7198,7196],"product_tag":[],"class_list":{"0":"post-60313","1":"product","2":"type-product","3":"status-publish","4":"has-post-thumbnail","6":"product_cat-books","7":"product_cat-guides-tourism-en","8":"product_cat-nature-tourism-en","9":"pa_auteur-collectiu-en-2","10":"pa_editeur-chamina-edition-en","11":"pa_illustrateur-collectiu-illustrateur-en","12":"pa_langue-francais-en","13":"entry","15":"first","16":"outofstock","17":"shipping-taxable","18":"purchasable","19":"product-type-simple"},"acf":[],"_links":{"self":[{"href":"https:\/\/www.libraria-occitana.org\/en\/wp-json\/wp\/v2\/product\/60313","targetHints":{"allow":["GET"]}}],"collection":[{"href":"https:\/\/www.libraria-occitana.org\/en\/wp-json\/wp\/v2\/product"}],"about":[{"href":"https:\/\/www.libraria-occitana.org\/en\/wp-json\/wp\/v2\/types\/product"}],"wp:featuredmedia":[{"embeddable":true,"href":"https:\/\/www.libraria-occitana.org\/en\/wp-json\/wp\/v2\/media\/60316"}],"wp:attachment":[{"href":"https:\/\/www.libraria-occitana.org\/en\/wp-json\/wp\/v2\/media?parent=60313"}],"wp:term":[{"taxonomy":"product_brand","embeddable":true,"href":"https:\/\/www.libraria-occitana.org\/en\/wp-json\/wp\/v2\/product_brand?post=60313"},{"taxonomy":"product_cat","embeddable":true,"href":"https:\/\/www.libraria-occitana.org\/en\/wp-json\/wp\/v2\/product_cat?post=60313"},{"taxonomy":"product_tag","embeddable":true,"href":"https:\/\/www.libraria-occitana.org\/en\/wp-json\/wp\/v2\/product_tag?post=60313"}],"curies":[{"name":"wp","href":"https:\/\/api.w.org\/{rel}","templated":true}]}}