{"id":60357,"date":"2023-06-13T18:50:30","date_gmt":"2023-06-13T16:50:30","guid":{"rendered":"http:\/\/www.libraria-occitana.org\/?post_type=product&#038;p=60357"},"modified":"2026-04-29T06:01:37","modified_gmt":"2026-04-29T04:01:37","slug":"al-dintre-de-la-closca","status":"publish","type":"product","link":"https:\/\/www.libraria-occitana.org\/en\/product\/al-dintre-de-la-closca\/","title":{"rendered":"Al dintre de la cl\u00f2sca"},"content":{"rendered":"<p>Avis, aux lectrices, aux lecteurs et aux autres.<\/p>\n<p>Avec ce roman futuriste, vous allez vous retrouver tr\u00e8s vite dans la t\u00eate de plusieurs personnages, en premier de deux gorilles (m\u00e2le et femelle) \u00ab g\u00e9n\u00e9tiquement modifi\u00e9s \u00bb par l\u2019intervention du fameux neurologue toulousain, sommit\u00e9 de la m\u00e9decine, Kasimir Patatszczywski (se prononce exactement comme cela s\u2019\u00e9crit)\u2026 ainsi que de quelques autres qui eux aussi n&#8217;avaient rien demand\u00e9.<\/p>\n<p>Cette histoire entortill\u00e9e \u00e0 plaisir nous r\u00e9serve, chemin faisant par les rues, places et monuments de Toulouse, plein d&#8217;autres surprises et un suspense de ceux qui vous glacent le sang. Vous allez croiser dans cette aventure qui gambade all\u00e8grement entre science et politique-fiction, une enqu\u00eate polici\u00e8re sur une secte de dangereux comploteurs eux aussi entre les mains d&#8217;une secte men\u00e9e par le rival (machiav\u00e9lique) du gentil professeur.<\/p>\n","protected":false},"excerpt":{"rendered":"<p>Avis, aux lectrices, aux lecteurs et aux autres. Avec ce roman futuriste, vous allez vous retrouver tr\u00e8s vite dans la t\u00eate de plusieurs personnages, en premier de deux gorilles (m\u00e2le et femelle) \u00ab g\u00e9n\u00e9tiquement modifi\u00e9s \u00bb par l\u2019intervention du fameux neurologue toulousain, sommit\u00e9 de la m\u00e9decine, Kasimir Patatszczywski (se prononce exactement comme cela s\u2019\u00e9crit)\u2026 ainsi [&hellip;]<\/p>\n","protected":false},"featured_media":60360,"template":"","meta":{"_acf_changed":false,"_genesis_hide_title":false,"_genesis_hide_breadcrumbs":false,"_genesis_hide_singular_image":false,"_genesis_hide_footer_widgets":false,"_genesis_custom_body_class":"","_genesis_custom_post_class":"","_genesis_layout":""},"product_brand":[],"product_cat":[7132,7174,7182],"product_tag":[],"class_list":{"0":"post-60357","1":"product","2":"type-product","3":"status-publish","4":"has-post-thumbnail","6":"product_cat-books","7":"product_cat-literature-en","8":"product_cat-novels-short-stories-en","9":"pa_auteur-chaumont-cristian-en","10":"pa_editeur-e-rau-edicions-en","11":"pa_langue-occitan-en","12":"pa_langue-occitan-lengadocian-en","13":"entry","15":"first","16":"instock","17":"shipping-taxable","18":"purchasable","19":"product-type-simple"},"acf":[],"_links":{"self":[{"href":"https:\/\/www.libraria-occitana.org\/en\/wp-json\/wp\/v2\/product\/60357","targetHints":{"allow":["GET"]}}],"collection":[{"href":"https:\/\/www.libraria-occitana.org\/en\/wp-json\/wp\/v2\/product"}],"about":[{"href":"https:\/\/www.libraria-occitana.org\/en\/wp-json\/wp\/v2\/types\/product"}],"wp:featuredmedia":[{"embeddable":true,"href":"https:\/\/www.libraria-occitana.org\/en\/wp-json\/wp\/v2\/media\/60360"}],"wp:attachment":[{"href":"https:\/\/www.libraria-occitana.org\/en\/wp-json\/wp\/v2\/media?parent=60357"}],"wp:term":[{"taxonomy":"product_brand","embeddable":true,"href":"https:\/\/www.libraria-occitana.org\/en\/wp-json\/wp\/v2\/product_brand?post=60357"},{"taxonomy":"product_cat","embeddable":true,"href":"https:\/\/www.libraria-occitana.org\/en\/wp-json\/wp\/v2\/product_cat?post=60357"},{"taxonomy":"product_tag","embeddable":true,"href":"https:\/\/www.libraria-occitana.org\/en\/wp-json\/wp\/v2\/product_tag?post=60357"}],"curies":[{"name":"wp","href":"https:\/\/api.w.org\/{rel}","templated":true}]}}