{"id":60377,"date":"2023-06-14T08:27:27","date_gmt":"2023-06-14T06:27:27","guid":{"rendered":"http:\/\/www.libraria-occitana.org\/product\/los-beatles-de-sant-cubran\/"},"modified":"2026-04-18T06:21:26","modified_gmt":"2026-04-18T04:21:26","slug":"los-beatles-de-sant-cubran","status":"publish","type":"product","link":"https:\/\/www.libraria-occitana.org\/en\/product\/los-beatles-de-sant-cubran\/","title":{"rendered":"Los Beatles de Sant \u00c7ubran"},"content":{"rendered":"<blockquote>\n<p>Arser, av\u00e8m perdut lo n\u00f2stre Ringo. Es partit amb lo tren de nu\u00e8ch que va de Bord\u00e8u a Ni\u00e7a e que s&#8217;arr\u00e8sta a Tolosa sus las onze oras. Lo temps d&#8217;agantar una valisa e de caminar a Matabiau. Nos a dich que tornari\u00e1 pas jamai. A decidit de desapar\u00e9isser la velha qu&#8217;av\u00e8m recebut aquela invitacion oficiala per anar jogar al festenal de Wroclaw, amondaut en Polonha. La n\u00f2stra candidatura agrad\u00e8t a la jurada. S\u00e8tz qualificats, ditz la letra. Una suspresa o benl\u00e8u un miracle. U\u00e8i, deuriam nos regaudir mas sens un Ringo, anarem pas enl\u00f2c.<\/p>\n<\/blockquote>\n<p>Les aventures d\u2019un groupe de musiciens toulousains, entre espoir, difficult\u00e9s mat\u00e9rielles et tensions relationnelles, en route pour le concours d&#8217;interpr\u00e9tation des chansons des Beatles. Le premier roman en occitan de Michel Fraysse, une sorte de road movie.<\/p>\n","protected":false},"excerpt":{"rendered":"<p>Arser, av\u00e8m perdut lo n\u00f2stre Ringo. Es partit amb lo tren de nu\u00e8ch que va de Bord\u00e8u a Ni\u00e7a e que s&#8217;arr\u00e8sta a Tolosa sus las onze oras. Lo temps d&#8217;agantar una valisa e de caminar a Matabiau. Nos a dich que tornari\u00e1 pas jamai. A decidit de desapar\u00e9isser la velha qu&#8217;av\u00e8m recebut aquela invitacion [&hellip;]<\/p>\n","protected":false},"featured_media":60375,"template":"","meta":{"_acf_changed":false,"_genesis_hide_title":false,"_genesis_hide_breadcrumbs":false,"_genesis_hide_singular_image":false,"_genesis_hide_footer_widgets":false,"_genesis_custom_body_class":"","_genesis_custom_post_class":"","_genesis_layout":""},"product_brand":[],"product_cat":[7132,7174,7182],"product_tag":[],"class_list":{"0":"post-60377","1":"product","2":"type-product","3":"status-publish","4":"has-post-thumbnail","6":"product_cat-books","7":"product_cat-literature-en","8":"product_cat-novels-short-stories-en","9":"pa_auteur-fraysse-michel-en","10":"pa_editeur-ieo-fr-en","11":"pa_langue-occitan-en","12":"pa_langue-occitan-lengadocian-en","13":"entry","15":"first","16":"instock","17":"shipping-taxable","18":"purchasable","19":"product-type-simple"},"acf":[],"_links":{"self":[{"href":"https:\/\/www.libraria-occitana.org\/en\/wp-json\/wp\/v2\/product\/60377","targetHints":{"allow":["GET"]}}],"collection":[{"href":"https:\/\/www.libraria-occitana.org\/en\/wp-json\/wp\/v2\/product"}],"about":[{"href":"https:\/\/www.libraria-occitana.org\/en\/wp-json\/wp\/v2\/types\/product"}],"wp:featuredmedia":[{"embeddable":true,"href":"https:\/\/www.libraria-occitana.org\/en\/wp-json\/wp\/v2\/media\/60375"}],"wp:attachment":[{"href":"https:\/\/www.libraria-occitana.org\/en\/wp-json\/wp\/v2\/media?parent=60377"}],"wp:term":[{"taxonomy":"product_brand","embeddable":true,"href":"https:\/\/www.libraria-occitana.org\/en\/wp-json\/wp\/v2\/product_brand?post=60377"},{"taxonomy":"product_cat","embeddable":true,"href":"https:\/\/www.libraria-occitana.org\/en\/wp-json\/wp\/v2\/product_cat?post=60377"},{"taxonomy":"product_tag","embeddable":true,"href":"https:\/\/www.libraria-occitana.org\/en\/wp-json\/wp\/v2\/product_tag?post=60377"}],"curies":[{"name":"wp","href":"https:\/\/api.w.org\/{rel}","templated":true}]}}