{"id":60380,"date":"2023-06-14T08:41:46","date_gmt":"2023-06-14T06:41:46","guid":{"rendered":"http:\/\/www.libraria-occitana.org\/?post_type=product&#038;p=60380"},"modified":"2026-04-29T06:16:58","modified_gmt":"2026-04-29T04:16:58","slug":"la-distanciacion","status":"publish","type":"product","link":"https:\/\/www.libraria-occitana.org\/en\/product\/la-distanciacion\/","title":{"rendered":"La Distanciacion"},"content":{"rendered":"<blockquote>\n<p>Quand los parents \u00e8ran al trabalh, la grand mairala s&#8217;ocupava de Paulina, abans qu&#8217;an\u00e8sse a l&#8217;esc\u00f2la e apr\u00e8s. La menava o l&#8217;anava qu\u00e8rre regularament. Veusa, vivi\u00e1 sola dins son ostal a qualques centenats de m\u00e8tres. S&#8217;endeveni\u00e1n plan totas doas. Li legissi\u00e1 de libres pels enfants, li contava de causas de son temps, li parlava de las flors, de las plantas de l&#8217;\u00f2rt, dels auc\u00e8ls que se veni\u00e1n ajocar suls arbres. Li explicava qualques rec\u00e8ptas de cosina e la fasi\u00e1 participar. \u00c8ran de moments d&#8217;una granda complicitat. Li balhava de conselhs a proporcion que veni\u00e1 drolleta. Entre autras causas, li disi\u00e1 que se cal mesfisar dels autres : &#8211; Se fisar es plan bon, se mesfisar encara melhor.<\/p>\n<\/blockquote>\n<p>Le d\u00e9sir d\u2019\u00eatre m\u00e8re, la difficult\u00e9 de la maternit\u00e9, les inqui\u00e9tudes de l\u2019\u00e9ducation entre protection et libert\u00e9. Est-il possible de vivre sa vie dans la m\u00e9fiance ? Le nouveau roman de l&#8217;auteur de <em>Delai la mar<\/em>, <em>Lo barracon<\/em>, <em>Un estiu sus la talv\u00e8ra<\/em>&#8230;<\/p>\n","protected":false},"excerpt":{"rendered":"<p>Quand los parents \u00e8ran al trabalh, la grand mairala s&#8217;ocupava de Paulina, abans qu&#8217;an\u00e8sse a l&#8217;esc\u00f2la e apr\u00e8s. La menava o l&#8217;anava qu\u00e8rre regularament. Veusa, vivi\u00e1 sola dins son ostal a qualques centenats de m\u00e8tres. S&#8217;endeveni\u00e1n plan totas doas. Li legissi\u00e1 de libres pels enfants, li contava de causas de son temps, li parlava de [&hellip;]<\/p>\n","protected":false},"featured_media":60372,"template":"","meta":{"_acf_changed":false,"_genesis_hide_title":false,"_genesis_hide_breadcrumbs":false,"_genesis_hide_singular_image":false,"_genesis_hide_footer_widgets":false,"_genesis_custom_body_class":"","_genesis_custom_post_class":"","_genesis_layout":""},"product_brand":[],"product_cat":[7132,7174,7182],"product_tag":[],"class_list":{"0":"post-60380","1":"product","2":"type-product","3":"status-publish","4":"has-post-thumbnail","6":"product_cat-books","7":"product_cat-literature-en","8":"product_cat-novels-short-stories-en","9":"pa_editeur-ieo-fr-en","10":"pa_illustrateur-gairal-sergi-en","11":"pa_langue-occitan-en","12":"pa_langue-occitan-lengadocian-en","13":"entry","15":"first","16":"instock","17":"shipping-taxable","18":"purchasable","19":"product-type-simple"},"acf":[],"_links":{"self":[{"href":"https:\/\/www.libraria-occitana.org\/en\/wp-json\/wp\/v2\/product\/60380","targetHints":{"allow":["GET"]}}],"collection":[{"href":"https:\/\/www.libraria-occitana.org\/en\/wp-json\/wp\/v2\/product"}],"about":[{"href":"https:\/\/www.libraria-occitana.org\/en\/wp-json\/wp\/v2\/types\/product"}],"wp:featuredmedia":[{"embeddable":true,"href":"https:\/\/www.libraria-occitana.org\/en\/wp-json\/wp\/v2\/media\/60372"}],"wp:attachment":[{"href":"https:\/\/www.libraria-occitana.org\/en\/wp-json\/wp\/v2\/media?parent=60380"}],"wp:term":[{"taxonomy":"product_brand","embeddable":true,"href":"https:\/\/www.libraria-occitana.org\/en\/wp-json\/wp\/v2\/product_brand?post=60380"},{"taxonomy":"product_cat","embeddable":true,"href":"https:\/\/www.libraria-occitana.org\/en\/wp-json\/wp\/v2\/product_cat?post=60380"},{"taxonomy":"product_tag","embeddable":true,"href":"https:\/\/www.libraria-occitana.org\/en\/wp-json\/wp\/v2\/product_tag?post=60380"}],"curies":[{"name":"wp","href":"https:\/\/api.w.org\/{rel}","templated":true}]}}