{"id":60383,"date":"2023-06-14T08:52:08","date_gmt":"2023-06-14T06:52:08","guid":{"rendered":"http:\/\/www.libraria-occitana.org\/?post_type=product&#038;p=60383"},"modified":"2026-04-17T05:11:06","modified_gmt":"2026-04-17T03:11:06","slug":"labyrinthos","status":"publish","type":"product","link":"https:\/\/www.libraria-occitana.org\/en\/product\/labyrinthos\/","title":{"rendered":"Labyrinthos"},"content":{"rendered":"<p>La salle d&#8217;attente d&#8217;une gare est toujours un lieu \u00e9trange o\u00f9 se croisent plusieurs destins. La rencontre entre deux \u00eatres aux histoires personnelles diff\u00e9rents va les mener dans un p\u00e9riple hasardeux sem\u00e9 de chaos, de r\u00e9voltes, de myst\u00e8res. Le premier roman fantaisiste d\u2019Alan Maury.<\/p>\n","protected":false},"excerpt":{"rendered":"<p>La salle d&#8217;attente d&#8217;une gare est toujours un lieu \u00e9trange o\u00f9 se croisent plusieurs destins. La rencontre entre deux \u00eatres aux histoires personnelles diff\u00e9rents va les mener dans un p\u00e9riple hasardeux sem\u00e9 de chaos, de r\u00e9voltes, de myst\u00e8res. Le premier roman fantaisiste d\u2019Alan Maury.<\/p>\n","protected":false},"featured_media":60369,"template":"","meta":{"_acf_changed":false,"_genesis_hide_title":false,"_genesis_hide_breadcrumbs":false,"_genesis_hide_singular_image":false,"_genesis_hide_footer_widgets":false,"_genesis_custom_body_class":"","_genesis_custom_post_class":"","_genesis_layout":""},"product_brand":[],"product_cat":[7132,7174,7182],"product_tag":[],"class_list":{"0":"post-60383","1":"product","2":"type-product","3":"status-publish","4":"has-post-thumbnail","6":"product_cat-books","7":"product_cat-literature-en","8":"product_cat-novels-short-stories-en","9":"pa_auteur-maury-alan-en","10":"pa_editeur-ieo-fr-en","11":"pa_langue-occitan-en","12":"pa_langue-occitan-lengadocian-en","13":"entry","15":"first","16":"instock","17":"shipping-taxable","18":"purchasable","19":"product-type-simple"},"acf":[],"_links":{"self":[{"href":"https:\/\/www.libraria-occitana.org\/en\/wp-json\/wp\/v2\/product\/60383","targetHints":{"allow":["GET"]}}],"collection":[{"href":"https:\/\/www.libraria-occitana.org\/en\/wp-json\/wp\/v2\/product"}],"about":[{"href":"https:\/\/www.libraria-occitana.org\/en\/wp-json\/wp\/v2\/types\/product"}],"wp:featuredmedia":[{"embeddable":true,"href":"https:\/\/www.libraria-occitana.org\/en\/wp-json\/wp\/v2\/media\/60369"}],"wp:attachment":[{"href":"https:\/\/www.libraria-occitana.org\/en\/wp-json\/wp\/v2\/media?parent=60383"}],"wp:term":[{"taxonomy":"product_brand","embeddable":true,"href":"https:\/\/www.libraria-occitana.org\/en\/wp-json\/wp\/v2\/product_brand?post=60383"},{"taxonomy":"product_cat","embeddable":true,"href":"https:\/\/www.libraria-occitana.org\/en\/wp-json\/wp\/v2\/product_cat?post=60383"},{"taxonomy":"product_tag","embeddable":true,"href":"https:\/\/www.libraria-occitana.org\/en\/wp-json\/wp\/v2\/product_tag?post=60383"}],"curies":[{"name":"wp","href":"https:\/\/api.w.org\/{rel}","templated":true}]}}