{"id":60397,"date":"2023-10-14T13:19:06","date_gmt":"2023-10-14T11:19:06","guid":{"rendered":"http:\/\/www.libraria-occitana.org\/?post_type=product&#038;p=60397"},"modified":"2026-04-26T02:06:47","modified_gmt":"2026-04-26T00:06:47","slug":"bords-de-vienne-et-ponticauds-de-limoges-des-origines-aux-annees-1970","status":"publish","type":"product","link":"https:\/\/www.libraria-occitana.org\/en\/product\/bords-de-vienne-et-ponticauds-de-limoges-des-origines-aux-annees-1970\/","title":{"rendered":"Bords de Vienne et Ponticauds de Limoges : Des origines aux ann\u00e9es 1970"},"content":{"rendered":"<p>L\u2019\u00e9crivain et historien Laurent Bourdelas \u00e9voque les bords de Vienne o\u00f9 naquit la cit\u00e9 romaine d\u2019Augustoritum, le faubourg Saint-Martial au Moyen \u00c2ge, les abords du pont Saint-\u00c9tienne, le Naveix et les Casseaux.<\/p>\n<p>Lui-m\u00eame descendant d\u2019une famille de \u00ab Ponticauds \u00bb, il pr\u00e9sente cette population laborieuse au caract\u00e8re bien tremp\u00e9. Il explore les activit\u00e9s et l\u2019\u00e9volution de ces lieux embl\u00e9matiques de la ville de Limoges, de l\u2019Antiquit\u00e9 \u00e0 la r\u00e9volution industrielle qui vit s\u2019y installer la premi\u00e8re grande manufacture de porcelaine. Ponctuant son \u00e9tude d\u2019extraits d\u2019articles et d\u2019ouvrages souvent oubli\u00e9s, il fait revivre la grande \u00e9pop\u00e9e du flottage des bois, de la p\u00eache, raconte la construction des nouveaux ponts, invite \u00e0 traverser la rivi\u00e8re jusqu\u2019au Clos Sainte-Marie.<\/p>\n<p>Nourri des plus r\u00e9centes recherches en histoire, ce livre est accompagn\u00e9 d\u2019une riche iconographie, souvent in\u00e9dite, issue des collections personnelles de l\u2019auteur, des collections municipales et de la riche phototh\u00e8que de Paul Colmar.<\/p>\n","protected":false},"excerpt":{"rendered":"<p>L\u2019\u00e9crivain et historien Laurent Bourdelas \u00e9voque les bords de Vienne o\u00f9 naquit la cit\u00e9 romaine d\u2019Augustoritum, le faubourg Saint-Martial au Moyen \u00c2ge, les abords du pont Saint-\u00c9tienne, le Naveix et les Casseaux. Lui-m\u00eame descendant d\u2019une famille de \u00ab Ponticauds \u00bb, il pr\u00e9sente cette population laborieuse au caract\u00e8re bien tremp\u00e9. Il explore les activit\u00e9s et l\u2019\u00e9volution [&hellip;]<\/p>\n","protected":false},"featured_media":60400,"template":"","meta":{"_acf_changed":false,"_genesis_hide_title":false,"_genesis_hide_breadcrumbs":false,"_genesis_hide_singular_image":false,"_genesis_hide_footer_widgets":false,"_genesis_custom_body_class":"","_genesis_custom_post_class":"","_genesis_layout":""},"product_brand":[],"product_cat":[7132,7156,7148],"product_tag":[],"class_list":{"0":"post-60397","1":"product","2":"type-product","3":"status-publish","4":"has-post-thumbnail","6":"product_cat-books","7":"product_cat-general-history-en","8":"product_cat-history-geography-en","9":"pa_auteur-bourdelas-laurent-en","10":"pa_editeur-geste-en","11":"pa_langue-francais-en","12":"entry","14":"first","15":"instock","16":"shipping-taxable","17":"purchasable","18":"product-type-simple"},"acf":[],"_links":{"self":[{"href":"https:\/\/www.libraria-occitana.org\/en\/wp-json\/wp\/v2\/product\/60397","targetHints":{"allow":["GET"]}}],"collection":[{"href":"https:\/\/www.libraria-occitana.org\/en\/wp-json\/wp\/v2\/product"}],"about":[{"href":"https:\/\/www.libraria-occitana.org\/en\/wp-json\/wp\/v2\/types\/product"}],"wp:featuredmedia":[{"embeddable":true,"href":"https:\/\/www.libraria-occitana.org\/en\/wp-json\/wp\/v2\/media\/60400"}],"wp:attachment":[{"href":"https:\/\/www.libraria-occitana.org\/en\/wp-json\/wp\/v2\/media?parent=60397"}],"wp:term":[{"taxonomy":"product_brand","embeddable":true,"href":"https:\/\/www.libraria-occitana.org\/en\/wp-json\/wp\/v2\/product_brand?post=60397"},{"taxonomy":"product_cat","embeddable":true,"href":"https:\/\/www.libraria-occitana.org\/en\/wp-json\/wp\/v2\/product_cat?post=60397"},{"taxonomy":"product_tag","embeddable":true,"href":"https:\/\/www.libraria-occitana.org\/en\/wp-json\/wp\/v2\/product_tag?post=60397"}],"curies":[{"name":"wp","href":"https:\/\/api.w.org\/{rel}","templated":true}]}}