{"id":60415,"date":"2022-04-14T18:00:28","date_gmt":"2022-04-14T16:00:28","guid":{"rendered":"http:\/\/www.libraria-occitana.org\/product\/lo-diable-la-se-creme\/"},"modified":"2026-04-29T10:50:36","modified_gmt":"2026-04-29T08:50:36","slug":"lo-diable-la-se-creme","status":"publish","type":"product","link":"https:\/\/www.libraria-occitana.org\/en\/product\/lo-diable-la-se-creme\/","title":{"rendered":"Lo diable la se creme"},"content":{"rendered":"<p>\u00ab De par mon m\u00e9tier je suis habitu\u00e9 \u00e0 mettre en relation documents, paroles, faits de toutes sortes qui peuvent para\u00eetre sans rapport, \u00e0 les classer, \u00e0 les analyser pour essayer de faire \u00e9merger un sens. \u00bb<br \/>\nTout cela est fort bon, et l&#8217;on peut se f\u00e9liciter qu&#8217;il existe dans nos soci\u00e9t\u00e9s de tels professionnels de la raison et de l&#8217;intelligence.<br \/>\nMais que se passe-t-il quand les conclusions auxquelles doit logiquement arriver le cerveau humain se trouvent au-del\u00e0 de ce qu&#8217;il accepte de concevoir ?<\/p>\n<p>Quatre nouvelles fantastiques et d&#8217;anticipation.<\/p>\n","protected":false},"excerpt":{"rendered":"<p>\u00ab De par mon m\u00e9tier je suis habitu\u00e9 \u00e0 mettre en relation documents, paroles, faits de toutes sortes qui peuvent para\u00eetre sans rapport, \u00e0 les classer, \u00e0 les analyser pour essayer de faire \u00e9merger un sens. \u00bb Tout cela est fort bon, et l&#8217;on peut se f\u00e9liciter qu&#8217;il existe dans nos soci\u00e9t\u00e9s de tels professionnels [&hellip;]<\/p>\n","protected":false},"featured_media":60407,"template":"","meta":{"_acf_changed":false,"_genesis_hide_title":false,"_genesis_hide_breadcrumbs":false,"_genesis_hide_singular_image":false,"_genesis_hide_footer_widgets":false,"_genesis_custom_body_class":"","_genesis_custom_post_class":"","_genesis_layout":""},"product_brand":[],"product_cat":[7132,7174,7182],"product_tag":[],"class_list":{"0":"post-60415","1":"product","2":"type-product","3":"status-publish","4":"has-post-thumbnail","6":"product_cat-books","7":"product_cat-literature-en","8":"product_cat-novels-short-stories-en","9":"pa_auteur-biu-felip-en","10":"pa_editeur-per-noste-en","11":"pa_langue-occitan-en","12":"pa_langue-occitan-gascon-en","13":"entry","15":"first","16":"instock","17":"shipping-taxable","18":"purchasable","19":"product-type-simple"},"acf":[],"_links":{"self":[{"href":"https:\/\/www.libraria-occitana.org\/en\/wp-json\/wp\/v2\/product\/60415","targetHints":{"allow":["GET"]}}],"collection":[{"href":"https:\/\/www.libraria-occitana.org\/en\/wp-json\/wp\/v2\/product"}],"about":[{"href":"https:\/\/www.libraria-occitana.org\/en\/wp-json\/wp\/v2\/types\/product"}],"wp:featuredmedia":[{"embeddable":true,"href":"https:\/\/www.libraria-occitana.org\/en\/wp-json\/wp\/v2\/media\/60407"}],"wp:attachment":[{"href":"https:\/\/www.libraria-occitana.org\/en\/wp-json\/wp\/v2\/media?parent=60415"}],"wp:term":[{"taxonomy":"product_brand","embeddable":true,"href":"https:\/\/www.libraria-occitana.org\/en\/wp-json\/wp\/v2\/product_brand?post=60415"},{"taxonomy":"product_cat","embeddable":true,"href":"https:\/\/www.libraria-occitana.org\/en\/wp-json\/wp\/v2\/product_cat?post=60415"},{"taxonomy":"product_tag","embeddable":true,"href":"https:\/\/www.libraria-occitana.org\/en\/wp-json\/wp\/v2\/product_tag?post=60415"}],"curies":[{"name":"wp","href":"https:\/\/api.w.org\/{rel}","templated":true}]}}