{"id":60418,"date":"2023-05-14T18:09:55","date_gmt":"2023-05-14T16:09:55","guid":{"rendered":"http:\/\/www.libraria-occitana.org\/?post_type=product&#038;p=60418"},"modified":"2026-04-16T00:46:36","modified_gmt":"2026-04-15T22:46:36","slug":"correze-remarquable","status":"publish","type":"product","link":"https:\/\/www.libraria-occitana.org\/en\/product\/correze-remarquable\/","title":{"rendered":"Corr\u00e8ze Remarquable"},"content":{"rendered":"<p>L\u2019histoire de la Corr\u00e8ze au travers des photographies de Daniel Roblin accompagn\u00e9es par un texte simple et pr\u00e9cis de Jean-Michel Valade qui en d\u00e9voile les attraits et la riche histoire qui depuis le n\u00e9olithique, a engendr\u00e9 un patrimoine exceptionnel : abbayes, ch\u00e2teaux forts, villages et villes aux tr\u00e9sors nombreux et parfois insoup\u00e7onn\u00e9s.<\/p>\n<p>Des plus belles lumi\u00e8res de ses campagnes sans oublier ses lieux les plus historiques, voici la Corr\u00e8ze sublim\u00e9e en images. Pendant pr\u00e8s d\u2019une ann\u00e9e, le photographe a arpent\u00e9 la r\u00e9gion dans le but d\u2019en capter l\u2019essence \u00e0 travers leurs meilleures photographies.<\/p>\n","protected":false},"excerpt":{"rendered":"<p>L\u2019histoire de la Corr\u00e8ze au travers des photographies de Daniel Roblin accompagn\u00e9es par un texte simple et pr\u00e9cis de Jean-Michel Valade qui en d\u00e9voile les attraits et la riche histoire qui depuis le n\u00e9olithique, a engendr\u00e9 un patrimoine exceptionnel : abbayes, ch\u00e2teaux forts, villages et villes aux tr\u00e9sors nombreux et parfois insoup\u00e7onn\u00e9s. Des plus belles [&hellip;]<\/p>\n","protected":false},"featured_media":60421,"template":"","meta":{"_acf_changed":false,"_genesis_hide_title":false,"_genesis_hide_breadcrumbs":false,"_genesis_hide_singular_image":false,"_genesis_hide_footer_widgets":false,"_genesis_custom_body_class":"","_genesis_custom_post_class":"","_genesis_layout":""},"product_brand":[],"product_cat":[7132,7198,7196],"product_tag":[],"class_list":{"0":"post-60418","1":"product","2":"type-product","3":"status-publish","4":"has-post-thumbnail","6":"product_cat-books","7":"product_cat-guides-tourism-en","8":"product_cat-nature-tourism-en","9":"pa_auteur-roblin-daniel-en","10":"pa_auteur-valade-jean-michel-en","11":"pa_editeur-geste-en","12":"pa_langue-francais-en","13":"entry","15":"first","16":"outofstock","17":"shipping-taxable","18":"purchasable","19":"product-type-simple"},"acf":[],"_links":{"self":[{"href":"https:\/\/www.libraria-occitana.org\/en\/wp-json\/wp\/v2\/product\/60418","targetHints":{"allow":["GET"]}}],"collection":[{"href":"https:\/\/www.libraria-occitana.org\/en\/wp-json\/wp\/v2\/product"}],"about":[{"href":"https:\/\/www.libraria-occitana.org\/en\/wp-json\/wp\/v2\/types\/product"}],"wp:featuredmedia":[{"embeddable":true,"href":"https:\/\/www.libraria-occitana.org\/en\/wp-json\/wp\/v2\/media\/60421"}],"wp:attachment":[{"href":"https:\/\/www.libraria-occitana.org\/en\/wp-json\/wp\/v2\/media?parent=60418"}],"wp:term":[{"taxonomy":"product_brand","embeddable":true,"href":"https:\/\/www.libraria-occitana.org\/en\/wp-json\/wp\/v2\/product_brand?post=60418"},{"taxonomy":"product_cat","embeddable":true,"href":"https:\/\/www.libraria-occitana.org\/en\/wp-json\/wp\/v2\/product_cat?post=60418"},{"taxonomy":"product_tag","embeddable":true,"href":"https:\/\/www.libraria-occitana.org\/en\/wp-json\/wp\/v2\/product_tag?post=60418"}],"curies":[{"name":"wp","href":"https:\/\/api.w.org\/{rel}","templated":true}]}}