{"id":60425,"date":"2022-09-14T18:16:25","date_gmt":"2022-09-14T16:16:25","guid":{"rendered":"http:\/\/www.libraria-occitana.org\/?post_type=product&#038;p=60425"},"modified":"2026-04-16T04:31:58","modified_gmt":"2026-04-16T02:31:58","slug":"peir-e-lo-lop-libre-cd-2","status":"publish","type":"product","link":"https:\/\/www.libraria-occitana.org\/en\/product\/peir-e-lo-lop-libre-cd-2\/","title":{"rendered":"P\u00e8ir e lo lop (libre + CD)"},"content":{"rendered":"<p>Traduction et adaptation en occitan gascon du conte symphonique <em>Pierre et le loup<\/em> de Sergu\u00ebi Prokofiev.<br \/>\nEnregistr\u00e9 avec des musiciens professionnels, dirig\u00e9s par Marjorie Claver.<\/p>\n<p>Cycles 1 \u00e0 3.<br \/>\nLivret p\u00e9dagogique sur <a href=\"https:\/\/www.capoc.fr\/\">https:\/\/www.capoc.fr\/<\/a><\/p>\n","protected":false},"excerpt":{"rendered":"<p>Traduction et adaptation en occitan gascon du conte symphonique Pierre et le loup de Sergu\u00ebi Prokofiev. Enregistr\u00e9 avec des musiciens professionnels, dirig\u00e9s par Marjorie Claver. Cycles 1 \u00e0 3. Livret p\u00e9dagogique sur https:\/\/www.capoc.fr\/<\/p>\n","protected":false},"featured_media":60428,"template":"","meta":{"_acf_changed":false,"_genesis_hide_title":false,"_genesis_hide_breadcrumbs":false,"_genesis_hide_singular_image":false,"_genesis_hide_footer_widgets":false,"_genesis_custom_body_class":"","_genesis_custom_post_class":"","_genesis_layout":""},"product_brand":[],"product_cat":[7132,7170,7164],"product_tag":[],"class_list":{"0":"post-60425","1":"product","2":"type-product","3":"status-publish","4":"has-post-thumbnail","6":"product_cat-books","7":"product_cat-juvenile-en","8":"product_cat-juvenile-and-teen-comics-humour-en","9":"pa_auteur-nadau-joan-de-en","10":"pa_auteur-prokofiev-serguei-en","11":"pa_editeur-canope-editions-en","12":"pa_illustrateur-lalu-valerie-en","13":"pa_langue-occitan-en","14":"pa_langue-occitan-gascon-en","15":"entry","17":"first","18":"outofstock","19":"shipping-taxable","20":"purchasable","21":"product-type-simple"},"acf":[],"_links":{"self":[{"href":"https:\/\/www.libraria-occitana.org\/en\/wp-json\/wp\/v2\/product\/60425","targetHints":{"allow":["GET"]}}],"collection":[{"href":"https:\/\/www.libraria-occitana.org\/en\/wp-json\/wp\/v2\/product"}],"about":[{"href":"https:\/\/www.libraria-occitana.org\/en\/wp-json\/wp\/v2\/types\/product"}],"wp:featuredmedia":[{"embeddable":true,"href":"https:\/\/www.libraria-occitana.org\/en\/wp-json\/wp\/v2\/media\/60428"}],"wp:attachment":[{"href":"https:\/\/www.libraria-occitana.org\/en\/wp-json\/wp\/v2\/media?parent=60425"}],"wp:term":[{"taxonomy":"product_brand","embeddable":true,"href":"https:\/\/www.libraria-occitana.org\/en\/wp-json\/wp\/v2\/product_brand?post=60425"},{"taxonomy":"product_cat","embeddable":true,"href":"https:\/\/www.libraria-occitana.org\/en\/wp-json\/wp\/v2\/product_cat?post=60425"},{"taxonomy":"product_tag","embeddable":true,"href":"https:\/\/www.libraria-occitana.org\/en\/wp-json\/wp\/v2\/product_tag?post=60425"}],"curies":[{"name":"wp","href":"https:\/\/api.w.org\/{rel}","templated":true}]}}