{"id":60518,"date":"2024-09-18T12:32:09","date_gmt":"2024-09-18T10:32:09","guid":{"rendered":"http:\/\/www.libraria-occitana.org\/product\/lo-pacient-espanhou\/"},"modified":"2026-04-17T00:51:10","modified_gmt":"2026-04-16T22:51:10","slug":"lo-pacient-espanhou","status":"publish","type":"product","link":"https:\/\/www.libraria-occitana.org\/en\/product\/lo-pacient-espanhou\/","title":{"rendered":"Lo pacient espanh\u00f2u"},"content":{"rendered":"<p>Apr\u00e8s avoir achev\u00e9 une s\u00e9rie de onze romans policiers, Joan Ganhaire entame une nouvelle page de son \u0153uvre avec son roman de fiction en occitan <em>Lo pacient espanh\u00f2u<\/em>.<\/p>\n<p>L\u2019histoire se situe entre la premi\u00e8re partie du XIXe si\u00e8cle \u00e0 Bordeaux, \u00e0 la fin de la vie de Francisco Goya, le grand peintre espagnol, jusqu\u2019\u00e0 aujourd\u2019hui. Nous y suivons la trace de son dernier m\u00e9decin pour d\u00e9couvrir, selon l\u2019auteur, l\u2019explication d\u2019un fait \u00e9trange : pourquoi, quand on voulut renvoyer le corps de Goya en Espagne \u00e0 la fin du XIXe si\u00e8cle a-t-on constat\u00e9 que celui-ci n\u2019avait plus de t\u00eate&#8230;<\/p>\n<p>Amoureux de Goya et m\u00e9decin, l\u2019auteur a pris plaisir \u00e0 \u00e9crire un sc\u00e9nario possible. Entre imagination et r\u00e9alit\u00e9, il nous prom\u00e8ne sur deux si\u00e8cles dans l\u2019\u0153uvre, la vie et la mort du grand peintre et dans la mal\u00e9diction qui semble attach\u00e9e \u00e0 son \u0153uvre la plus noire.<\/p>\n","protected":false},"excerpt":{"rendered":"<p>Apr\u00e8s avoir achev\u00e9 une s\u00e9rie de onze romans policiers, Joan Ganhaire entame une nouvelle page de son \u0153uvre avec son roman de fiction en occitan Lo pacient espanh\u00f2u. L\u2019histoire se situe entre la premi\u00e8re partie du XIXe si\u00e8cle \u00e0 Bordeaux, \u00e0 la fin de la vie de Francisco Goya, le grand peintre espagnol, jusqu\u2019\u00e0 aujourd\u2019hui. [&hellip;]<\/p>\n","protected":false},"featured_media":60515,"template":"","meta":{"_acf_changed":false,"_genesis_hide_title":false,"_genesis_hide_breadcrumbs":false,"_genesis_hide_singular_image":false,"_genesis_hide_footer_widgets":false,"_genesis_custom_body_class":"","_genesis_custom_post_class":"","_genesis_layout":""},"product_brand":[],"product_cat":[7132,7174,7182],"product_tag":[],"class_list":{"0":"post-60518","1":"product","2":"type-product","3":"status-publish","4":"has-post-thumbnail","6":"product_cat-books","7":"product_cat-literature-en","8":"product_cat-novels-short-stories-en","9":"pa_auteur-ganhaire-joan-en","10":"pa_editeur-ieo-perigord-novelum-en","11":"pa_langue-occitan-en","12":"pa_langue-occitan-lemosin-en","13":"entry","15":"first","16":"instock","17":"shipping-taxable","18":"purchasable","19":"product-type-simple"},"acf":[],"_links":{"self":[{"href":"https:\/\/www.libraria-occitana.org\/en\/wp-json\/wp\/v2\/product\/60518","targetHints":{"allow":["GET"]}}],"collection":[{"href":"https:\/\/www.libraria-occitana.org\/en\/wp-json\/wp\/v2\/product"}],"about":[{"href":"https:\/\/www.libraria-occitana.org\/en\/wp-json\/wp\/v2\/types\/product"}],"wp:featuredmedia":[{"embeddable":true,"href":"https:\/\/www.libraria-occitana.org\/en\/wp-json\/wp\/v2\/media\/60515"}],"wp:attachment":[{"href":"https:\/\/www.libraria-occitana.org\/en\/wp-json\/wp\/v2\/media?parent=60518"}],"wp:term":[{"taxonomy":"product_brand","embeddable":true,"href":"https:\/\/www.libraria-occitana.org\/en\/wp-json\/wp\/v2\/product_brand?post=60518"},{"taxonomy":"product_cat","embeddable":true,"href":"https:\/\/www.libraria-occitana.org\/en\/wp-json\/wp\/v2\/product_cat?post=60518"},{"taxonomy":"product_tag","embeddable":true,"href":"https:\/\/www.libraria-occitana.org\/en\/wp-json\/wp\/v2\/product_tag?post=60518"}],"curies":[{"name":"wp","href":"https:\/\/api.w.org\/{rel}","templated":true}]}}