{"id":60521,"date":"2024-09-18T17:12:00","date_gmt":"2024-09-18T15:12:00","guid":{"rendered":"http:\/\/www.libraria-occitana.org\/?post_type=product&#038;p=60521"},"modified":"2026-04-29T10:25:21","modified_gmt":"2026-04-29T08:25:21","slug":"les-plantes-sauvages-connaitre-cueillir-et-utiliser-3","status":"publish","type":"product","link":"https:\/\/www.libraria-occitana.org\/en\/product\/les-plantes-sauvages-connaitre-cueillir-et-utiliser-3\/","title":{"rendered":"Les plantes sauvages : Conna\u00eetre, cueillir et utiliser"},"content":{"rendered":"<p>Pr\u00e8s de 20 ans et plus de 20 000 exemplaires se sont \u00e9coul\u00e9s depuis la premi\u00e8re r\u00e9daction de cet ouvrage achev\u00e9 en 2005&#8230; Et les plantes sont toujours l\u00e0 ainsi que l\u2019engouement qu\u2019elles suscitent g\u00e9n\u00e9ration apr\u00e8s g\u00e9n\u00e9ration. Malgr\u00e9 tout, que savons-nous vraiment aujourd\u2019hui de la douceur de velours de la guimauve, du pansement de fine peau que nous offre la joubarbe des toits, des vertus de la verveine officinale qu\u2019il n\u2019est permis de cueillir qu\u2019apr\u00e8s avoir demand\u00e9 l\u2019autorisation \u00e0 l\u2019esprit des lieux ? Savoirs oubli\u00e9s \u00e0 l\u2019or\u00e9e des villes, perdus aux confins de la m\u00e9moire&#8230;<\/p>\n<p>Pour red\u00e9couvrir ce grand livre de la nature, celui que jadis on apprenait d\u00e8s l\u2019enfance, avant m\u00eame l\u2019alphabet, il faut un guide dou\u00e9 de patience, qui parle avec simplicit\u00e9 et n\u2019h\u00e9site pas \u00e0 s\u2019attarder sur la description d\u2019une herbe de bonne renomm\u00e9e. Tel est le cas de Thierry Th\u00e9venin, herboriste m\u00e9ticuleux. Il sait les plantes qui soignent, le moment et la fa\u00e7on de les s\u00e9cher, de les conserver. Suivons-le au rythme qu\u2019il affectionne, celui des saisons. Allons dans ses pas de la maison \u00e0 la for\u00eat, de la haie au ruisseau sur \u00ab son \u00bb chemin des herbes.<\/p>\n<p>Ce livre n\u2019est pas un \u00e9ni\u00e8me ouvrage sur les plantes m\u00e9dicinales, c\u2019est un livre rare ! D\u2019ailleurs, Pierre Lieutaghi qui l\u2019a pr\u00e9fac\u00e9 n\u2019\u00e9crit pas autre chose : \u00ab C\u2019est un ami de papier qui, en moins de deux, redevient de bois bien vivant, fait de branches et de feuilles. \u00bb<\/p>\n","protected":false},"excerpt":{"rendered":"<p>Pr\u00e8s de 20 ans et plus de 20 000 exemplaires se sont \u00e9coul\u00e9s depuis la premi\u00e8re r\u00e9daction de cet ouvrage achev\u00e9 en 2005&#8230; Et les plantes sont toujours l\u00e0 ainsi que l\u2019engouement qu\u2019elles suscitent g\u00e9n\u00e9ration apr\u00e8s g\u00e9n\u00e9ration. Malgr\u00e9 tout, que savons-nous vraiment aujourd\u2019hui de la douceur de velours de la guimauve, du pansement de fine [&hellip;]<\/p>\n","protected":false},"featured_media":60524,"template":"","meta":{"_acf_changed":false,"_genesis_hide_title":false,"_genesis_hide_breadcrumbs":false,"_genesis_hide_singular_image":false,"_genesis_hide_footer_widgets":false,"_genesis_custom_body_class":"","_genesis_custom_post_class":"","_genesis_layout":""},"product_brand":[],"product_cat":[7132,7212,7206],"product_tag":[],"class_list":{"0":"post-60521","1":"product","2":"type-product","3":"status-publish","4":"has-post-thumbnail","6":"product_cat-books","7":"product_cat-traditional-skills-savoirs-faire-en","8":"product_cat-traditions-heritage-en","9":"pa_auteur-thevenin-thierry-en","10":"pa_editeur-les-mots-qui-portent-en","11":"pa_langue-francais-en","12":"entry","14":"first","15":"instock","16":"shipping-taxable","17":"purchasable","18":"product-type-simple"},"acf":[],"_links":{"self":[{"href":"https:\/\/www.libraria-occitana.org\/en\/wp-json\/wp\/v2\/product\/60521","targetHints":{"allow":["GET"]}}],"collection":[{"href":"https:\/\/www.libraria-occitana.org\/en\/wp-json\/wp\/v2\/product"}],"about":[{"href":"https:\/\/www.libraria-occitana.org\/en\/wp-json\/wp\/v2\/types\/product"}],"wp:featuredmedia":[{"embeddable":true,"href":"https:\/\/www.libraria-occitana.org\/en\/wp-json\/wp\/v2\/media\/60524"}],"wp:attachment":[{"href":"https:\/\/www.libraria-occitana.org\/en\/wp-json\/wp\/v2\/media?parent=60521"}],"wp:term":[{"taxonomy":"product_brand","embeddable":true,"href":"https:\/\/www.libraria-occitana.org\/en\/wp-json\/wp\/v2\/product_brand?post=60521"},{"taxonomy":"product_cat","embeddable":true,"href":"https:\/\/www.libraria-occitana.org\/en\/wp-json\/wp\/v2\/product_cat?post=60521"},{"taxonomy":"product_tag","embeddable":true,"href":"https:\/\/www.libraria-occitana.org\/en\/wp-json\/wp\/v2\/product_tag?post=60521"}],"curies":[{"name":"wp","href":"https:\/\/api.w.org\/{rel}","templated":true}]}}