{"id":60592,"date":"2023-08-11T13:10:05","date_gmt":"2023-08-11T11:10:05","guid":{"rendered":"http:\/\/www.libraria-occitana.org\/?post_type=product&#038;p=60592"},"modified":"2026-04-16T21:36:10","modified_gmt":"2026-04-16T19:36:10","slug":"lemblematique-des-regions-de-france","status":"publish","type":"product","link":"https:\/\/www.libraria-occitana.org\/en\/product\/lemblematique-des-regions-de-france\/","title":{"rendered":"L&#8217;embl\u00e9matique des r\u00e9gions de France"},"content":{"rendered":"<p>Faisant suite \u00e0 un pr\u00e9c\u00e9dent essai, <em>Les hymnes et chants identitaires du grand sud<\/em> (IDECO, 2009), cet ouvrage analyse le patrimoine symbolique de la France m\u00e9tropolitaine et ultramarine \u00e0 partir de ses diff\u00e9rents \u00e9l\u00e9ments constitutifs : blasons, drapeaux et logotypes, devises, chants, dates de f\u00eates et de comm\u00e9morations, figures et lieux repr\u00e9sentatifs&#8230;<\/p>\n<p>Les textes des chants sont transcrits, le cas \u00e9ch\u00e9ant, en langue d\u2019origine \u2013 alsacien, basque, breton, catalan, corse, cr\u00e9ole, occitan\/proven\u00e7al \u2013, et traduits en fran\u00e7ais. Les relations inter-r\u00e9gionales et transfrontali\u00e8res, qui participent du d\u00e9veloppement des territoires, sont prises en compte, de m\u00eame que l\u2019actualit\u00e9 des recompositions institutionnelles et des biens inscrits sur la liste du patrimoine mondial (UNESCO).<\/p>\n<p>En cette p\u00e9riode de ressourcement identitaire, ce livre r\u00e9pond \u00e0 une n\u00e9cessit\u00e9 \u00e9ditoriale. \u00c0 celle \u00e9galement de didactiser des donn\u00e9es d\u2019anthropologie culturelle et de g\u00e9opolitique, en l\u2019occurrence interr\u00e9gionale. \u00c0 ce titre, il peut int\u00e9resser diff\u00e9rents publics, d\u00e9sireux de pr\u00e9server la m\u00e9moire des territoires, ou bien en qu\u00eate de dialogues interculturels et de d\u00e9mocratie culturelle.<\/p>\n","protected":false},"excerpt":{"rendered":"<p>Faisant suite \u00e0 un pr\u00e9c\u00e9dent essai, Les hymnes et chants identitaires du grand sud (IDECO, 2009), cet ouvrage analyse le patrimoine symbolique de la France m\u00e9tropolitaine et ultramarine \u00e0 partir de ses diff\u00e9rents \u00e9l\u00e9ments constitutifs : blasons, drapeaux et logotypes, devises, chants, dates de f\u00eates et de comm\u00e9morations, figures et lieux repr\u00e9sentatifs&#8230; Les textes des [&hellip;]<\/p>\n","protected":false},"featured_media":60595,"template":"","meta":{"_acf_changed":false,"_genesis_hide_title":false,"_genesis_hide_breadcrumbs":false,"_genesis_hide_singular_image":false,"_genesis_hide_footer_widgets":false,"_genesis_custom_body_class":"","_genesis_custom_post_class":"","_genesis_layout":""},"product_brand":[],"product_cat":[7132,7202],"product_tag":[],"class_list":{"0":"post-60592","1":"product","2":"type-product","3":"status-publish","4":"has-post-thumbnail","6":"product_cat-books","7":"product_cat-politics-sociology-current-affairs-en","8":"pa_auteur-boudet-martine-en","9":"pa_editeur-editions-du-pantheon-en","10":"pa_langue-francais-en","11":"entry","13":"first","14":"instock","15":"shipping-taxable","16":"purchasable","17":"product-type-simple"},"acf":[],"_links":{"self":[{"href":"https:\/\/www.libraria-occitana.org\/en\/wp-json\/wp\/v2\/product\/60592","targetHints":{"allow":["GET"]}}],"collection":[{"href":"https:\/\/www.libraria-occitana.org\/en\/wp-json\/wp\/v2\/product"}],"about":[{"href":"https:\/\/www.libraria-occitana.org\/en\/wp-json\/wp\/v2\/types\/product"}],"wp:featuredmedia":[{"embeddable":true,"href":"https:\/\/www.libraria-occitana.org\/en\/wp-json\/wp\/v2\/media\/60595"}],"wp:attachment":[{"href":"https:\/\/www.libraria-occitana.org\/en\/wp-json\/wp\/v2\/media?parent=60592"}],"wp:term":[{"taxonomy":"product_brand","embeddable":true,"href":"https:\/\/www.libraria-occitana.org\/en\/wp-json\/wp\/v2\/product_brand?post=60592"},{"taxonomy":"product_cat","embeddable":true,"href":"https:\/\/www.libraria-occitana.org\/en\/wp-json\/wp\/v2\/product_cat?post=60592"},{"taxonomy":"product_tag","embeddable":true,"href":"https:\/\/www.libraria-occitana.org\/en\/wp-json\/wp\/v2\/product_tag?post=60592"}],"curies":[{"name":"wp","href":"https:\/\/api.w.org\/{rel}","templated":true}]}}