{"id":60609,"date":"2024-10-11T17:23:15","date_gmt":"2024-10-11T15:23:15","guid":{"rendered":"http:\/\/www.libraria-occitana.org\/?post_type=product&#038;p=60609"},"modified":"2026-04-18T01:41:20","modified_gmt":"2026-04-17T23:41:20","slug":"la-liberation-de-gueret-histoire-documents-images-et-temoignages","status":"publish","type":"product","link":"https:\/\/www.libraria-occitana.org\/en\/product\/la-liberation-de-gueret-histoire-documents-images-et-temoignages\/","title":{"rendered":"La lib\u00e9ration de Gu\u00e9ret : Histoire, documents, images et t\u00e9moignages"},"content":{"rendered":"<p>Cet ouvrage retrace les \u00e9v\u00e9nements qui se sont d\u00e9roul\u00e9s \u00e0 Gu\u00e9ret et dans la Creuse entre le 7 juin et le 25 ao\u00fbt 1944, date de la Lib\u00e9ration d\u00e9finitive de Gu\u00e9ret et de l\u2019ensemble du d\u00e9partement.<\/p>\n<p>Fruit d\u2019un travail d\u2019\u00e9quipe qui a associ\u00e9 Christian Penot et Christophe Moreigne, deux historiens et Philippe B\u00e9quia, ancien journaliste \u00e0 France Bleu Creuse, d\u00e9couvrez des documents conserv\u00e9s dans les archives d\u00e9partementales et nationales.<br \/>\nLes r\u00e9cits de t\u00e9moins permettent d\u2019appr\u00e9hender l\u2019atmosph\u00e8re de l\u2019\u00e9poque et de mieux comprendre les r\u00e9actions d\u2019une population confront\u00e9e \u00e0 des moments dramatiques.<br \/>\nChristian Penot et Christophe Moreigne abordent la p\u00e9riode de mai-juin 1940, mettant l\u2019accent sur l\u2019importance de l\u2019afflux des r\u00e9fugi\u00e9s au moment de l\u2019exode et sur les cons\u00e9quences du bombardement du 19 juin par l\u2019aviation allemande.<\/p>\n","protected":false},"excerpt":{"rendered":"<p>Cet ouvrage retrace les \u00e9v\u00e9nements qui se sont d\u00e9roul\u00e9s \u00e0 Gu\u00e9ret et dans la Creuse entre le 7 juin et le 25 ao\u00fbt 1944, date de la Lib\u00e9ration d\u00e9finitive de Gu\u00e9ret et de l\u2019ensemble du d\u00e9partement. Fruit d\u2019un travail d\u2019\u00e9quipe qui a associ\u00e9 Christian Penot et Christophe Moreigne, deux historiens et Philippe B\u00e9quia, ancien journaliste [&hellip;]<\/p>\n","protected":false},"featured_media":60612,"template":"","meta":{"_acf_changed":false,"_genesis_hide_title":false,"_genesis_hide_breadcrumbs":false,"_genesis_hide_singular_image":false,"_genesis_hide_footer_widgets":false,"_genesis_custom_body_class":"","_genesis_custom_post_class":"","_genesis_layout":""},"product_brand":[],"product_cat":[7132,7148,7158],"product_tag":[],"class_list":{"0":"post-60609","1":"product","2":"type-product","3":"status-publish","4":"has-post-thumbnail","6":"product_cat-books","7":"product_cat-history-geography-en","8":"product_cat-modern-and-contemporary-history-en","9":"pa_auteur-bequia-philippe-en","10":"pa_auteur-moreigne-christophe-en","11":"pa_auteur-penot-christian-en","12":"pa_editeur-geste-en","13":"pa_langue-francais-en","14":"entry","16":"first","17":"instock","18":"shipping-taxable","19":"purchasable","20":"product-type-simple"},"acf":[],"_links":{"self":[{"href":"https:\/\/www.libraria-occitana.org\/en\/wp-json\/wp\/v2\/product\/60609","targetHints":{"allow":["GET"]}}],"collection":[{"href":"https:\/\/www.libraria-occitana.org\/en\/wp-json\/wp\/v2\/product"}],"about":[{"href":"https:\/\/www.libraria-occitana.org\/en\/wp-json\/wp\/v2\/types\/product"}],"wp:featuredmedia":[{"embeddable":true,"href":"https:\/\/www.libraria-occitana.org\/en\/wp-json\/wp\/v2\/media\/60612"}],"wp:attachment":[{"href":"https:\/\/www.libraria-occitana.org\/en\/wp-json\/wp\/v2\/media?parent=60609"}],"wp:term":[{"taxonomy":"product_brand","embeddable":true,"href":"https:\/\/www.libraria-occitana.org\/en\/wp-json\/wp\/v2\/product_brand?post=60609"},{"taxonomy":"product_cat","embeddable":true,"href":"https:\/\/www.libraria-occitana.org\/en\/wp-json\/wp\/v2\/product_cat?post=60609"},{"taxonomy":"product_tag","embeddable":true,"href":"https:\/\/www.libraria-occitana.org\/en\/wp-json\/wp\/v2\/product_tag?post=60609"}],"curies":[{"name":"wp","href":"https:\/\/api.w.org\/{rel}","templated":true}]}}