{"id":60616,"date":"2024-04-11T17:41:35","date_gmt":"2024-04-11T15:41:35","guid":{"rendered":"http:\/\/www.libraria-occitana.org\/?post_type=product&#038;p=60616"},"modified":"2026-04-07T14:36:05","modified_gmt":"2026-04-07T12:36:05","slug":"maquisards-de-correze-le-commandant-louis-leon-lanot","status":"publish","type":"product","link":"https:\/\/www.libraria-occitana.org\/en\/product\/maquisards-de-correze-le-commandant-louis-leon-lanot\/","title":{"rendered":"Maquisards de Corr\u00e8ze : Le commandant \u00ab Louis \u00bb L\u00e9on Lanot"},"content":{"rendered":"<p>Cette \u00e9tude historique fait revivre des maquisards de Haute-Corr\u00e8ze, parmi les 4 000 Francs-Tireurs et Partisans qui, sous l\u2019autorit\u00e9 du commandant \u00ab Louis \u00bb, particip\u00e8rent \u00e0 la Lib\u00e9ration de cette r\u00e9gion.<\/p>\n<p>Le maquis de Corr\u00e8ze fut l\u2019un des premiers \u00e0 se constituer au d\u00e9but de 1943 puis un des plus actifs \u00e0 combattre l\u2019arm\u00e9e d\u2019occupation et la police. La vie de L\u00e9on Lanot sert d\u2019axe \u00e0 cette \u00e9tude. Ce ma\u00e7on-paysan corr\u00e9zien discret, militant communiste et c\u00e9g\u00e9tiste \u00e9prouv\u00e9, \u00e9tait sur pied de guerre d\u00e8s ao\u00fbt 1940. Devenu tr\u00e8s t\u00f4t un dirigeant clandestin de la R\u00e9sistance, il a jou\u00e9 un r\u00f4le essentiel dans son enracinement et son orientation.<br \/>\nLes investigations innovantes et fouill\u00e9es des auteurs s\u2019appuient \u00e0 la fois sur la consultation d\u2019archives vari\u00e9es, leur proximit\u00e9 avec la famille Lanot et les t\u00e9moignages de survivants des luttes sociales et patriotiques conduites par le Guingouin de la Corr\u00e8ze.<\/p>\n","protected":false},"excerpt":{"rendered":"<p>Cette \u00e9tude historique fait revivre des maquisards de Haute-Corr\u00e8ze, parmi les 4 000 Francs-Tireurs et Partisans qui, sous l\u2019autorit\u00e9 du commandant \u00ab Louis \u00bb, particip\u00e8rent \u00e0 la Lib\u00e9ration de cette r\u00e9gion. Le maquis de Corr\u00e8ze fut l\u2019un des premiers \u00e0 se constituer au d\u00e9but de 1943 puis un des plus actifs \u00e0 combattre l\u2019arm\u00e9e d\u2019occupation [&hellip;]<\/p>\n","protected":false},"featured_media":60619,"template":"","meta":{"_acf_changed":false,"_genesis_hide_title":false,"_genesis_hide_breadcrumbs":false,"_genesis_hide_singular_image":false,"_genesis_hide_footer_widgets":false,"_genesis_custom_body_class":"","_genesis_custom_post_class":"","_genesis_layout":""},"product_brand":[],"product_cat":[7132,7148,7158],"product_tag":[],"class_list":{"0":"post-60616","1":"product","2":"type-product","3":"status-publish","4":"has-post-thumbnail","6":"product_cat-books","7":"product_cat-history-geography-en","8":"product_cat-modern-and-contemporary-history-en","9":"pa_auteur-estrade-mouny-en","10":"pa_auteur-estrade-paul-en","11":"pa_editeur-geste-en","12":"pa_langue-francais-en","13":"entry","15":"first","16":"instock","17":"shipping-taxable","18":"purchasable","19":"product-type-simple"},"acf":[],"_links":{"self":[{"href":"https:\/\/www.libraria-occitana.org\/en\/wp-json\/wp\/v2\/product\/60616","targetHints":{"allow":["GET"]}}],"collection":[{"href":"https:\/\/www.libraria-occitana.org\/en\/wp-json\/wp\/v2\/product"}],"about":[{"href":"https:\/\/www.libraria-occitana.org\/en\/wp-json\/wp\/v2\/types\/product"}],"wp:featuredmedia":[{"embeddable":true,"href":"https:\/\/www.libraria-occitana.org\/en\/wp-json\/wp\/v2\/media\/60619"}],"wp:attachment":[{"href":"https:\/\/www.libraria-occitana.org\/en\/wp-json\/wp\/v2\/media?parent=60616"}],"wp:term":[{"taxonomy":"product_brand","embeddable":true,"href":"https:\/\/www.libraria-occitana.org\/en\/wp-json\/wp\/v2\/product_brand?post=60616"},{"taxonomy":"product_cat","embeddable":true,"href":"https:\/\/www.libraria-occitana.org\/en\/wp-json\/wp\/v2\/product_cat?post=60616"},{"taxonomy":"product_tag","embeddable":true,"href":"https:\/\/www.libraria-occitana.org\/en\/wp-json\/wp\/v2\/product_tag?post=60616"}],"curies":[{"name":"wp","href":"https:\/\/api.w.org\/{rel}","templated":true}]}}