{"id":60652,"date":"2024-10-15T19:18:07","date_gmt":"2024-10-15T17:18:07","guid":{"rendered":"http:\/\/www.libraria-occitana.org\/?post_type=product&#038;p=60652"},"modified":"2026-04-16T04:36:09","modified_gmt":"2026-04-16T02:36:09","slug":"pescaires-de-mots-libre-audio-2","status":"publish","type":"product","link":"https:\/\/www.libraria-occitana.org\/en\/product\/pescaires-de-mots-libre-audio-2\/","title":{"rendered":"Pescaires de mots (libre + audi\u00f2)"},"content":{"rendered":"<p>\u00c0 l&#8217;\u00e9cole, la ma\u00eetresse leur avait annonc\u00e9 qu&#8217;ils allaient \u00e9crire une lettre. Mais comment \u00e9crire une lettre quand on ne sait pas comment \u00e9crire les mots ?<\/p>\n<p>Un album pour les cycles 1 et 2, pour aborder le premier lexique n\u00e9cessaire \u00e0 la classe \u00e0 travers le texte ou les illustrations.<br \/>\nCet ouvrage est constitu\u00e9 d&#8217;un imagier, d&#8217;une histoire et d&#8217;une lettre.<br \/>\nImagin\u00e9 par St\u00e9phanie Vaissi\u00e8re et Herv\u00e9 Couture, illustr\u00e9 par Nicolas Gouny.<\/p>\n<p>Cycles 1-2.<br \/>\nLecture de Cecila Chapduelh disponible sus <a href=\"https:\/\/www.capoc.fr\/articles.php?lng=ocga&amp;pg=118&amp;mnuid=304&amp;tconfig=0#Pescaires\">https:\/\/www.capoc.fr\/articles.php?lng=ocga&amp;pg=118&amp;mnuid=304&amp;tconfig=0#Pescaires<\/a><\/p>\n","protected":false},"excerpt":{"rendered":"<p>\u00c0 l&#8217;\u00e9cole, la ma\u00eetresse leur avait annonc\u00e9 qu&#8217;ils allaient \u00e9crire une lettre. Mais comment \u00e9crire une lettre quand on ne sait pas comment \u00e9crire les mots ? Un album pour les cycles 1 et 2, pour aborder le premier lexique n\u00e9cessaire \u00e0 la classe \u00e0 travers le texte ou les illustrations. Cet ouvrage est constitu\u00e9 [&hellip;]<\/p>\n","protected":false},"featured_media":60643,"template":"","meta":{"_acf_changed":false,"_genesis_hide_title":false,"_genesis_hide_breadcrumbs":false,"_genesis_hide_singular_image":false,"_genesis_hide_footer_widgets":false,"_genesis_custom_body_class":"","_genesis_custom_post_class":"","_genesis_layout":""},"product_brand":[],"product_cat":[7132,7170,7164],"product_tag":[],"class_list":{"0":"post-60652","1":"product","2":"type-product","3":"status-publish","4":"has-post-thumbnail","6":"product_cat-books","7":"product_cat-juvenile-en","8":"product_cat-juvenile-and-teen-comics-humour-en","9":"pa_auteur-couture-herve-en","10":"pa_auteur-gouny-nicolas-en","11":"pa_auteur-vaissiere-stephanie-en","12":"pa_editeur-canope-editions-en","13":"pa_langue-occitan-en","14":"pa_langue-occitan-gascon-en","15":"entry","17":"first","18":"instock","19":"shipping-taxable","20":"purchasable","21":"product-type-simple"},"acf":[],"_links":{"self":[{"href":"https:\/\/www.libraria-occitana.org\/en\/wp-json\/wp\/v2\/product\/60652","targetHints":{"allow":["GET"]}}],"collection":[{"href":"https:\/\/www.libraria-occitana.org\/en\/wp-json\/wp\/v2\/product"}],"about":[{"href":"https:\/\/www.libraria-occitana.org\/en\/wp-json\/wp\/v2\/types\/product"}],"wp:featuredmedia":[{"embeddable":true,"href":"https:\/\/www.libraria-occitana.org\/en\/wp-json\/wp\/v2\/media\/60643"}],"wp:attachment":[{"href":"https:\/\/www.libraria-occitana.org\/en\/wp-json\/wp\/v2\/media?parent=60652"}],"wp:term":[{"taxonomy":"product_brand","embeddable":true,"href":"https:\/\/www.libraria-occitana.org\/en\/wp-json\/wp\/v2\/product_brand?post=60652"},{"taxonomy":"product_cat","embeddable":true,"href":"https:\/\/www.libraria-occitana.org\/en\/wp-json\/wp\/v2\/product_cat?post=60652"},{"taxonomy":"product_tag","embeddable":true,"href":"https:\/\/www.libraria-occitana.org\/en\/wp-json\/wp\/v2\/product_tag?post=60652"}],"curies":[{"name":"wp","href":"https:\/\/api.w.org\/{rel}","templated":true}]}}