{"id":60673,"date":"2024-06-21T18:45:13","date_gmt":"2024-06-21T16:45:13","guid":{"rendered":"http:\/\/www.libraria-occitana.org\/product\/les-colonises-de-lhexagone-pendant-la-grande-guerre-1914-1918\/"},"modified":"2026-04-25T21:26:27","modified_gmt":"2026-04-25T19:26:27","slug":"les-colonises-de-lhexagone-pendant-la-grande-guerre-1914-1918","status":"publish","type":"product","link":"https:\/\/www.libraria-occitana.org\/en\/product\/les-colonises-de-lhexagone-pendant-la-grande-guerre-1914-1918\/","title":{"rendered":"Les colonis\u00e9s de l&#8217;hexagone pendant la Grande Guerre 1914-1918"},"content":{"rendered":"<p>Si la plupart des territoires p\u00e9riph\u00e9riques n\u2019ont pas \u00e9t\u00e9 directement touch\u00e9s par les affrontements arm\u00e9s, de nombreux Bretons, Corses, Occitans, Savoyards\u2026 ont \u00e9t\u00e9 sacrifi\u00e9s pour reconqu\u00e9rir l&#8217;Alsace et la Moselle, une terre qui n\u2019\u00e9tait pas la leur au b\u00e9n\u00e9fice d\u2019un \u00c9tat qui continue \u00e0 les m\u00e9priser, ne leur reconnaissant m\u00eame pas leur qualit\u00e9 de \u00ab peuple \u00bb, ce qui implique qu\u2019ils n\u2019ont aucuns droits !<br \/>\nCe livre revient sur leur histoire, pour rem\u00e9dier \u00e0 l&#8217;oubli dont ils sont encore trop souvent victimes. Plus d\u2019un si\u00e8cle apr\u00e8s sa conclusion, la Grande Guerre continue de marquer les esprits. L\u2019ensemble des territoires de l\u2019Hexagone et de l\u2019Empire colonial n\u2019a pas \u00e9t\u00e9 \u00e9pargn\u00e9 par la mort de combattants.<\/p>\n<p>Joan-Pere Pujol est n\u00e9 \u00e0 Perpignan le 4 juin 1946, il a \u00e9t\u00e9 un des fondateurs du catalanisme en Catalogne du Nord.<br \/>\nEn 1970, il a cr\u00e9\u00e9 avec Miquel Mayol et d&#8217;autres militants, le Comitat Rossellon\u00e8s d&#8217;Estudis i d&#8217;Animacio (CREA) qui s&#8217;est transform\u00e9 par la suite en l&#8217;Esquerra Catalana dels Treballadors (ECT), l&#8217;un des premiers partis politiques catalans dans la r\u00e9gion. En 2000, il a constitu\u00e9 le cercle Alfons Mias qu&#8217;il pr\u00e9side depuis cette \u00e9poque.<\/p>\n","protected":false},"excerpt":{"rendered":"<p>Si la plupart des territoires p\u00e9riph\u00e9riques n\u2019ont pas \u00e9t\u00e9 directement touch\u00e9s par les affrontements arm\u00e9s, de nombreux Bretons, Corses, Occitans, Savoyards\u2026 ont \u00e9t\u00e9 sacrifi\u00e9s pour reconqu\u00e9rir l&#8217;Alsace et la Moselle, une terre qui n\u2019\u00e9tait pas la leur au b\u00e9n\u00e9fice d\u2019un \u00c9tat qui continue \u00e0 les m\u00e9priser, ne leur reconnaissant m\u00eame pas leur qualit\u00e9 de \u00ab [&hellip;]<\/p>\n","protected":false},"featured_media":60671,"template":"","meta":{"_acf_changed":false,"_genesis_hide_title":false,"_genesis_hide_breadcrumbs":false,"_genesis_hide_singular_image":false,"_genesis_hide_footer_widgets":false,"_genesis_custom_body_class":"","_genesis_custom_post_class":"","_genesis_layout":""},"product_brand":[],"product_cat":[7132,7148,7158],"product_tag":[],"class_list":{"0":"post-60673","1":"product","2":"type-product","3":"status-publish","4":"has-post-thumbnail","6":"product_cat-books","7":"product_cat-history-geography-en","8":"product_cat-modern-and-contemporary-history-en","9":"pa_auteur-pujol-joan-pere-en","10":"pa_editeur-yoran-embanner-en","11":"pa_langue-francais-en","12":"entry","14":"first","15":"instock","16":"shipping-taxable","17":"purchasable","18":"product-type-simple"},"acf":[],"_links":{"self":[{"href":"https:\/\/www.libraria-occitana.org\/en\/wp-json\/wp\/v2\/product\/60673","targetHints":{"allow":["GET"]}}],"collection":[{"href":"https:\/\/www.libraria-occitana.org\/en\/wp-json\/wp\/v2\/product"}],"about":[{"href":"https:\/\/www.libraria-occitana.org\/en\/wp-json\/wp\/v2\/types\/product"}],"wp:featuredmedia":[{"embeddable":true,"href":"https:\/\/www.libraria-occitana.org\/en\/wp-json\/wp\/v2\/media\/60671"}],"wp:attachment":[{"href":"https:\/\/www.libraria-occitana.org\/en\/wp-json\/wp\/v2\/media?parent=60673"}],"wp:term":[{"taxonomy":"product_brand","embeddable":true,"href":"https:\/\/www.libraria-occitana.org\/en\/wp-json\/wp\/v2\/product_brand?post=60673"},{"taxonomy":"product_cat","embeddable":true,"href":"https:\/\/www.libraria-occitana.org\/en\/wp-json\/wp\/v2\/product_cat?post=60673"},{"taxonomy":"product_tag","embeddable":true,"href":"https:\/\/www.libraria-occitana.org\/en\/wp-json\/wp\/v2\/product_tag?post=60673"}],"curies":[{"name":"wp","href":"https:\/\/api.w.org\/{rel}","templated":true}]}}