{"id":60676,"date":"2024-10-22T11:32:13","date_gmt":"2024-10-22T09:32:13","guid":{"rendered":"http:\/\/www.libraria-occitana.org\/?post_type=product&#038;p=60676"},"modified":"2026-04-18T23:16:42","modified_gmt":"2026-04-18T21:16:42","slug":"ne-men-poish-pas-de-mei","status":"publish","type":"product","link":"https:\/\/www.libraria-occitana.org\/en\/product\/ne-men-poish-pas-de-mei\/","title":{"rendered":"Ne me&#8217;n poish pas de mei !"},"content":{"rendered":"<p>\u00c0 qui la faute ? Qui, finalement, a provoqu\u00e9 toutes ces catastrophes en s\u00e9rie ? Et si c\u2019\u00e9tait la fermi\u00e8re ? Parce qu\u2019elle a \u00e9cras\u00e9 une araign\u00e9e ? Un joyeux apprentissage de l\u2019\u00e9cologie \u00e0 la Christian Voltz.<\/p>\n","protected":false},"excerpt":{"rendered":"<p>\u00c0 qui la faute ? Qui, finalement, a provoqu\u00e9 toutes ces catastrophes en s\u00e9rie ? Et si c\u2019\u00e9tait la fermi\u00e8re ? Parce qu\u2019elle a \u00e9cras\u00e9 une araign\u00e9e ? Un joyeux apprentissage de l\u2019\u00e9cologie \u00e0 la Christian Voltz.<\/p>\n","protected":false},"featured_media":60679,"template":"","meta":{"_acf_changed":false,"_genesis_hide_title":false,"_genesis_hide_breadcrumbs":false,"_genesis_hide_singular_image":false,"_genesis_hide_footer_widgets":false,"_genesis_custom_body_class":"","_genesis_custom_post_class":"","_genesis_layout":""},"product_brand":[],"product_cat":[7132,7170,7164],"product_tag":[],"class_list":{"0":"post-60676","1":"product","2":"type-product","3":"status-publish","4":"has-post-thumbnail","6":"product_cat-books","7":"product_cat-juvenile-en","8":"product_cat-juvenile-and-teen-comics-humour-en","9":"pa_auteur-voltz-christian-en","10":"pa_editeur-per-noste-en","11":"pa_illustrateur-guilhemjoan-patric-1-en","12":"pa_langue-occitan-en","13":"pa_langue-occitan-gascon-en","14":"entry","16":"first","17":"instock","18":"shipping-taxable","19":"purchasable","20":"product-type-simple"},"acf":[],"_links":{"self":[{"href":"https:\/\/www.libraria-occitana.org\/en\/wp-json\/wp\/v2\/product\/60676","targetHints":{"allow":["GET"]}}],"collection":[{"href":"https:\/\/www.libraria-occitana.org\/en\/wp-json\/wp\/v2\/product"}],"about":[{"href":"https:\/\/www.libraria-occitana.org\/en\/wp-json\/wp\/v2\/types\/product"}],"wp:featuredmedia":[{"embeddable":true,"href":"https:\/\/www.libraria-occitana.org\/en\/wp-json\/wp\/v2\/media\/60679"}],"wp:attachment":[{"href":"https:\/\/www.libraria-occitana.org\/en\/wp-json\/wp\/v2\/media?parent=60676"}],"wp:term":[{"taxonomy":"product_brand","embeddable":true,"href":"https:\/\/www.libraria-occitana.org\/en\/wp-json\/wp\/v2\/product_brand?post=60676"},{"taxonomy":"product_cat","embeddable":true,"href":"https:\/\/www.libraria-occitana.org\/en\/wp-json\/wp\/v2\/product_cat?post=60676"},{"taxonomy":"product_tag","embeddable":true,"href":"https:\/\/www.libraria-occitana.org\/en\/wp-json\/wp\/v2\/product_tag?post=60676"}],"curies":[{"name":"wp","href":"https:\/\/api.w.org\/{rel}","templated":true}]}}