{"id":60682,"date":"2024-10-22T11:46:16","date_gmt":"2024-10-22T09:46:16","guid":{"rendered":"http:\/\/www.libraria-occitana.org\/?post_type=product&#038;p=60682"},"modified":"2026-04-29T10:50:57","modified_gmt":"2026-04-29T08:50:57","slug":"negre-mat","status":"publish","type":"product","link":"https:\/\/www.libraria-occitana.org\/en\/product\/negre-mat\/","title":{"rendered":"Negre mat"},"content":{"rendered":"<p>Un jeune journaliste ambitieux brim\u00e9 par ses sup\u00e9rieurs, un \u00e9crivain de SF en panne d\u2019inspiration, un champion de Formule 1 qui d\u00e9fend son titre contre des concurrents d\u2019un nouveau genre, un agent de la CIA \u00e0 la retraite qui raconte une histoire \u00e9trange. Voil\u00e0 quelques-uns des personnages que vous d\u00e9couvrirez dans ces sept nouvelles fantastiques et de SF. Mais au fait, une I. A. est-elle une machine \u00e0 calculer perfectionn\u00e9e ou un personnage ?<\/p>\n","protected":false},"excerpt":{"rendered":"<p>Un jeune journaliste ambitieux brim\u00e9 par ses sup\u00e9rieurs, un \u00e9crivain de SF en panne d\u2019inspiration, un champion de Formule 1 qui d\u00e9fend son titre contre des concurrents d\u2019un nouveau genre, un agent de la CIA \u00e0 la retraite qui raconte une histoire \u00e9trange. Voil\u00e0 quelques-uns des personnages que vous d\u00e9couvrirez dans ces sept nouvelles fantastiques [&hellip;]<\/p>\n","protected":false},"featured_media":60685,"template":"","meta":{"_acf_changed":false,"_genesis_hide_title":false,"_genesis_hide_breadcrumbs":false,"_genesis_hide_singular_image":false,"_genesis_hide_footer_widgets":false,"_genesis_custom_body_class":"","_genesis_custom_post_class":"","_genesis_layout":""},"product_brand":[],"product_cat":[7132,7174,7182],"product_tag":[],"class_list":{"0":"post-60682","1":"product","2":"type-product","3":"status-publish","4":"has-post-thumbnail","6":"product_cat-books","7":"product_cat-literature-en","8":"product_cat-novels-short-stories-en","9":"pa_auteur-biu-felip-en","10":"pa_editeur-per-noste-en","11":"pa_langue-occitan-en","12":"pa_langue-occitan-gascon-en","13":"entry","15":"first","16":"instock","17":"shipping-taxable","18":"purchasable","19":"product-type-simple"},"acf":[],"_links":{"self":[{"href":"https:\/\/www.libraria-occitana.org\/en\/wp-json\/wp\/v2\/product\/60682","targetHints":{"allow":["GET"]}}],"collection":[{"href":"https:\/\/www.libraria-occitana.org\/en\/wp-json\/wp\/v2\/product"}],"about":[{"href":"https:\/\/www.libraria-occitana.org\/en\/wp-json\/wp\/v2\/types\/product"}],"wp:featuredmedia":[{"embeddable":true,"href":"https:\/\/www.libraria-occitana.org\/en\/wp-json\/wp\/v2\/media\/60685"}],"wp:attachment":[{"href":"https:\/\/www.libraria-occitana.org\/en\/wp-json\/wp\/v2\/media?parent=60682"}],"wp:term":[{"taxonomy":"product_brand","embeddable":true,"href":"https:\/\/www.libraria-occitana.org\/en\/wp-json\/wp\/v2\/product_brand?post=60682"},{"taxonomy":"product_cat","embeddable":true,"href":"https:\/\/www.libraria-occitana.org\/en\/wp-json\/wp\/v2\/product_cat?post=60682"},{"taxonomy":"product_tag","embeddable":true,"href":"https:\/\/www.libraria-occitana.org\/en\/wp-json\/wp\/v2\/product_tag?post=60682"}],"curies":[{"name":"wp","href":"https:\/\/api.w.org\/{rel}","templated":true}]}}