{"id":60688,"date":"2024-10-22T12:04:24","date_gmt":"2024-10-22T10:04:24","guid":{"rendered":"http:\/\/www.libraria-occitana.org\/?post_type=product&#038;p=60688"},"modified":"2026-04-02T22:36:13","modified_gmt":"2026-04-02T20:36:13","slug":"timoteu-que-va-ta-lescola","status":"publish","type":"product","link":"https:\/\/www.libraria-occitana.org\/en\/product\/timoteu-que-va-ta-lescola\/","title":{"rendered":"Timot\u00e8u que va t\u00e0 l&#8217;esc\u00f2la"},"content":{"rendered":"<p>Timoth\u00e9e est tr\u00e8s heureux de commencer l\u2019\u00e9cole\u2026 jusqu\u2019\u00e0 ce qu\u2019il rencontre Claude. Claude porte tout le temps les v\u00eatements qu\u2019il faut. Claude donne tout le temps les bonnes r\u00e9ponses. Et, pire que tout, Claude est assis \u00e0 c\u00f4t\u00e9 de lui. Timoth\u00e9e se sent mal \u00e0 l\u2019aise, jusqu\u2019\u00e0 ce qu\u2019il rencontre une fille qui a le m\u00eame probl\u00e8me avec celle qui est assise \u00e0 c\u00f4t\u00e9 d\u2019elle\u2026<\/p>\n","protected":false},"excerpt":{"rendered":"<p>Timoth\u00e9e est tr\u00e8s heureux de commencer l\u2019\u00e9cole\u2026 jusqu\u2019\u00e0 ce qu\u2019il rencontre Claude. Claude porte tout le temps les v\u00eatements qu\u2019il faut. Claude donne tout le temps les bonnes r\u00e9ponses. Et, pire que tout, Claude est assis \u00e0 c\u00f4t\u00e9 de lui. Timoth\u00e9e se sent mal \u00e0 l\u2019aise, jusqu\u2019\u00e0 ce qu\u2019il rencontre une fille qui a le [&hellip;]<\/p>\n","protected":false},"featured_media":60691,"template":"","meta":{"_acf_changed":false,"_genesis_hide_title":false,"_genesis_hide_breadcrumbs":false,"_genesis_hide_singular_image":false,"_genesis_hide_footer_widgets":false,"_genesis_custom_body_class":"","_genesis_custom_post_class":"","_genesis_layout":""},"product_brand":[],"product_cat":[7132,7164,7170],"product_tag":[],"class_list":{"0":"post-60688","1":"product","2":"type-product","3":"status-publish","4":"has-post-thumbnail","6":"product_cat-books","7":"product_cat-juvenile-and-teen-comics-humour-en","8":"product_cat-juvenile-en","9":"pa_auteur-wells-rosemary-en","10":"pa_editeur-per-noste-en","11":"pa_illustrateur-guilhemjoan-patric-1-en","12":"pa_langue-occitan-en","13":"pa_langue-occitan-gascon-en","14":"entry","16":"first","17":"instock","18":"shipping-taxable","19":"purchasable","20":"product-type-simple"},"acf":[],"_links":{"self":[{"href":"https:\/\/www.libraria-occitana.org\/en\/wp-json\/wp\/v2\/product\/60688","targetHints":{"allow":["GET"]}}],"collection":[{"href":"https:\/\/www.libraria-occitana.org\/en\/wp-json\/wp\/v2\/product"}],"about":[{"href":"https:\/\/www.libraria-occitana.org\/en\/wp-json\/wp\/v2\/types\/product"}],"wp:featuredmedia":[{"embeddable":true,"href":"https:\/\/www.libraria-occitana.org\/en\/wp-json\/wp\/v2\/media\/60691"}],"wp:attachment":[{"href":"https:\/\/www.libraria-occitana.org\/en\/wp-json\/wp\/v2\/media?parent=60688"}],"wp:term":[{"taxonomy":"product_brand","embeddable":true,"href":"https:\/\/www.libraria-occitana.org\/en\/wp-json\/wp\/v2\/product_brand?post=60688"},{"taxonomy":"product_cat","embeddable":true,"href":"https:\/\/www.libraria-occitana.org\/en\/wp-json\/wp\/v2\/product_cat?post=60688"},{"taxonomy":"product_tag","embeddable":true,"href":"https:\/\/www.libraria-occitana.org\/en\/wp-json\/wp\/v2\/product_tag?post=60688"}],"curies":[{"name":"wp","href":"https:\/\/api.w.org\/{rel}","templated":true}]}}