{"id":60695,"date":"2024-10-22T12:13:19","date_gmt":"2024-10-22T10:13:19","guid":{"rendered":"http:\/\/www.libraria-occitana.org\/?post_type=product&#038;p=60695"},"modified":"2026-04-25T23:46:13","modified_gmt":"2026-04-25T21:46:13","slug":"dificultats-gramaticaus-segonda-edicion-aumentada","status":"publish","type":"product","link":"https:\/\/www.libraria-occitana.org\/en\/product\/dificultats-gramaticaus-segonda-edicion-aumentada\/","title":{"rendered":"Dificultats gramaticaus : Segonda edicion aumentada"},"content":{"rendered":"<p>Voici une deuxi\u00e8me \u00e9dition augment\u00e9e de <a href=\"http:\/\/www.libraria-occitana.org\/produit\/dificultats-gramaticaus\/\"><em>Dificultats gramaticaus<\/em><\/a>. Ces \u00ab phrases complexes \u00bb, ainsi baptis\u00e9es par les apprenants, sont class\u00e9es par th\u00e8me et group\u00e9es en chapitres : emploi du pr\u00e9t\u00e9rit, concordance des temps, traductions sp\u00e9cifiques, etc. Mais vous pr\u00eaterez \u00e9galement attention au fait que certaines difficult\u00e9s ne font pas l\u2019objet d\u2019un chapitre et sont n\u00e9anmoins pr\u00e9sentes. \u00c0 vous de vous en servir et de les faire v\u00f4tres.<\/p>\n","protected":false},"excerpt":{"rendered":"<p>Voici une deuxi\u00e8me \u00e9dition augment\u00e9e de Dificultats gramaticaus. Ces \u00ab phrases complexes \u00bb, ainsi baptis\u00e9es par les apprenants, sont class\u00e9es par th\u00e8me et group\u00e9es en chapitres : emploi du pr\u00e9t\u00e9rit, concordance des temps, traductions sp\u00e9cifiques, etc. Mais vous pr\u00eaterez \u00e9galement attention au fait que certaines difficult\u00e9s ne font pas l\u2019objet d\u2019un chapitre et sont n\u00e9anmoins [&hellip;]<\/p>\n","protected":false},"featured_media":60698,"template":"","meta":{"_acf_changed":false,"_genesis_hide_title":false,"_genesis_hide_breadcrumbs":false,"_genesis_hide_singular_image":false,"_genesis_hide_footer_widgets":false,"_genesis_custom_body_class":"","_genesis_custom_post_class":"","_genesis_layout":""},"product_brand":[],"product_cat":[7132,7136,7146],"product_tag":[],"class_list":{"0":"post-60695","1":"product","2":"type-product","3":"status-publish","4":"has-post-thumbnail","6":"product_cat-books","7":"product_cat-dictionaries-language-educational-en","8":"product_cat-vocabulary-idioms-en","9":"pa_auteur-labandes-claudia-1-en","10":"pa_editeur-per-noste-en","11":"pa_langue-occitan-gascon-en","12":"pa_langue-occitan-francais-en","13":"entry","15":"first","16":"instock","17":"shipping-taxable","18":"purchasable","19":"product-type-simple"},"acf":[],"_links":{"self":[{"href":"https:\/\/www.libraria-occitana.org\/en\/wp-json\/wp\/v2\/product\/60695","targetHints":{"allow":["GET"]}}],"collection":[{"href":"https:\/\/www.libraria-occitana.org\/en\/wp-json\/wp\/v2\/product"}],"about":[{"href":"https:\/\/www.libraria-occitana.org\/en\/wp-json\/wp\/v2\/types\/product"}],"wp:featuredmedia":[{"embeddable":true,"href":"https:\/\/www.libraria-occitana.org\/en\/wp-json\/wp\/v2\/media\/60698"}],"wp:attachment":[{"href":"https:\/\/www.libraria-occitana.org\/en\/wp-json\/wp\/v2\/media?parent=60695"}],"wp:term":[{"taxonomy":"product_brand","embeddable":true,"href":"https:\/\/www.libraria-occitana.org\/en\/wp-json\/wp\/v2\/product_brand?post=60695"},{"taxonomy":"product_cat","embeddable":true,"href":"https:\/\/www.libraria-occitana.org\/en\/wp-json\/wp\/v2\/product_cat?post=60695"},{"taxonomy":"product_tag","embeddable":true,"href":"https:\/\/www.libraria-occitana.org\/en\/wp-json\/wp\/v2\/product_tag?post=60695"}],"curies":[{"name":"wp","href":"https:\/\/api.w.org\/{rel}","templated":true}]}}