{"id":60709,"date":"2024-09-22T13:08:11","date_gmt":"2024-09-22T11:08:11","guid":{"rendered":"http:\/\/www.libraria-occitana.org\/?post_type=product&#038;p=60709"},"modified":"2026-04-29T04:16:31","modified_gmt":"2026-04-29T02:16:31","slug":"lo-diari-la-cultura-en-occitan-81-la-fotografia","status":"publish","type":"product","link":"https:\/\/www.libraria-occitana.org\/en\/product\/lo-diari-la-cultura-en-occitan-81-la-fotografia\/","title":{"rendered":"Lo Diari : La cultura, en occitan #81 \u2013 La fotografia"},"content":{"rendered":"<p><em>Lo Diari<\/em>\u00a0est le magazine de la culture, toute la culture, mais en occitan. Litt\u00e9rature, musique, sport, soci\u00e9t\u00e9, audiovisuel, nouvelles technologies, vous y trouverez de tout pour chacun, pr\u00e9par\u00e9 par une \u00e9quipe de r\u00e9dacteurs de partout.<\/p>\n","protected":false},"excerpt":{"rendered":"<p>Lo Diari\u00a0est le magazine de la culture, toute la culture, mais en occitan. Litt\u00e9rature, musique, sport, soci\u00e9t\u00e9, audiovisuel, nouvelles technologies, vous y trouverez de tout pour chacun, pr\u00e9par\u00e9 par une \u00e9quipe de r\u00e9dacteurs de partout.<\/p>\n","protected":false},"featured_media":60712,"template":"","meta":{"_acf_changed":false,"_genesis_hide_title":false,"_genesis_hide_breadcrumbs":false,"_genesis_hide_singular_image":false,"_genesis_hide_footer_widgets":false,"_genesis_custom_body_class":"","_genesis_custom_post_class":"","_genesis_layout":""},"product_brand":[],"product_cat":[7132,7202],"product_tag":[],"class_list":{"0":"post-60709","1":"product","2":"type-product","3":"status-publish","4":"has-post-thumbnail","6":"product_cat-books","7":"product_cat-politics-sociology-current-affairs-en","8":"pa_auteur-collectiu-en-2","9":"pa_editeur-ieo-opm-en","10":"pa_langue-occitan-en","11":"entry","13":"first","14":"instock","15":"shipping-taxable","16":"purchasable","17":"product-type-simple"},"acf":[],"_links":{"self":[{"href":"https:\/\/www.libraria-occitana.org\/en\/wp-json\/wp\/v2\/product\/60709","targetHints":{"allow":["GET"]}}],"collection":[{"href":"https:\/\/www.libraria-occitana.org\/en\/wp-json\/wp\/v2\/product"}],"about":[{"href":"https:\/\/www.libraria-occitana.org\/en\/wp-json\/wp\/v2\/types\/product"}],"wp:featuredmedia":[{"embeddable":true,"href":"https:\/\/www.libraria-occitana.org\/en\/wp-json\/wp\/v2\/media\/60712"}],"wp:attachment":[{"href":"https:\/\/www.libraria-occitana.org\/en\/wp-json\/wp\/v2\/media?parent=60709"}],"wp:term":[{"taxonomy":"product_brand","embeddable":true,"href":"https:\/\/www.libraria-occitana.org\/en\/wp-json\/wp\/v2\/product_brand?post=60709"},{"taxonomy":"product_cat","embeddable":true,"href":"https:\/\/www.libraria-occitana.org\/en\/wp-json\/wp\/v2\/product_cat?post=60709"},{"taxonomy":"product_tag","embeddable":true,"href":"https:\/\/www.libraria-occitana.org\/en\/wp-json\/wp\/v2\/product_tag?post=60709"}],"curies":[{"name":"wp","href":"https:\/\/api.w.org\/{rel}","templated":true}]}}