{"id":60733,"date":"2017-01-23T13:09:44","date_gmt":"2017-01-23T12:09:44","guid":{"rendered":"http:\/\/www.libraria-occitana.org\/?post_type=product&#038;p=60733"},"modified":"2026-04-16T22:26:24","modified_gmt":"2026-04-16T20:26:24","slug":"le-livre-de-catoia","status":"publish","type":"product","link":"https:\/\/www.libraria-occitana.org\/en\/product\/le-livre-de-catoia\/","title":{"rendered":"Le Livre de Cato\u00efa"},"content":{"rendered":"<p>Traduction fran\u00e7aise de <a href=\"http:\/\/www.libraria-occitana.org\/produit\/lo-libre-de-catoia\/\"><em>Lo Libre de Cat\u00f2ia<\/em><\/a> de Joan Bodon, par Alem Surre-Garcia.<\/p>\n<blockquote>\n<p>Oui, je suis Cato\u00efa. Cato\u00efa l\u2019Enfarin\u00e9.<br \/>\nJe n\u2019ai jamais \u00e9t\u00e9 comme les autres. Jamais. Parce que je suis Cato\u00efa. Et parce que je suis Enfarin\u00e9.<br \/>\n\u00c0 Saint-Geniez, personne ne sait que je suis Cato\u00efa. Personne ne sait que je suis Enfarin\u00e9. Mais moi, je le sais.<br \/>\nMoi, Amans, Baptista, Blasi Codomi\u00e8r.<br \/>\n\u00c0 Saint-Geniez, on m\u2019appelle Codomi\u00e8r. Mais surtout Amans. \u00c7a me pla\u00eet, Amans. Saint Amans, premier \u00e9v\u00eaque de Rodez\u2026<br \/>\nDans mon pays, ma m\u00e8re m\u2019appelait Manson. Je ne me connaissais pas d\u2019autre nom : Manson.<br \/>\nMais quand vint le temps d\u2019aller \u00e0 l\u2019\u00e9cole\u2026 Ma m\u00e8re aurait voulu me mettre \u00e0 l\u2019\u00e9cole pour P\u00e2ques, mais le ma\u00eetre ne voulut pas de moi. Il fallut attendre le mois d\u2019octobre : un temps d\u2019automne, un jour de vent d\u2019autan et de ch\u00e2taignes.<br \/>\nPersonne ne conna\u00eet le vent d\u2019autan, \u00e0 Saint-Geniez. Dans mon pays, le S\u00e9gala\u2026<br \/>\nMa m\u00e8re me rev\u00eatit de ma petite blouse noire toute neuve, mit trois \u00e9chaud\u00e9s dans un petit sac et me prit par la main.<br \/>\nDans la cour de l\u2019\u00e9cole, les autres enfants cess\u00e8rent leurs jeux d\u00e8s qu\u2019ils nous aper\u00e7urent. Ils nous regardaient. Moi, je serrais la main de ma m\u00e8re.<br \/>\nNous all\u00e2mes trouver le ma\u00eetre \u00e0 son bureau pour qu\u2019il inscrive mon nom sur je ne sais quel registre.<br \/>\nMon nom\u2026 ah ! mon nom\u2026<br \/>\nMa m\u00e8re m\u2019abandonna dans la cour sans oser m\u2019embrasser. Les autres nous regardaient. Je me serrais contre le mur, le petit sac d\u2019\u00e9chaud\u00e9s sous le bras. Ma m\u00e8re \u00e9tait partie.<br \/>\n\u2013 Cato\u00efa\u2026 Cato\u00efa le petit\u2026 Cato\u00efa\u2026<br \/>\nQui cria le premier ? Tous les enfants se pressaient autour de moi en me montrant du doigt :<br \/>\n\u2013 Cato\u00efa\u2026<br \/>\nJe ne comprenais pas encore qui \u00e9tait Cato\u00efa. Avec mon petit doigt, je les montrai \u00e0 mon tour et je criai comme eux :<br \/>\n\u2013 Cato\u00efa\u2026<br \/>\nIls se mirent tous \u00e0 m\u2019applaudir, \u00e0 sauter comme des fous, et, se rapprochant encore de moi :<br \/>\n\u2013 Cato\u00efa\u2026 Cato\u00efa\u2026 le petit Cato\u00efa\u2026<br \/>\nIls m\u2019enlev\u00e8rent le b\u00e9ret, qu\u2019ils jet\u00e8rent au loin. Ils m\u2019arrach\u00e8rent le sac d\u2019\u00e9chaud\u00e9s et le firent sauter \u00e0 coups de pied\u2026<br \/>\nC\u2019est alors que je compris. Cato\u00efa, c\u2019\u00e9tait moi. Mais pourquoi ? Je me tournai contre le mur et je pleurai.<br \/>\nLe ma\u00eetre vint bien me consoler, mais que pouvait-il faire ? J\u2019\u00e9tais Cato\u00efa\u2026<br \/>\n[&#8230;]<\/p>\n<\/blockquote>\n<p>Alem Surre Garcia, \u00e9crivain, po\u00e8te, dramaturge, librettiste, essayiste et conf\u00e9rencier, nous propose une magnifique traduction en fran\u00e7ais du <em>Libre de Cat\u00f2ia<\/em> (traduction r\u00e9alis\u00e9e avec la collaboration de Fran\u00e7oise Meyruels et de Martine Boulanger).<br \/>\nLoin de chez lui et des ann\u00e9es plus tard, Cato\u00efa raconte son enfance dans l\u2019une des derni\u00e8res familles d\u2019Enfarin\u00e9s du Rouergue, ces catholiques qui ont refus\u00e9 le Concordat de 1801 et qui vivaient isol\u00e9s au milieu des autres, dans un attachement profond aux pratiques ancestrales.<\/p>\n","protected":false},"excerpt":{"rendered":"<p>Traduction fran\u00e7aise de Lo Libre de Cat\u00f2ia de Joan Bodon, par Alem Surre-Garcia. Oui, je suis Cato\u00efa. Cato\u00efa l\u2019Enfarin\u00e9. Je n\u2019ai jamais \u00e9t\u00e9 comme les autres. Jamais. Parce que je suis Cato\u00efa. Et parce que je suis Enfarin\u00e9. \u00c0 Saint-Geniez, personne ne sait que je suis Cato\u00efa. Personne ne sait que je suis Enfarin\u00e9. Mais [&hellip;]<\/p>\n","protected":false},"featured_media":60736,"template":"","meta":{"_acf_changed":false,"_genesis_hide_title":false,"_genesis_hide_breadcrumbs":false,"_genesis_hide_singular_image":false,"_genesis_hide_footer_widgets":false,"_genesis_custom_body_class":"","_genesis_custom_post_class":"","_genesis_layout":""},"product_brand":[],"product_cat":[7132,7174,7182,7178],"product_tag":[],"class_list":{"0":"post-60733","1":"product","2":"type-product","3":"status-publish","4":"has-post-thumbnail","6":"product_cat-books","7":"product_cat-literature-en","8":"product_cat-novels-short-stories-en","9":"product_cat-occitan-literature-in-french-en","10":"pa_auteur-bodon-joan-en","11":"pa_editeur-ieo-fr-en","12":"pa_illustrateur-surre-garcia-alem-1-en","13":"pa_langue-francais-en","14":"entry","16":"first","17":"instock","18":"shipping-taxable","19":"purchasable","20":"product-type-simple"},"acf":[],"_links":{"self":[{"href":"https:\/\/www.libraria-occitana.org\/en\/wp-json\/wp\/v2\/product\/60733","targetHints":{"allow":["GET"]}}],"collection":[{"href":"https:\/\/www.libraria-occitana.org\/en\/wp-json\/wp\/v2\/product"}],"about":[{"href":"https:\/\/www.libraria-occitana.org\/en\/wp-json\/wp\/v2\/types\/product"}],"wp:featuredmedia":[{"embeddable":true,"href":"https:\/\/www.libraria-occitana.org\/en\/wp-json\/wp\/v2\/media\/60736"}],"wp:attachment":[{"href":"https:\/\/www.libraria-occitana.org\/en\/wp-json\/wp\/v2\/media?parent=60733"}],"wp:term":[{"taxonomy":"product_brand","embeddable":true,"href":"https:\/\/www.libraria-occitana.org\/en\/wp-json\/wp\/v2\/product_brand?post=60733"},{"taxonomy":"product_cat","embeddable":true,"href":"https:\/\/www.libraria-occitana.org\/en\/wp-json\/wp\/v2\/product_cat?post=60733"},{"taxonomy":"product_tag","embeddable":true,"href":"https:\/\/www.libraria-occitana.org\/en\/wp-json\/wp\/v2\/product_tag?post=60733"}],"curies":[{"name":"wp","href":"https:\/\/api.w.org\/{rel}","templated":true}]}}