{"id":60777,"date":"2024-11-08T17:29:57","date_gmt":"2024-11-08T16:29:57","guid":{"rendered":"http:\/\/www.libraria-occitana.org\/product\/femmes-rebelles-doc\/"},"modified":"2026-04-17T00:22:03","modified_gmt":"2026-04-16T22:22:03","slug":"femmes-rebelles-doc","status":"publish","type":"product","link":"https:\/\/www.libraria-occitana.org\/en\/product\/femmes-rebelles-doc\/","title":{"rendered":"Femmes rebelles d&#8217;Oc"},"content":{"rendered":"<p>On ne s&#8217;\u00e9tonnera pas de voir la place tenue dans ce livre par ces femmes qui ont eu un rapport particuli\u00e8rement \u00e9troit avec la langue d&#8217;oc, au point de l&#8217;\u00e9crire, comme d\u00e9j\u00e0 Lydie de Ricard, comme L\u00e9ontine Goirand, issue d&#8217;une famille protestante et r\u00e9publicaine, ou de la chanter comme Rose Bordas. On croisera ici Lazarine de Manosque, femme au travail (volaill\u00e8re \u00e0 Marseille), divorc\u00e9e, r\u00e9publicaine avanc\u00e9e et n\u00e9anmoins po\u00e9tesse d&#8217;oc respect\u00e9e par Mistral, ce qui n&#8217;est pas rien. Ou cette institutrice s\u00e9toise, Olga Criscelli, animatrice de ces Abeilles s\u00e9toises auxquelles Rose Blin-Mioch avait d\u00e9j\u00e0 consacr\u00e9 une \u00e9tude, association f\u00e9minine li\u00e9e aussi bien au F\u00e9librige local qu&#8217;\u00e0 la Ligue de l&#8217;enseignement. Sans oublier, de l&#8217;autre c\u00f4t\u00e9 de la barri\u00e8re des sexes, le regard port\u00e9 sur les femmes par Th\u00e9odore Aubanel, cofondateur du F\u00e9librige, aux heures de loisir que lui laissait son vrai m\u00e9tier, imprimeur du Pape \u00e0 Avignon. Son \u0153uvre ne se limite pas \u00e0 la c\u00e9l\u00e9bration de la beaut\u00e9 des jeunes filles \u2013 ses correspondances montrent que ce n&#8217;\u00e9tait pas pour lui simplement un exercice de style convenu. Son th\u00e9\u00e2tre, tr\u00e8s sombre, aborde aussi la question de la frustration f\u00e9minine et du viol, en des termes qui lui ont valu les foudres des milieux catholiques et de droite (c&#8217;est \u00e0 l&#8217;\u00e9poque tout un) dont il \u00e9tait pourtant issu.<\/p>\n<p>C&#8217;est donc de femmes exceptionnelles, si humbles qu&#8217;elles aient \u00e9t\u00e9 par ailleurs, qu&#8217;il est question ici. Leurs parcours valent le d\u00e9tour, et ce ne sont pas seulement des lectrices qui doivent les suivre. Nul doute, en tout \u00e9tat de cause, que l&#8217;histoire ne s&#8217;arr\u00eate pas l\u00e0, pas plus que les recherches de Rose Blin-Mioch. Oui, il y a encore tant de choses \u00e0 d\u00e9couvrir&#8230;<\/p>\n","protected":false},"excerpt":{"rendered":"<p>On ne s&#8217;\u00e9tonnera pas de voir la place tenue dans ce livre par ces femmes qui ont eu un rapport particuli\u00e8rement \u00e9troit avec la langue d&#8217;oc, au point de l&#8217;\u00e9crire, comme d\u00e9j\u00e0 Lydie de Ricard, comme L\u00e9ontine Goirand, issue d&#8217;une famille protestante et r\u00e9publicaine, ou de la chanter comme Rose Bordas. On croisera ici Lazarine [&hellip;]<\/p>\n","protected":false},"featured_media":60775,"template":"","meta":{"_acf_changed":false,"_genesis_hide_title":false,"_genesis_hide_breadcrumbs":false,"_genesis_hide_singular_image":false,"_genesis_hide_footer_widgets":false,"_genesis_custom_body_class":"","_genesis_custom_post_class":"","_genesis_layout":""},"product_brand":[],"product_cat":[7188,7132,7156,7148,7174],"product_tag":[],"class_list":{"0":"post-60777","1":"product","2":"type-product","3":"status-publish","4":"has-post-thumbnail","6":"product_cat-arts-studies-en","7":"product_cat-books","8":"product_cat-general-history-en","9":"product_cat-history-geography-en","10":"product_cat-literature-en","11":"pa_auteur-blin-mioch-rose-en","12":"pa_editeur-lauceu-libre-en","13":"pa_langue-francais-en","14":"entry","16":"first","17":"instock","18":"shipping-taxable","19":"purchasable","20":"product-type-simple"},"acf":[],"_links":{"self":[{"href":"https:\/\/www.libraria-occitana.org\/en\/wp-json\/wp\/v2\/product\/60777","targetHints":{"allow":["GET"]}}],"collection":[{"href":"https:\/\/www.libraria-occitana.org\/en\/wp-json\/wp\/v2\/product"}],"about":[{"href":"https:\/\/www.libraria-occitana.org\/en\/wp-json\/wp\/v2\/types\/product"}],"wp:featuredmedia":[{"embeddable":true,"href":"https:\/\/www.libraria-occitana.org\/en\/wp-json\/wp\/v2\/media\/60775"}],"wp:attachment":[{"href":"https:\/\/www.libraria-occitana.org\/en\/wp-json\/wp\/v2\/media?parent=60777"}],"wp:term":[{"taxonomy":"product_brand","embeddable":true,"href":"https:\/\/www.libraria-occitana.org\/en\/wp-json\/wp\/v2\/product_brand?post=60777"},{"taxonomy":"product_cat","embeddable":true,"href":"https:\/\/www.libraria-occitana.org\/en\/wp-json\/wp\/v2\/product_cat?post=60777"},{"taxonomy":"product_tag","embeddable":true,"href":"https:\/\/www.libraria-occitana.org\/en\/wp-json\/wp\/v2\/product_tag?post=60777"}],"curies":[{"name":"wp","href":"https:\/\/api.w.org\/{rel}","templated":true}]}}