{"id":60809,"date":"2024-11-14T19:48:42","date_gmt":"2024-11-14T18:48:42","guid":{"rendered":"http:\/\/www.libraria-occitana.org\/product\/obra-poetica-2\/"},"modified":"2026-04-03T06:06:43","modified_gmt":"2026-04-03T04:06:43","slug":"obra-poetica-2","status":"publish","type":"product","link":"https:\/\/www.libraria-occitana.org\/en\/product\/obra-poetica-2\/","title":{"rendered":"\u00d2bra poetica"},"content":{"rendered":"<blockquote>\n<p>\u00ab L&#8217;endrech ont soi nascut lo tr\u00f2bi lo pus b\u00e8l \u00bb<br \/>\nAqu\u00f2&#8217;s aital que parla \u00e7\u00f2 dison tot aus\u00e8l.<br \/>\nUn ser de calim\u00e0s tot sol al pu\u00e8g de r\u00f2da,<br \/>\nquand lo gai rossinh\u00f2l canta al solelh son \u00f2da,<br \/>\nmon \u00e8ime destibat, coma l&#8217;aus\u00e8l ur\u00f3s,<br \/>\nde carrim\u00e8las liure soi pas bric malsapi\u00f3s&#8230;<br \/>\nVesi lo pichon borg aclatat tot crenhent<br \/>\nvergonh\u00f3s \u00f2m diri\u00e1, d&#8217;estar a l&#8217;iversenc ;<br \/>\nla gl\u00e8ia quitament a mitat se rescond,<br \/>\nsol lo gal del cloqui\u00e8r p\u00f2t veire lo tresmont.<\/p>\n<p>\u00ab L&#8217;endroit o\u00f9 je suis n\u00e9, c&#8217;est le plus joli du monde \u00bb<br \/>\nC&#8217;est ainsi que parle dit-on tout oiseau.<br \/>\nUn soir de tr\u00e8s grosse chaleur tout seul au pech de R\u00f2da,<br \/>\nquand le gai rossignol chante au soleil son ode,<br \/>\nmon esprit d\u00e9tendu, comme l&#8217;oiseau heureux,<br \/>\nde v\u00e9tilles je suis libre pas du tout susceptible&#8230;<br \/>\nJe vois le petit bourg tout blotti, tout craintif<br \/>\npuisque honteux dirait-on, d&#8217;\u00eatre expos\u00e9 au nord ;<br \/>\nl&#8217;\u00e9glise, m\u00eame \u00e0 moiti\u00e9, se cache,<br \/>\nseul le coq du clocher peut voir le couchant.<\/p>\n<\/blockquote>\n<p>Henri Cayre (1926-2009) passa toute sa vie \u00e0 Miers, sur le causse de Gramat dans le Lot. Cadet d&#8217;une famille de quatre enfants, il faisait partie d&#8217;une g\u00e9n\u00e9ration dont l&#8217;occitan \u00e9tait la seule langue, mais interdite \u00e0 l&#8217;\u00e9cole. Ce n&#8217;est qu&#8217;en 1986, apr\u00e8s avoir entendu une \u00e9mission de radio en occitan, qu&#8217;il d\u00e9cide de se consacrer \u00e0 la po\u00e9sie dans sa langue maternelle.<\/p>\n<p>&nbsp;<\/p>\n","protected":false},"excerpt":{"rendered":"<p>\u00ab L&#8217;endrech ont soi nascut lo tr\u00f2bi lo pus b\u00e8l \u00bb Aqu\u00f2&#8217;s aital que parla \u00e7\u00f2 dison tot aus\u00e8l. Un ser de calim\u00e0s tot sol al pu\u00e8g de r\u00f2da, quand lo gai rossinh\u00f2l canta al solelh son \u00f2da, mon \u00e8ime destibat, coma l&#8217;aus\u00e8l ur\u00f3s, de carrim\u00e8las liure soi pas bric malsapi\u00f3s&#8230; Vesi lo pichon borg [&hellip;]<\/p>\n","protected":false},"featured_media":60807,"template":"","meta":{"_acf_changed":false,"_genesis_hide_title":false,"_genesis_hide_breadcrumbs":false,"_genesis_hide_singular_image":false,"_genesis_hide_footer_widgets":false,"_genesis_custom_body_class":"","_genesis_custom_post_class":"","_genesis_layout":""},"product_brand":[],"product_cat":[7132,7174,7180],"product_tag":[],"class_list":{"0":"post-60809","1":"product","2":"type-product","3":"status-publish","4":"has-post-thumbnail","6":"product_cat-books","7":"product_cat-literature-en","8":"product_cat-poetry-en","9":"pa_auteur-caire-enric-en","10":"pa_editeur-ieo-dolt-en","11":"pa_langue-occitan-lengadocian-en","12":"pa_langue-occitan-francais-en","13":"entry","15":"first","16":"instock","17":"shipping-taxable","18":"purchasable","19":"product-type-simple"},"acf":[],"_links":{"self":[{"href":"https:\/\/www.libraria-occitana.org\/en\/wp-json\/wp\/v2\/product\/60809","targetHints":{"allow":["GET"]}}],"collection":[{"href":"https:\/\/www.libraria-occitana.org\/en\/wp-json\/wp\/v2\/product"}],"about":[{"href":"https:\/\/www.libraria-occitana.org\/en\/wp-json\/wp\/v2\/types\/product"}],"wp:featuredmedia":[{"embeddable":true,"href":"https:\/\/www.libraria-occitana.org\/en\/wp-json\/wp\/v2\/media\/60807"}],"wp:attachment":[{"href":"https:\/\/www.libraria-occitana.org\/en\/wp-json\/wp\/v2\/media?parent=60809"}],"wp:term":[{"taxonomy":"product_brand","embeddable":true,"href":"https:\/\/www.libraria-occitana.org\/en\/wp-json\/wp\/v2\/product_brand?post=60809"},{"taxonomy":"product_cat","embeddable":true,"href":"https:\/\/www.libraria-occitana.org\/en\/wp-json\/wp\/v2\/product_cat?post=60809"},{"taxonomy":"product_tag","embeddable":true,"href":"https:\/\/www.libraria-occitana.org\/en\/wp-json\/wp\/v2\/product_tag?post=60809"}],"curies":[{"name":"wp","href":"https:\/\/api.w.org\/{rel}","templated":true}]}}