{"id":60946,"date":"2024-11-27T16:03:01","date_gmt":"2024-11-27T15:03:01","guid":{"rendered":"http:\/\/www.libraria-occitana.org\/?post_type=product&#038;p=60946"},"modified":"2025-03-09T01:12:21","modified_gmt":"2025-03-09T00:12:21","slug":"lemouzi-n233","status":"publish","type":"product","link":"https:\/\/www.libraria-occitana.org\/en\/product\/lemouzi-n233\/","title":{"rendered":"Lemouzi N\u00b0233"},"content":{"rendered":"<p>Avec les contributions de Jean-Pierre Cavaill\u00e9, Fran\u00e7ois Delooz, Paule Marie Duquesnoy, Pierre Gandois, Monique Jeammot, Mireille Langlade-Buche, Alain Marthon, Am\u00e9d\u00e9e Muzac, Paul Vialle, Abb\u00e9 Bernard Zimmermann.<\/p>\n","protected":false},"excerpt":{"rendered":"<p>Avec les contributions de Jean-Pierre Cavaill\u00e9, Fran\u00e7ois Delooz, Paule Marie Duquesnoy, Pierre Gandois, Monique Jeammot, Mireille Langlade-Buche, Alain Marthon, Am\u00e9d\u00e9e Muzac, Paul Vialle, Abb\u00e9 Bernard Zimmermann.<\/p>\n","protected":false},"featured_media":60924,"template":"","meta":{"_acf_changed":false,"_genesis_hide_title":false,"_genesis_hide_breadcrumbs":false,"_genesis_hide_singular_image":false,"_genesis_hide_footer_widgets":false,"_genesis_custom_body_class":"","_genesis_custom_post_class":"","_genesis_layout":""},"product_brand":[],"product_cat":[7132,7156,7148],"product_tag":[],"class_list":{"0":"post-60946","1":"product","2":"type-product","3":"status-publish","4":"has-post-thumbnail","6":"product_cat-books","7":"product_cat-general-history-en","8":"product_cat-history-geography-en","9":"pa_auteur-collectiu-en-2","10":"pa_editeur-lemouzi-en","11":"pa_langue-francais-en","12":"pa_langue-occitan-en","13":"pa_langue-occitan-lemosin-en","14":"entry","16":"first","17":"instock","18":"shipping-taxable","19":"purchasable","20":"product-type-simple"},"acf":[],"_links":{"self":[{"href":"https:\/\/www.libraria-occitana.org\/en\/wp-json\/wp\/v2\/product\/60946","targetHints":{"allow":["GET"]}}],"collection":[{"href":"https:\/\/www.libraria-occitana.org\/en\/wp-json\/wp\/v2\/product"}],"about":[{"href":"https:\/\/www.libraria-occitana.org\/en\/wp-json\/wp\/v2\/types\/product"}],"wp:featuredmedia":[{"embeddable":true,"href":"https:\/\/www.libraria-occitana.org\/en\/wp-json\/wp\/v2\/media\/60924"}],"wp:attachment":[{"href":"https:\/\/www.libraria-occitana.org\/en\/wp-json\/wp\/v2\/media?parent=60946"}],"wp:term":[{"taxonomy":"product_brand","embeddable":true,"href":"https:\/\/www.libraria-occitana.org\/en\/wp-json\/wp\/v2\/product_brand?post=60946"},{"taxonomy":"product_cat","embeddable":true,"href":"https:\/\/www.libraria-occitana.org\/en\/wp-json\/wp\/v2\/product_cat?post=60946"},{"taxonomy":"product_tag","embeddable":true,"href":"https:\/\/www.libraria-occitana.org\/en\/wp-json\/wp\/v2\/product_tag?post=60946"}],"curies":[{"name":"wp","href":"https:\/\/api.w.org\/{rel}","templated":true}]}}