{"id":60967,"date":"2024-04-27T17:44:36","date_gmt":"2024-04-27T15:44:36","guid":{"rendered":"http:\/\/www.libraria-occitana.org\/product\/e-viver\/"},"modified":"2026-04-18T23:36:15","modified_gmt":"2026-04-18T21:36:15","slug":"e-viver","status":"publish","type":"product","link":"https:\/\/www.libraria-occitana.org\/en\/product\/e-viver\/","title":{"rendered":"E v\u00edver"},"content":{"rendered":"<p>Quinze nouvelles pour parler du monde. Celui d\u2019aujourd\u2019hui, bien s\u00fbr, qui est ce qu\u2019il est, mais aussi celui d\u2019un futur proche et pas forc\u00e9ment moins inqui\u00e9tant. Les personnages de Fabienne Vayrette, des femmes pour la plupart, ne s\u2019en laissent pourtant pas conter. Employ\u00e9e de mus\u00e9e r\u00eaveuse et d\u00e9termin\u00e9e, serveur au ch\u00f4mage pr\u00eat \u00e0 tout pour \u00e9chapper \u00e0 son quotidien, jeune dipl\u00f4m\u00e9e japonaise \u00e0 la pointe des r\u00e9seaux sociaux\u2026, elles et ils vous surprendront. Avec d\u00e9termination et courage, ils ne baissent jamais les bras, quitte \u00e0 s\u2019arranger avec la r\u00e9alit\u00e9. Car ce qu\u2019ils veulent, c\u2019est vivre !<\/p>\n","protected":false},"excerpt":{"rendered":"<p>Quinze nouvelles pour parler du monde. Celui d\u2019aujourd\u2019hui, bien s\u00fbr, qui est ce qu\u2019il est, mais aussi celui d\u2019un futur proche et pas forc\u00e9ment moins inqui\u00e9tant. Les personnages de Fabienne Vayrette, des femmes pour la plupart, ne s\u2019en laissent pourtant pas conter. Employ\u00e9e de mus\u00e9e r\u00eaveuse et d\u00e9termin\u00e9e, serveur au ch\u00f4mage pr\u00eat \u00e0 tout pour [&hellip;]<\/p>\n","protected":false},"featured_media":60965,"template":"","meta":{"_acf_changed":false,"_genesis_hide_title":false,"_genesis_hide_breadcrumbs":false,"_genesis_hide_singular_image":false,"_genesis_hide_footer_widgets":false,"_genesis_custom_body_class":"","_genesis_custom_post_class":"","_genesis_layout":""},"product_brand":[],"product_cat":[7132,7174,7182],"product_tag":[],"class_list":{"0":"post-60967","1":"product","2":"type-product","3":"status-publish","4":"has-post-thumbnail","6":"product_cat-books","7":"product_cat-literature-en","8":"product_cat-novels-short-stories-en","9":"pa_auteur-vayrette-pechali-fabienne-en","10":"pa_editeur-reclams-en","11":"pa_langue-occitan-en","12":"pa_langue-occitan-gascon-en","13":"entry","15":"first","16":"instock","17":"shipping-taxable","18":"purchasable","19":"product-type-simple"},"acf":[],"_links":{"self":[{"href":"https:\/\/www.libraria-occitana.org\/en\/wp-json\/wp\/v2\/product\/60967","targetHints":{"allow":["GET"]}}],"collection":[{"href":"https:\/\/www.libraria-occitana.org\/en\/wp-json\/wp\/v2\/product"}],"about":[{"href":"https:\/\/www.libraria-occitana.org\/en\/wp-json\/wp\/v2\/types\/product"}],"wp:featuredmedia":[{"embeddable":true,"href":"https:\/\/www.libraria-occitana.org\/en\/wp-json\/wp\/v2\/media\/60965"}],"wp:attachment":[{"href":"https:\/\/www.libraria-occitana.org\/en\/wp-json\/wp\/v2\/media?parent=60967"}],"wp:term":[{"taxonomy":"product_brand","embeddable":true,"href":"https:\/\/www.libraria-occitana.org\/en\/wp-json\/wp\/v2\/product_brand?post=60967"},{"taxonomy":"product_cat","embeddable":true,"href":"https:\/\/www.libraria-occitana.org\/en\/wp-json\/wp\/v2\/product_cat?post=60967"},{"taxonomy":"product_tag","embeddable":true,"href":"https:\/\/www.libraria-occitana.org\/en\/wp-json\/wp\/v2\/product_tag?post=60967"}],"curies":[{"name":"wp","href":"https:\/\/api.w.org\/{rel}","templated":true}]}}