{"id":60980,"date":"2024-11-28T22:14:38","date_gmt":"2024-11-28T21:14:38","guid":{"rendered":"http:\/\/www.libraria-occitana.org\/?post_type=product&#038;p=60980"},"modified":"2026-04-19T06:01:29","modified_gmt":"2026-04-19T04:01:29","slug":"burgou-bugeaud","status":"publish","type":"product","link":"https:\/\/www.libraria-occitana.org\/en\/product\/burgou-bugeaud\/","title":{"rendered":"Burgou &#038; Bugeaud"},"content":{"rendered":"<p>Premier volume in\u00e9dit de la Biblioth\u00e8que Limousine, les Nouvelles \u00c9ditions M\u00e9galithes publient pour la premi\u00e8re fois le feuilleton de Cl\u00e9ment Rochel : La bande \u00e0 Burgou ! Paru dans Le Courrier du Centre de 1907 \u00e0 1908, ce feuilleton mettait en lumi\u00e8re deux sombres personnages, le bandit Burgou et le \u00ab pacificateur de l&#8217;Alg\u00e9rie \u00bb, Thomas Bugeaud. Nous suivons les p\u00e9r\u00e9grinations de Burgou, ses crimes avec en toile de fond une romance contrari\u00e9e pour ce voleur qui se retrouve enr\u00f4l\u00e9 dans les troupes de Bugeaud en Alg\u00e9rie&#8230; Sous la direction de Vincent Brousse, nous d\u00e9couvrons une soci\u00e9t\u00e9 en mutation, la naissance d&#8217;une identit\u00e9 populaire avec ses parts d&#8217;ombres et de lumi\u00e8res&#8230;<\/p>\n","protected":false},"excerpt":{"rendered":"<p>Premier volume in\u00e9dit de la Biblioth\u00e8que Limousine, les Nouvelles \u00c9ditions M\u00e9galithes publient pour la premi\u00e8re fois le feuilleton de Cl\u00e9ment Rochel : La bande \u00e0 Burgou ! Paru dans Le Courrier du Centre de 1907 \u00e0 1908, ce feuilleton mettait en lumi\u00e8re deux sombres personnages, le bandit Burgou et le \u00ab pacificateur de l&#8217;Alg\u00e9rie \u00bb, [&hellip;]<\/p>\n","protected":false},"featured_media":60978,"template":"","meta":{"_acf_changed":false,"_genesis_hide_title":false,"_genesis_hide_breadcrumbs":false,"_genesis_hide_singular_image":false,"_genesis_hide_footer_widgets":false,"_genesis_custom_body_class":"","_genesis_custom_post_class":"","_genesis_layout":""},"product_brand":[],"product_cat":[7132,7174,7182],"product_tag":[],"class_list":{"0":"post-60980","1":"product","2":"type-product","3":"status-publish","4":"has-post-thumbnail","6":"product_cat-books","7":"product_cat-literature-en","8":"product_cat-novels-short-stories-en","9":"pa_auteur-rochel-clement-en","10":"pa_editeur-nouvelles-editions-megalithes-en","11":"pa_illustrateur-brousse-vincent-1-en","12":"pa_langue-francais-en","13":"entry","15":"first","16":"instock","17":"shipping-taxable","18":"purchasable","19":"product-type-simple"},"acf":[],"_links":{"self":[{"href":"https:\/\/www.libraria-occitana.org\/en\/wp-json\/wp\/v2\/product\/60980","targetHints":{"allow":["GET"]}}],"collection":[{"href":"https:\/\/www.libraria-occitana.org\/en\/wp-json\/wp\/v2\/product"}],"about":[{"href":"https:\/\/www.libraria-occitana.org\/en\/wp-json\/wp\/v2\/types\/product"}],"wp:featuredmedia":[{"embeddable":true,"href":"https:\/\/www.libraria-occitana.org\/en\/wp-json\/wp\/v2\/media\/60978"}],"wp:attachment":[{"href":"https:\/\/www.libraria-occitana.org\/en\/wp-json\/wp\/v2\/media?parent=60980"}],"wp:term":[{"taxonomy":"product_brand","embeddable":true,"href":"https:\/\/www.libraria-occitana.org\/en\/wp-json\/wp\/v2\/product_brand?post=60980"},{"taxonomy":"product_cat","embeddable":true,"href":"https:\/\/www.libraria-occitana.org\/en\/wp-json\/wp\/v2\/product_cat?post=60980"},{"taxonomy":"product_tag","embeddable":true,"href":"https:\/\/www.libraria-occitana.org\/en\/wp-json\/wp\/v2\/product_tag?post=60980"}],"curies":[{"name":"wp","href":"https:\/\/api.w.org\/{rel}","templated":true}]}}