{"id":61161,"date":"2024-12-19T20:52:39","date_gmt":"2024-12-19T19:52:39","guid":{"rendered":"http:\/\/www.libraria-occitana.org\/?post_type=product&#038;p=61161"},"modified":"2026-04-20T05:41:09","modified_gmt":"2026-04-20T03:41:09","slug":"brama","status":"publish","type":"product","link":"https:\/\/www.libraria-occitana.org\/en\/product\/brama\/","title":{"rendered":"Brama"},"content":{"rendered":"<p><strong>Paolo Gauthier :<\/strong> Batterie, percussions, chant<br \/>\n<strong>Simon Guy :<\/strong> Chant, guitare basse<br \/>\n<strong>Baptiste Lherbeil :<\/strong> Vielle \u00e0 roue, chant<\/p>\n<p>Compos\u00e9 et arrang\u00e9 par Brama.<br \/>\nTextes : Brama, Dominique Decomps, trad.<\/p>\n<p>\u00c0 l&#8217;instar des post-punk anglais ou les artistes allemands de la fin des ann\u00e9es 70, volont\u00e9 est faite de s&#8217;\u00e9manciper des canons du rock global. N&#8217;ayant plus \u00e0 pr\u00e9sent comme uniques canaux les cargaisons de disques re\u00e7us des \u00c9tats-Unis ou les rades parisiens \u00e9lectrocutant la France \u00e0 grands coups de groupe d&#8217;outre-Manche, l&#8217;influence est partout : des m\u00e9diath\u00e8ques d&#8217;agglo-rurales, sur les cha\u00eenes Youtube de geeks de par le monde ou dans les squats du plateau de Millevaches. Nourris et passionn\u00e9s de cultures POP-ulaires du monde, la musique de Brama puise autant dans la musique de violon du Massif Central, que dans le Qawali pakistanais, la guitare du Mali, le krautrock allemand et le ritualiste riff de rock gorg\u00e9 de fuzz.<\/p>\n<p>Toujours solaire et hypnotique, Brama vous invite dans une c\u00e9r\u00e9monie \u00e0 la crois\u00e9e d&#8217;une tarentelle et d&#8217;une messe rock&#8217;n&#8217;roll psych\u00e9d\u00e9lique. La vielle \u00e0 roue en orgue liturgique, la guitare\/basse en sujet exorcis\u00e9 et la voix chamanique, ma\u00eetresse du culte.<\/p>\n<p>Un livret avec les chansons en occitan et leur traduction en en fran\u00e7ais accompagne le CD.<\/p>\n<p><strong>Titres :<\/strong><br \/>\n1. Somnhar<br \/>\n2. La bruma<br \/>\n3. Onte anar<br \/>\n4. S&#8217;enraija<br \/>\n5. Agata<br \/>\n6. Romecs<br \/>\n7. B\u00f2<br \/>\n8. La baga d&#8217;or<\/p>\n","protected":false},"excerpt":{"rendered":"<p>Paolo Gauthier : Batterie, percussions, chant Simon Guy : Chant, guitare basse Baptiste Lherbeil : Vielle \u00e0 roue, chant Compos\u00e9 et arrang\u00e9 par Brama. Textes : Brama, Dominique Decomps, trad. \u00c0 l&#8217;instar des post-punk anglais ou les artistes allemands de la fin des ann\u00e9es 70, volont\u00e9 est faite de s&#8217;\u00e9manciper des canons du rock global. [&hellip;]<\/p>\n","protected":false},"featured_media":61158,"template":"","meta":{"_acf_changed":false,"_genesis_hide_title":false,"_genesis_hide_breadcrumbs":false,"_genesis_hide_singular_image":false,"_genesis_hide_footer_widgets":false,"_genesis_custom_body_class":"","_genesis_custom_post_class":"","_genesis_layout":""},"product_brand":[],"product_cat":[7216,7232],"product_tag":[],"class_list":{"0":"post-61161","1":"product","2":"type-product","3":"status-publish","4":"has-post-thumbnail","6":"product_cat-music-en","7":"product_cat-rock-pop-en","8":"pa_auteur-brama-en","9":"pa_editeur-airfono-en","10":"pa_editeur-la-grande-folie-en","11":"pa_langue-occitan-en","12":"pa_langue-occitan-lemosin-en","13":"entry","15":"first","16":"instock","17":"shipping-taxable","18":"purchasable","19":"product-type-simple"},"acf":[],"_links":{"self":[{"href":"https:\/\/www.libraria-occitana.org\/en\/wp-json\/wp\/v2\/product\/61161","targetHints":{"allow":["GET"]}}],"collection":[{"href":"https:\/\/www.libraria-occitana.org\/en\/wp-json\/wp\/v2\/product"}],"about":[{"href":"https:\/\/www.libraria-occitana.org\/en\/wp-json\/wp\/v2\/types\/product"}],"wp:featuredmedia":[{"embeddable":true,"href":"https:\/\/www.libraria-occitana.org\/en\/wp-json\/wp\/v2\/media\/61158"}],"wp:attachment":[{"href":"https:\/\/www.libraria-occitana.org\/en\/wp-json\/wp\/v2\/media?parent=61161"}],"wp:term":[{"taxonomy":"product_brand","embeddable":true,"href":"https:\/\/www.libraria-occitana.org\/en\/wp-json\/wp\/v2\/product_brand?post=61161"},{"taxonomy":"product_cat","embeddable":true,"href":"https:\/\/www.libraria-occitana.org\/en\/wp-json\/wp\/v2\/product_cat?post=61161"},{"taxonomy":"product_tag","embeddable":true,"href":"https:\/\/www.libraria-occitana.org\/en\/wp-json\/wp\/v2\/product_tag?post=61161"}],"curies":[{"name":"wp","href":"https:\/\/api.w.org\/{rel}","templated":true}]}}