{"id":61353,"date":"2009-06-05T13:57:59","date_gmt":"2009-06-05T11:57:59","guid":{"rendered":"http:\/\/www.libraria-occitana.org\/product\/ultime-veillee-souvenirs-et-contes-creusois-au-temps-des-loups\/"},"modified":"2026-04-26T06:36:56","modified_gmt":"2026-04-26T04:36:56","slug":"ultime-veillee-souvenirs-et-contes-creusois-au-temps-des-loups","status":"publish","type":"product","link":"https:\/\/www.libraria-occitana.org\/en\/product\/ultime-veillee-souvenirs-et-contes-creusois-au-temps-des-loups\/","title":{"rendered":"Ultime veill\u00e9e : Souvenirs et contes creusois au temps des loups"},"content":{"rendered":"<p>Le Docteur Louis Dh\u00e9ron (1920-1982), P&#8217;tit Louis pour ses amis, fut avant tout un m\u00e9decin de campagne, discret et humaniste, \u00ab g\u00e9n\u00e9reux et r\u00eaveur \u00bb ainsi que Bernard Blot le d\u00e9crit dans sa pr\u00e9face, nourri d\u00e8s sa naissance des contes et r\u00e9cits de ses grand-parents paysans lorsque les loups se r\u00e9pondaient de Chabannes \u00e0 Grancher, passionn\u00e9 par la \u00ab petite histoire \u00bb de son pays de Creuse, celle du temps o\u00f9 ces fauves magnifiques hantaient encore nos belles for\u00eats de h\u00eatres et de ch\u00eanes.<\/p>\n<p>Cette soixantaine de contes et r\u00e9cits retranscrits par lui avant son grand d\u00e9part, pour \u00eatre locaux et tr\u00e8s particuliers \u00e0 la r\u00e9gion de Dun-le-Palestel et de Crozant, rejoignent intimement pourtant ceux de bien d&#8217;autres coins de France et d&#8217;ailleurs&#8230;<\/p>\n","protected":false},"excerpt":{"rendered":"<p>Le Docteur Louis Dh\u00e9ron (1920-1982), P&#8217;tit Louis pour ses amis, fut avant tout un m\u00e9decin de campagne, discret et humaniste, \u00ab g\u00e9n\u00e9reux et r\u00eaveur \u00bb ainsi que Bernard Blot le d\u00e9crit dans sa pr\u00e9face, nourri d\u00e8s sa naissance des contes et r\u00e9cits de ses grand-parents paysans lorsque les loups se r\u00e9pondaient de Chabannes \u00e0 Grancher, [&hellip;]<\/p>\n","protected":false},"featured_media":61351,"template":"","meta":{"_acf_changed":false,"_genesis_hide_title":false,"_genesis_hide_breadcrumbs":false,"_genesis_hide_singular_image":false,"_genesis_hide_footer_widgets":false,"_genesis_custom_body_class":"","_genesis_custom_post_class":"","_genesis_layout":""},"product_brand":[],"product_cat":[7132,7174,7176],"product_tag":[],"class_list":{"0":"post-61353","1":"product","2":"type-product","3":"status-publish","4":"has-post-thumbnail","6":"product_cat-books","7":"product_cat-literature-en","8":"product_cat-tales-fables-en","9":"pa_auteur-dheron-louis-en","10":"pa_editeur-thierry-sajat-en","11":"pa_langue-francais-en","12":"entry","14":"first","15":"instock","16":"shipping-taxable","17":"purchasable","18":"product-type-simple"},"acf":[],"_links":{"self":[{"href":"https:\/\/www.libraria-occitana.org\/en\/wp-json\/wp\/v2\/product\/61353","targetHints":{"allow":["GET"]}}],"collection":[{"href":"https:\/\/www.libraria-occitana.org\/en\/wp-json\/wp\/v2\/product"}],"about":[{"href":"https:\/\/www.libraria-occitana.org\/en\/wp-json\/wp\/v2\/types\/product"}],"wp:featuredmedia":[{"embeddable":true,"href":"https:\/\/www.libraria-occitana.org\/en\/wp-json\/wp\/v2\/media\/61351"}],"wp:attachment":[{"href":"https:\/\/www.libraria-occitana.org\/en\/wp-json\/wp\/v2\/media?parent=61353"}],"wp:term":[{"taxonomy":"product_brand","embeddable":true,"href":"https:\/\/www.libraria-occitana.org\/en\/wp-json\/wp\/v2\/product_brand?post=61353"},{"taxonomy":"product_cat","embeddable":true,"href":"https:\/\/www.libraria-occitana.org\/en\/wp-json\/wp\/v2\/product_cat?post=61353"},{"taxonomy":"product_tag","embeddable":true,"href":"https:\/\/www.libraria-occitana.org\/en\/wp-json\/wp\/v2\/product_tag?post=61353"}],"curies":[{"name":"wp","href":"https:\/\/api.w.org\/{rel}","templated":true}]}}