{"id":61441,"date":"2025-02-28T17:55:12","date_gmt":"2025-02-28T16:55:12","guid":{"rendered":"http:\/\/www.libraria-occitana.org\/?post_type=product&#038;p=61441"},"modified":"2026-04-29T10:51:09","modified_gmt":"2026-04-29T08:51:09","slug":"lo-matricule-1628-pendent-la-guerra","status":"publish","type":"product","link":"https:\/\/www.libraria-occitana.org\/en\/product\/lo-matricule-1628-pendent-la-guerra\/","title":{"rendered":"Lo matricule 1628 pendent la gu\u00e8rra"},"content":{"rendered":"<p>Edouard Moulia, imprimeur et journaliste \u00e0 Orthez, apporte dans cet ouvrage un t\u00e9moignage exceptionnel sur la guerre de 1914-1918, faisant preuve d\u2019une grande libert\u00e9 de jugement sur les \u00e9v\u00e9nements et d\u2019une force \u00e9motionnelle saisissante. Il sait \u00e9voquer, dans une langue remarquable, l\u2019effroi, la douleur, les haines autant que l\u2019amiti\u00e9, la fraternit\u00e9 et l\u2019amour de la terre natale et des siens. Il s\u2019agit l\u00e0 incontestablement de l\u2019une des \u0153uvres majeures de la litt\u00e9rature occitane de Gascogne du d\u00e9but du XX\u00e8me si\u00e8cle.<\/p>\n","protected":false},"excerpt":{"rendered":"<p>Edouard Moulia, imprimeur et journaliste \u00e0 Orthez, apporte dans cet ouvrage un t\u00e9moignage exceptionnel sur la guerre de 1914-1918, faisant preuve d\u2019une grande libert\u00e9 de jugement sur les \u00e9v\u00e9nements et d\u2019une force \u00e9motionnelle saisissante. Il sait \u00e9voquer, dans une langue remarquable, l\u2019effroi, la douleur, les haines autant que l\u2019amiti\u00e9, la fraternit\u00e9 et l\u2019amour de la [&hellip;]<\/p>\n","protected":false},"featured_media":61444,"template":"","meta":{"_acf_changed":false,"_genesis_hide_title":false,"_genesis_hide_breadcrumbs":false,"_genesis_hide_singular_image":false,"_genesis_hide_footer_widgets":false,"_genesis_custom_body_class":"","_genesis_custom_post_class":"","_genesis_layout":""},"product_brand":[],"product_cat":[7132,7174,7182],"product_tag":[],"class_list":{"0":"post-61441","1":"product","2":"type-product","3":"status-publish","4":"has-post-thumbnail","6":"product_cat-books","7":"product_cat-literature-en","8":"product_cat-novels-short-stories-en","9":"pa_auteur-moliar-edoard-en","10":"pa_editeur-per-noste-en","11":"pa_langue-occitan-en","12":"pa_langue-occitan-gascon-en","13":"entry","15":"first","16":"instock","17":"shipping-taxable","18":"purchasable","19":"product-type-simple"},"acf":[],"_links":{"self":[{"href":"https:\/\/www.libraria-occitana.org\/en\/wp-json\/wp\/v2\/product\/61441","targetHints":{"allow":["GET"]}}],"collection":[{"href":"https:\/\/www.libraria-occitana.org\/en\/wp-json\/wp\/v2\/product"}],"about":[{"href":"https:\/\/www.libraria-occitana.org\/en\/wp-json\/wp\/v2\/types\/product"}],"wp:featuredmedia":[{"embeddable":true,"href":"https:\/\/www.libraria-occitana.org\/en\/wp-json\/wp\/v2\/media\/61444"}],"wp:attachment":[{"href":"https:\/\/www.libraria-occitana.org\/en\/wp-json\/wp\/v2\/media?parent=61441"}],"wp:term":[{"taxonomy":"product_brand","embeddable":true,"href":"https:\/\/www.libraria-occitana.org\/en\/wp-json\/wp\/v2\/product_brand?post=61441"},{"taxonomy":"product_cat","embeddable":true,"href":"https:\/\/www.libraria-occitana.org\/en\/wp-json\/wp\/v2\/product_cat?post=61441"},{"taxonomy":"product_tag","embeddable":true,"href":"https:\/\/www.libraria-occitana.org\/en\/wp-json\/wp\/v2\/product_tag?post=61441"}],"curies":[{"name":"wp","href":"https:\/\/api.w.org\/{rel}","templated":true}]}}