{"id":61447,"date":"2025-02-28T18:06:40","date_gmt":"2025-02-28T17:06:40","guid":{"rendered":"http:\/\/www.libraria-occitana.org\/?post_type=product&#038;p=61447"},"modified":"2026-04-29T01:56:38","modified_gmt":"2026-04-28T23:56:38","slug":"parle-a-un-poble-eric-fraj-canta-robert-lafont","status":"publish","type":"product","link":"https:\/\/www.libraria-occitana.org\/en\/product\/parle-a-un-poble-eric-fraj-canta-robert-lafont\/","title":{"rendered":"Parle a un p\u00f2ble : Eric Fraj canta Rob\u00e8rt Lafont"},"content":{"rendered":"<p>Omenatge a Rob\u00e8rt Lafont<\/p>\n<p>Po\u00e8mas de Rob\u00e8rt Lafont &#8211; Composicions d&#8217;Eric Fraj<br \/>\n<strong>Eric Fraj :<\/strong> Cant e guitarra<br \/>\n<strong>Morgan Astruc :<\/strong> Guitarra e palmas<br \/>\n<strong>Tim Tchang :<\/strong> Percussions<br \/>\n<strong>Sarah Fraj :<\/strong> Votz<br \/>\n<strong>Esther Fraj :<\/strong> Violon<br \/>\n<strong>Mingo Josserand :<\/strong> Presa de son, mixatge, produccion addicionala, petitas percussions, bassa<\/p>\n<p><strong>Titres :<\/strong><br \/>\n1. Parle a un p\u00f2ble&#8230; 1&#8217;09<br \/>\n2. Sota la r\u00f2ca de Gachona 3&#8217;24<br \/>\n3. Ai termes dau monde i a 2&#8217;38<br \/>\n4. Miga&#8230; 3&#8217;55<br \/>\n5. Lei Corsaris d&#8217;Agde negra 2&#8217;28<br \/>\n6. Auba 3&#8217;44<br \/>\n7. L&#8217;arc copat de l&#8217;olivier 3&#8217;32<br \/>\n8. Aquest trauc de fremin dedins l&#8217;aire 6&#8217;00<br \/>\n9. Entre morir sempre renaisse san 3&#8217;32<br \/>\n10. Aigas-M\u00f2rtas dins lo soleu 1&#8217;38<br \/>\n11. Soleus verds&#8230; 3&#8217;36<br \/>\n12. Bassas lei velas 3&#8217;00<br \/>\n13. La p\u00e8ca de ma maire 2&#8217;15<br \/>\n14. Dins la vila rossa 2&#8217;27<br \/>\n15. Cat\u00f2rze de julh 3&#8217;06<br \/>\n16. D&#8217;ab\u00f2rd que naisseriam&#8230; 3&#8217;41<\/p>\n","protected":false},"excerpt":{"rendered":"<p>Omenatge a Rob\u00e8rt Lafont Po\u00e8mas de Rob\u00e8rt Lafont &#8211; Composicions d&#8217;Eric Fraj Eric Fraj : Cant e guitarra Morgan Astruc : Guitarra e palmas Tim Tchang : Percussions Sarah Fraj : Votz Esther Fraj : Violon Mingo Josserand : Presa de son, mixatge, produccion addicionala, petitas percussions, bassa Titres : 1. Parle a un p\u00f2ble&#8230; [&hellip;]<\/p>\n","protected":false},"featured_media":61450,"template":"","meta":{"_acf_changed":false,"_genesis_hide_title":false,"_genesis_hide_breadcrumbs":false,"_genesis_hide_singular_image":false,"_genesis_hide_footer_widgets":false,"_genesis_custom_body_class":"","_genesis_custom_post_class":"","_genesis_layout":""},"product_brand":[],"product_cat":[7132,7174,7190,7180,7192],"product_tag":[],"class_list":{"0":"post-61447","1":"product","2":"type-product","3":"status-publish","4":"has-post-thumbnail","6":"product_cat-books","7":"product_cat-literature-en","8":"product_cat-music-dances-en","9":"product_cat-poetry-en","10":"product_cat-scores-lyrics-en","11":"pa_auteur-fraj-eric-en","12":"pa_editeur-troba-vox-en","13":"pa_illustrateur-lafont-robert-en","14":"pa_langue-occitan-provencau-en","15":"pa_langue-occitan-francais-en","16":"entry","18":"first","19":"instock","20":"shipping-taxable","21":"purchasable","22":"product-type-simple"},"acf":[],"_links":{"self":[{"href":"https:\/\/www.libraria-occitana.org\/en\/wp-json\/wp\/v2\/product\/61447","targetHints":{"allow":["GET"]}}],"collection":[{"href":"https:\/\/www.libraria-occitana.org\/en\/wp-json\/wp\/v2\/product"}],"about":[{"href":"https:\/\/www.libraria-occitana.org\/en\/wp-json\/wp\/v2\/types\/product"}],"wp:featuredmedia":[{"embeddable":true,"href":"https:\/\/www.libraria-occitana.org\/en\/wp-json\/wp\/v2\/media\/61450"}],"wp:attachment":[{"href":"https:\/\/www.libraria-occitana.org\/en\/wp-json\/wp\/v2\/media?parent=61447"}],"wp:term":[{"taxonomy":"product_brand","embeddable":true,"href":"https:\/\/www.libraria-occitana.org\/en\/wp-json\/wp\/v2\/product_brand?post=61447"},{"taxonomy":"product_cat","embeddable":true,"href":"https:\/\/www.libraria-occitana.org\/en\/wp-json\/wp\/v2\/product_cat?post=61447"},{"taxonomy":"product_tag","embeddable":true,"href":"https:\/\/www.libraria-occitana.org\/en\/wp-json\/wp\/v2\/product_tag?post=61447"}],"curies":[{"name":"wp","href":"https:\/\/api.w.org\/{rel}","templated":true}]}}