{"id":61454,"date":"2025-02-28T18:33:00","date_gmt":"2025-02-28T17:33:00","guid":{"rendered":"http:\/\/www.libraria-occitana.org\/?post_type=product&#038;p=61454"},"modified":"2026-04-29T01:56:35","modified_gmt":"2026-04-28T23:56:35","slug":"ligams-tolosa-trobadors-trobar-xiien-xiiien-s-antologia-tolosana-del-trobar-medieval","status":"publish","type":"product","link":"https:\/\/www.libraria-occitana.org\/en\/product\/ligams-tolosa-trobadors-trobar-xiien-xiiien-s-antologia-tolosana-del-trobar-medieval\/","title":{"rendered":"Ligams, Tolosa &#8211; Trobadors &#8211; Trobar XIIen &#8211; XIIIen s. : Antologia tolosana del trobar medieval"},"content":{"rendered":"<p>Aux XII\u00e8me et XIII\u00e8me si\u00e8cles, la cour des comtes de Toulouse est en effervescence d\u2019id\u00e9es, d\u2019\u00e9crits et de chants. Autour de Raimon VI se c\u00f4toient des po\u00e8tes-musiciens renomm\u00e9s qui chantent de maintes couleurs les liens qui les unissent dans l\u2019<em>Art de Trobar<\/em> et <em>Cortezia<\/em>. Parmi eux, le troubadour Folquet de Marselha devenu \u00e9v\u00eaque-inquisiteur.<\/p>\n<p>\u00c0 Toulouse o\u00f9, depuis le Lauragais viennent pr\u00eacher les <em>Bons Crestians<\/em>, Boulgres, Bons Hommes, <em>Eretges<\/em>, le destin du trobar et l\u2019avenir de la culture occitane se jouent sur le plan politique et po\u00e9tique. En t\u00e9moignent biographes, historiographes et les chansons de Peire Vidal, Aimeric de Peguilhan, Raimon de Miraval, Guilhem Montanhagol, Peire Cardenal ou Guilhem Figueira qui esp\u00e8rent pouvoir retrouver <em>Joi e Trobar<\/em> qu\u2019ils ont perdus.<\/p>\n<p>Guilhem de Tudela et l\u2019Anonyme, auteurs de la <em>Gesta letrada<\/em> de plus de 9500 vers, <em>Canso de la Crozada contr\u2019els eretges d\u2019Albiges<\/em>, d\u00e9noncent la terrible invasion militaire men\u00e9e par Simon de Montfort et le roi de France avec l\u2019appui du Pape et de l\u2019\u00c9glise de Rome.<\/p>\n<p>\u00c0 Toulouse, en 1323, la <em>Sobregaya Companhia dels VII Trobadors de Tolosa<\/em> institue le <em>Consist\u00f2ri del Gai Saber<\/em> dans le but de continuer l\u2019art lyrique des troubadours.<\/p>\n","protected":false},"excerpt":{"rendered":"<p>Aux XII\u00e8me et XIII\u00e8me si\u00e8cles, la cour des comtes de Toulouse est en effervescence d\u2019id\u00e9es, d\u2019\u00e9crits et de chants. Autour de Raimon VI se c\u00f4toient des po\u00e8tes-musiciens renomm\u00e9s qui chantent de maintes couleurs les liens qui les unissent dans l\u2019Art de Trobar et Cortezia. Parmi eux, le troubadour Folquet de Marselha devenu \u00e9v\u00eaque-inquisiteur. \u00c0 Toulouse [&hellip;]<\/p>\n","protected":false},"featured_media":61457,"template":"","meta":{"_acf_changed":false,"_genesis_hide_title":false,"_genesis_hide_breadcrumbs":false,"_genesis_hide_singular_image":false,"_genesis_hide_footer_widgets":false,"_genesis_custom_body_class":"","_genesis_custom_post_class":"","_genesis_layout":""},"product_brand":[],"product_cat":[7188,7132,7174,7190,7180,7192],"product_tag":[],"class_list":{"0":"post-61454","1":"product","2":"type-product","3":"status-publish","4":"has-post-thumbnail","6":"product_cat-arts-studies-en","7":"product_cat-books","8":"product_cat-literature-en","9":"product_cat-music-dances-en","10":"product_cat-poetry-en","11":"product_cat-scores-lyrics-en","12":"pa_auteur-zuchetto-gerard-en","13":"pa_editeur-troba-vox-en","14":"pa_langue-occitan-medievau-en","15":"pa_langue-occitan-francais-en","16":"entry","18":"first","19":"instock","20":"shipping-taxable","21":"purchasable","22":"product-type-simple"},"acf":[],"_links":{"self":[{"href":"https:\/\/www.libraria-occitana.org\/en\/wp-json\/wp\/v2\/product\/61454","targetHints":{"allow":["GET"]}}],"collection":[{"href":"https:\/\/www.libraria-occitana.org\/en\/wp-json\/wp\/v2\/product"}],"about":[{"href":"https:\/\/www.libraria-occitana.org\/en\/wp-json\/wp\/v2\/types\/product"}],"wp:featuredmedia":[{"embeddable":true,"href":"https:\/\/www.libraria-occitana.org\/en\/wp-json\/wp\/v2\/media\/61457"}],"wp:attachment":[{"href":"https:\/\/www.libraria-occitana.org\/en\/wp-json\/wp\/v2\/media?parent=61454"}],"wp:term":[{"taxonomy":"product_brand","embeddable":true,"href":"https:\/\/www.libraria-occitana.org\/en\/wp-json\/wp\/v2\/product_brand?post=61454"},{"taxonomy":"product_cat","embeddable":true,"href":"https:\/\/www.libraria-occitana.org\/en\/wp-json\/wp\/v2\/product_cat?post=61454"},{"taxonomy":"product_tag","embeddable":true,"href":"https:\/\/www.libraria-occitana.org\/en\/wp-json\/wp\/v2\/product_tag?post=61454"}],"curies":[{"name":"wp","href":"https:\/\/api.w.org\/{rel}","templated":true}]}}