{"id":61491,"date":"2025-03-10T17:43:28","date_gmt":"2025-03-10T16:43:28","guid":{"rendered":"http:\/\/www.libraria-occitana.org\/?post_type=product&#038;p=61491"},"modified":"2026-04-25T05:32:03","modified_gmt":"2026-04-25T03:32:03","slug":"bosc-vinyle","status":"publish","type":"product","link":"https:\/\/www.libraria-occitana.org\/en\/product\/bosc-vinyle\/","title":{"rendered":"B\u00f2sc (Vinyle)"},"content":{"rendered":"<p><strong>Marthe Tourret :<\/strong> Violons, chant, pieds<br \/>\n<strong>Lis\u00e0 Langlois-Garrigue :<\/strong> Chant, ttun-ttun<br \/>\n<strong>Mathilde Spini :<\/strong> Cabrette, boha, chant<br \/>\n<strong>Elisa Trebouville :<\/strong> Banjo, requinto, fifres, chant<br \/>\n<strong>No\u00ebllie Nioulou :<\/strong> Violons, viole de gambe, chant<\/p>\n<p>B\u00f2sc est le fruit d\u2019une rencontre autour d\u2019un territoire et de ses bordures.<br \/>\n\u00c0 partir d\u2019un ancrage dans les musiques dites traditionnelles des domaines fran\u00e7ais et occitan, les cinq musiciennes proposent une musique construite \u00e0 partir de chants du sud du Massif Central (Quercy, Rouergue, Cantal), y confrontant d\u2019autres processus de compositions et de cr\u00e9ation, issus notamment des musiques contemporaines, exp\u00e9rimentales ou baroques.<\/p>\n<p>B\u00f2sc est le premier projet collectif de La Crue, un collectif \/ artistique en mixit\u00e9 choisie \/ d\u2019artistes-musiciennes construit sur une r\u00e9flexion \u00e0 propos de possibles croisements esth\u00e9tiques et artistiques dans une pratique actuelle des musiques dites \u2018traditionnelles\u2019.<\/p>\n<p><strong>Titres :<\/strong><br \/>\n<strong>Face A<\/strong><br \/>\nPr\u00e9lude 0&#8217;30<br \/>\nLabastida 9&#8217;30<br \/>\nL&#8217;Erb\u00e0 d&#8217;Amor 8&#8217;41<\/p>\n<p><strong>Face B<\/strong><br \/>\nAl B\u00f2sc d&#8217;Anglars 2&#8217;38<br \/>\nLa Berg\u00e8re 6&#8217;42<br \/>\nBourr\u00e9es \u00e0 Vermerie 2&#8217;01<br \/>\nAval Aval 7&#8217;08<\/p>\n","protected":false},"excerpt":{"rendered":"<p>Marthe Tourret : Violons, chant, pieds Lis\u00e0 Langlois-Garrigue : Chant, ttun-ttun Mathilde Spini : Cabrette, boha, chant Elisa Trebouville : Banjo, requinto, fifres, chant No\u00ebllie Nioulou : Violons, viole de gambe, chant B\u00f2sc est le fruit d\u2019une rencontre autour d\u2019un territoire et de ses bordures. \u00c0 partir d\u2019un ancrage dans les musiques dites traditionnelles des [&hellip;]<\/p>\n","protected":false},"featured_media":61494,"template":"","meta":{"_acf_changed":false,"_genesis_hide_title":false,"_genesis_hide_breadcrumbs":false,"_genesis_hide_singular_image":false,"_genesis_hide_footer_widgets":false,"_genesis_custom_body_class":"","_genesis_custom_post_class":"","_genesis_layout":""},"product_brand":[],"product_cat":[7228,7216],"product_tag":[],"class_list":{"0":"post-61491","1":"product","2":"type-product","3":"status-publish","4":"has-post-thumbnail","6":"product_cat-modern-folk-en","7":"product_cat-music-en","8":"pa_auteur-bosc-en","9":"pa_editeur-animal-biscuit-en","10":"pa_editeur-pagans-en","11":"pa_editeur-permafrost-en","12":"pa_langue-francais-en","13":"pa_langue-occitan-en","14":"pa_langue-occitan-lengadocian-en","15":"entry","17":"first","18":"instock","19":"shipping-taxable","20":"purchasable","21":"product-type-simple"},"acf":[],"_links":{"self":[{"href":"https:\/\/www.libraria-occitana.org\/en\/wp-json\/wp\/v2\/product\/61491","targetHints":{"allow":["GET"]}}],"collection":[{"href":"https:\/\/www.libraria-occitana.org\/en\/wp-json\/wp\/v2\/product"}],"about":[{"href":"https:\/\/www.libraria-occitana.org\/en\/wp-json\/wp\/v2\/types\/product"}],"wp:featuredmedia":[{"embeddable":true,"href":"https:\/\/www.libraria-occitana.org\/en\/wp-json\/wp\/v2\/media\/61494"}],"wp:attachment":[{"href":"https:\/\/www.libraria-occitana.org\/en\/wp-json\/wp\/v2\/media?parent=61491"}],"wp:term":[{"taxonomy":"product_brand","embeddable":true,"href":"https:\/\/www.libraria-occitana.org\/en\/wp-json\/wp\/v2\/product_brand?post=61491"},{"taxonomy":"product_cat","embeddable":true,"href":"https:\/\/www.libraria-occitana.org\/en\/wp-json\/wp\/v2\/product_cat?post=61491"},{"taxonomy":"product_tag","embeddable":true,"href":"https:\/\/www.libraria-occitana.org\/en\/wp-json\/wp\/v2\/product_tag?post=61491"}],"curies":[{"name":"wp","href":"https:\/\/api.w.org\/{rel}","templated":true}]}}