{"id":61500,"date":"2025-03-10T20:24:29","date_gmt":"2025-03-10T19:24:29","guid":{"rendered":"http:\/\/www.libraria-occitana.org\/product\/den-haut\/"},"modified":"2026-04-18T20:01:27","modified_gmt":"2026-04-18T18:01:27","slug":"den-haut","status":"publish","type":"product","link":"https:\/\/www.libraria-occitana.org\/en\/product\/den-haut\/","title":{"rendered":"D&#8217;en haut"},"content":{"rendered":"<p><strong>Thomas Baudoin :<\/strong> Voix, tambourins \u00e0 cordes, shruti box, percussions<br \/>\n<strong>Romain Colautti :<\/strong> Voix, contrebasse, tambourins \u00e0 cordes, bo\u00eete \u00e0 bourdons, boha, percussions<\/p>\n<p>\u00ab D&#8217;en haut les c\u0153urs, musique qui carbure \u00e0 l&#8217;essence patrimoniale non raffin\u00e9, mais un peu quand m\u00eame. On a pens\u00e9 \u00e0 vous en faisant cette musique, un peu quand m\u00eame, on esp\u00e8re que \u00e7a vous plaira. Album de la majeurit\u00e9 diront certains, deuxi\u00e8me jeunesse diront les autres, deuxi\u00e8me album quoi qu&#8217;il en soit, le plus spirituel en tout cas, \u00e7a parle d&#8217;amour globalement. \u00bb<\/p>\n<p><strong>Titres :<\/strong><br \/>\n1. Au Paradis 6&#8217;57<br \/>\n2. Quan \u00e8ri joen pastor 4&#8217;41<br \/>\n3. Dans N&#8217;haux 2&#8217;30<br \/>\n4. L&#8217;ors Dominique 5&#8217;20<br \/>\n5. A malaja la bugada 5&#8217;46<br \/>\n6. Dans N&#8217;haux 1&#8217;19<br \/>\n7. Lo pair de la n\u00f2via 4&#8217;32<br \/>\n8. Dens la cap\u00e8ra 10&#8217;43<br \/>\n9. Dans N&#8217;haux 2&#8217;30<br \/>\n10. Mainadona 4&#8217;18<br \/>\n11. Hilh\u00f2ta de del\u00e0 l&#8217;aiga 7&#8217;57<\/p>\n","protected":false},"excerpt":{"rendered":"<p>Thomas Baudoin : Voix, tambourins \u00e0 cordes, shruti box, percussions Romain Colautti : Voix, contrebasse, tambourins \u00e0 cordes, bo\u00eete \u00e0 bourdons, boha, percussions \u00ab D&#8217;en haut les c\u0153urs, musique qui carbure \u00e0 l&#8217;essence patrimoniale non raffin\u00e9, mais un peu quand m\u00eame. On a pens\u00e9 \u00e0 vous en faisant cette musique, un peu quand m\u00eame, on [&hellip;]<\/p>\n","protected":false},"featured_media":61498,"template":"","meta":{"_acf_changed":false,"_genesis_hide_title":false,"_genesis_hide_breadcrumbs":false,"_genesis_hide_singular_image":false,"_genesis_hide_footer_widgets":false,"_genesis_custom_body_class":"","_genesis_custom_post_class":"","_genesis_layout":""},"product_brand":[],"product_cat":[7228,7216],"product_tag":[],"class_list":{"0":"post-61500","1":"product","2":"type-product","3":"status-publish","4":"has-post-thumbnail","6":"product_cat-modern-folk-en","7":"product_cat-music-en","8":"pa_auteur-den-haut-en","9":"pa_editeur-pagans-en","10":"pa_langue-occitan-en","11":"pa_langue-occitan-gascon-en","12":"entry","14":"first","15":"instock","16":"shipping-taxable","17":"purchasable","18":"product-type-simple"},"acf":[],"_links":{"self":[{"href":"https:\/\/www.libraria-occitana.org\/en\/wp-json\/wp\/v2\/product\/61500","targetHints":{"allow":["GET"]}}],"collection":[{"href":"https:\/\/www.libraria-occitana.org\/en\/wp-json\/wp\/v2\/product"}],"about":[{"href":"https:\/\/www.libraria-occitana.org\/en\/wp-json\/wp\/v2\/types\/product"}],"wp:featuredmedia":[{"embeddable":true,"href":"https:\/\/www.libraria-occitana.org\/en\/wp-json\/wp\/v2\/media\/61498"}],"wp:attachment":[{"href":"https:\/\/www.libraria-occitana.org\/en\/wp-json\/wp\/v2\/media?parent=61500"}],"wp:term":[{"taxonomy":"product_brand","embeddable":true,"href":"https:\/\/www.libraria-occitana.org\/en\/wp-json\/wp\/v2\/product_brand?post=61500"},{"taxonomy":"product_cat","embeddable":true,"href":"https:\/\/www.libraria-occitana.org\/en\/wp-json\/wp\/v2\/product_cat?post=61500"},{"taxonomy":"product_tag","embeddable":true,"href":"https:\/\/www.libraria-occitana.org\/en\/wp-json\/wp\/v2\/product_tag?post=61500"}],"curies":[{"name":"wp","href":"https:\/\/api.w.org\/{rel}","templated":true}]}}