{"id":61567,"date":"2025-03-19T18:37:26","date_gmt":"2025-03-19T17:37:26","guid":{"rendered":"http:\/\/www.libraria-occitana.org\/product\/flora-illustrada-de-la-mar-al-mont\/"},"modified":"2026-04-29T10:21:14","modified_gmt":"2026-04-29T08:21:14","slug":"flora-illustrada-de-la-mar-al-mont","status":"publish","type":"product","link":"https:\/\/www.libraria-occitana.org\/en\/product\/flora-illustrada-de-la-mar-al-mont\/","title":{"rendered":"Fl\u00f2ra illustrada : De la mar al mont"},"content":{"rendered":"<p>Cette flore se veut une initiation \u00e0 la reconnaissance des plantes les plus communes, de la mer \u00e0 la montagne, que tout occitan se devrait de conna\u00eetre pour se r\u00e9approprier son environnement, soit au total 460 plantes illustr\u00e9es par 600 photographies.<\/p>\n<p>Elle donne les noms occitans (en proven\u00e7al et en languedocien) les plus r\u00e9pandus et les plus norm\u00e9s, pour aider un enseignement qui ne peut pas \u00e9grener pour chaque plante la collection de noms attribu\u00e9s \u00e0 chacune.<br \/>\nPour un acc\u00e8s le plus p\u00e9dagogique possible, pour les novices et apprenants, les plantes sont class\u00e9es par milieu (la dune, les marais, la for\u00eat de ch\u00eanes verts, la montagne, les lieux humides, les sols calcaires et siliceux, les vieux murs, etc.), par couleurs pour les herbes fleuries de chaque milieu, par caract\u00e8re distinctif (gramin\u00e9es, lianes, chardons, plantes aromatiques, plantes parasites, plantes comestibles).<\/p>\n<p>Des informations scientifiques (famille botanique, nom du fruit, date de floraison) et ethnobotaniques viennent compl\u00e9ter la description de chaque plante ainsi que les noms donn\u00e9s \u00e0 un ensemble (bois, for\u00eat) en rapport direct avec les toponymes.<\/p>\n<p>La flore illustr\u00e9e est pr\u00e9c\u00e9d\u00e9e d\u2019un lexique \u00e9l\u00e9mentaire de botanique souvent impr\u00e9cis dans les lexiques g\u00e9n\u00e9raux et elle est suivie de trois index fran\u00e7ais-occitan-latin.<\/p>\n","protected":false},"excerpt":{"rendered":"<p>Cette flore se veut une initiation \u00e0 la reconnaissance des plantes les plus communes, de la mer \u00e0 la montagne, que tout occitan se devrait de conna\u00eetre pour se r\u00e9approprier son environnement, soit au total 460 plantes illustr\u00e9es par 600 photographies. Elle donne les noms occitans (en proven\u00e7al et en languedocien) les plus r\u00e9pandus et [&hellip;]<\/p>\n","protected":false},"featured_media":61564,"template":"","meta":{"_acf_changed":false,"_genesis_hide_title":false,"_genesis_hide_breadcrumbs":false,"_genesis_hide_singular_image":false,"_genesis_hide_footer_widgets":false,"_genesis_custom_body_class":"","_genesis_custom_post_class":"","_genesis_layout":""},"product_brand":[],"product_cat":[7132,7200,7196],"product_tag":[],"class_list":{"0":"post-61567","1":"product","2":"type-product","3":"status-publish","4":"has-post-thumbnail","6":"product_cat-books","7":"product_cat-nature-gardening-en","8":"product_cat-nature-tourism-en","9":"pa_auteur-ubaud-josiana-en","10":"pa_editeur-letras-doc-en","11":"pa_langue-francais-en","12":"pa_langue-occitan-en","13":"pa_langue-occitan-lengadocian-en","14":"pa_langue-occitan-provencau-en","15":"entry","17":"first","18":"instock","19":"shipping-taxable","20":"purchasable","21":"product-type-simple"},"acf":[],"_links":{"self":[{"href":"https:\/\/www.libraria-occitana.org\/en\/wp-json\/wp\/v2\/product\/61567","targetHints":{"allow":["GET"]}}],"collection":[{"href":"https:\/\/www.libraria-occitana.org\/en\/wp-json\/wp\/v2\/product"}],"about":[{"href":"https:\/\/www.libraria-occitana.org\/en\/wp-json\/wp\/v2\/types\/product"}],"wp:featuredmedia":[{"embeddable":true,"href":"https:\/\/www.libraria-occitana.org\/en\/wp-json\/wp\/v2\/media\/61564"}],"wp:attachment":[{"href":"https:\/\/www.libraria-occitana.org\/en\/wp-json\/wp\/v2\/media?parent=61567"}],"wp:term":[{"taxonomy":"product_brand","embeddable":true,"href":"https:\/\/www.libraria-occitana.org\/en\/wp-json\/wp\/v2\/product_brand?post=61567"},{"taxonomy":"product_cat","embeddable":true,"href":"https:\/\/www.libraria-occitana.org\/en\/wp-json\/wp\/v2\/product_cat?post=61567"},{"taxonomy":"product_tag","embeddable":true,"href":"https:\/\/www.libraria-occitana.org\/en\/wp-json\/wp\/v2\/product_tag?post=61567"}],"curies":[{"name":"wp","href":"https:\/\/api.w.org\/{rel}","templated":true}]}}